{"id":182,"date":"2017-08-13T16:47:54","date_gmt":"2017-08-13T13:47:54","guid":{"rendered":"http:\/\/aianduskool.ee\/toalilled\/?page_id=182"},"modified":"2017-08-13T16:47:54","modified_gmt":"2017-08-13T13:47:54","slug":"ohustamine","status":"publish","type":"page","link":"https:\/\/aianduskool.ee\/toalilled\/oppematerjalid\/teema-2-toataimede-hooldusvotted\/ohustamine\/","title":{"rendered":"\u00d5hustamine"},"content":{"rendered":"<p><span style=\"color: #000000;\">Taimed vajavad normaalseks elutegevuseks \u00f5hku. \u00d5hku vajavad toataimed nii fotos\u00fcnteesiks kui ka hingamisprotsessiks. Fotos\u00fcnteesi protsessiks omastavad taimed \u00f5hust s\u00fcsihappegaasi, eraldub hapnik. Hingamiseks vajab taim hapnikku. Valguses toimuvad nii fotos\u00fcntees kui ka hingamine &#8211; \u00fclekaalus on fotos\u00fcnteeiprotsess. Pimedas (\u00f6\u00f6sel) fotos\u00fcnteesiprotsess lakkab, hingamine aga j\u00e4tkub.<\/span><\/p>\n<div id=\"attachment_187\" style=\"width: 610px\" class=\"wp-caption alignnone\"><a href=\"http:\/\/aianduskool.ee\/toalilled\/wp-content\/uploads\/2017\/08\/fotosyntees.png\"><img loading=\"lazy\" decoding=\"async\" aria-describedby=\"caption-attachment-187\" class=\"wp-image-187 size-full\" src=\"http:\/\/aianduskool.ee\/toalilled\/wp-content\/uploads\/2017\/08\/fotosyntees.png\" alt=\"\" width=\"600\" height=\"350\" srcset=\"https:\/\/aianduskool.ee\/toalilled\/wp-content\/uploads\/2017\/08\/fotosyntees.png 600w, https:\/\/aianduskool.ee\/toalilled\/wp-content\/uploads\/2017\/08\/fotosyntees-300x175.png 300w\" sizes=\"auto, (max-width: 600px) 100vw, 600px\" \/><\/a><p id=\"caption-attachment-187\" class=\"wp-caption-text\">Fotos\u00fcnteesiprotsess. Allikas: http:\/\/www.ducksters.com\/science\/photosynthesis.php<\/p><\/div>\n<p><span style=\"color: #000000;\">Nii fotos\u00fcnteesi- kui ka hingamisprotsessi paremaks toimimiseks tasub ruume tuulutada. Juurte \u00f5hustamiseks v\u00f5ib kasutada puupulka, millega potis oleva mulla pealispinda kobestatakse. Potis oleva mulla pealispinna kobestamine on vajalik, sest pikeamaajaliselt vajub muld potis kokku (tiheneb kastmise toimel) ning \u00f5hu hulk mullas v\u00e4heneb. Meeles tasub pidada sedagi, et h\u00e4sti \u00f5hustatud muld hoiab paremini ka niiskust. H\u00e4sti \u00f5hustatud mullast omastavad taimed paremini vett ja toitaineid.\u00a0<\/span><\/p>\n<p><span style=\"color: #000000;\">Ruumide tuulutamisel tuleb arvestada toataimede tuulet\u00f5mbuse taluvusega. Tuulet\u00f5mbust ei talu n\u00e4iteks abuutilon, aglaoneema, Andr\u00e9 flamingolill, pesa-raunjalg, begooniad, vahemere alpikann jt.\u00a0<\/span><\/p>\n<p><span style=\"color: #000000;\">Kindlasti ei tohiks ruumis, kus on toataimed, suitsetada. Eriti tundlikud on suitsetamise suhtes \u00f5itsvad taimed. Juba v\u00e4ikese nikotiinisisalduse t\u00f5ttu \u00f5hus, v\u00f5ivad taimelt \u00f5ied \u00e4ra kukkuda. Nikotiinikahjustuse korral muutuvad taimede lehed kahvaturoheliseks, samuti<\/span> <span style=\"color: #000000;\">esineb leheroodude vahel pruune laike.<\/span><\/p>\n","protected":false},"excerpt":{"rendered":"<p>Taimed vajavad normaalseks elutegevuseks \u00f5hku. \u00d5hku vajavad toataimed nii fotos\u00fcnteesiks kui ka hingamisprotsessiks. Fotos\u00fcnteesi protsessiks omastavad taimed \u00f5hust s\u00fcsihappegaasi, eraldub hapnik. Hingamiseks vajab taim hapnikku. Valguses toimuvad nii fotos\u00fcntees kui ka hingamine &#8211; \u00fclekaalus on fotos\u00fcnteeiprotsess. Pimedas (\u00f6\u00f6sel) fotos\u00fcnteesiprotsess lakkab, hingamine aga j\u00e4tkub. Nii fotos\u00fcnteesi- kui ka hingamisprotsessi paremaks toimimiseks tasub ruume tuulutada. Juurte \u00f5hustamiseks [&hellip;]<\/p>\n","protected":false},"author":2,"featured_media":0,"parent":153,"menu_order":0,"comment_status":"closed","ping_status":"closed","template":"","meta":{"footnotes":""},"class_list":["post-182","page","type-page","status-publish","hentry"],"_links":{"self":[{"href":"https:\/\/aianduskool.ee\/toalilled\/wp-json\/wp\/v2\/pages\/182","targetHints":{"allow":["GET"]}}],"collection":[{"href":"https:\/\/aianduskool.ee\/toalilled\/wp-json\/wp\/v2\/pages"}],"about":[{"href":"https:\/\/aianduskool.ee\/toalilled\/wp-json\/wp\/v2\/types\/page"}],"author":[{"embeddable":true,"href":"https:\/\/aianduskool.ee\/toalilled\/wp-json\/wp\/v2\/users\/2"}],"replies":[{"embeddable":true,"href":"https:\/\/aianduskool.ee\/toalilled\/wp-json\/wp\/v2\/comments?post=182"}],"version-history":[{"count":5,"href":"https:\/\/aianduskool.ee\/toalilled\/wp-json\/wp\/v2\/pages\/182\/revisions"}],"predecessor-version":[{"id":189,"href":"https:\/\/aianduskool.ee\/toalilled\/wp-json\/wp\/v2\/pages\/182\/revisions\/189"}],"up":[{"embeddable":true,"href":"https:\/\/aianduskool.ee\/toalilled\/wp-json\/wp\/v2\/pages\/153"}],"wp:attachment":[{"href":"https:\/\/aianduskool.ee\/toalilled\/wp-json\/wp\/v2\/media?parent=182"}],"curies":[{"name":"wp","href":"https:\/\/api.w.org\/{rel}","templated":true}]}}