{"id":330,"date":"2018-08-17T16:32:04","date_gmt":"2018-08-17T13:32:04","guid":{"rendered":"http:\/\/aianduskool.ee\/toalilled\/?page_id=330"},"modified":"2018-08-17T16:34:18","modified_gmt":"2018-08-17T13:34:18","slug":"kahjustajad","status":"publish","type":"page","link":"https:\/\/aianduskool.ee\/toalilled\/oppematerjalid\/teema-2-toataimede-hooldusvotted\/kahjustajad\/","title":{"rendered":"Kahjustajad, taimekaitse"},"content":{"rendered":"<p><span style=\"color: #333333;\">Taimed, kes kasvavad\u00a0sobilikes, optimaalsetes tingimustes haigusi ja kahjureid ei esine v\u00f5i eineb v\u00e4ga harva. Eba\u00f5iged kasvutingimused ja hooldusre\u017eiim v\u00f5ivad aga p\u00f5hjustada mitmesuguseid nn mitteparasiitseid kahjustusi. Samuti muutuvad ebasoodsates kasvutingimustes taimed vastuv\u00f5tlikuks mitmesugustele haigustele ja kahjuritele. Nii kahjurid kui ka haigused v\u00f5idakse ruumi kaasa tuua uue taimega (kauplusest, ka l\u00f5ikelilledega), nad v\u00f5ivad ruumi sattuda \u00f5huvooluga. Ka hooldaja v\u00f5ib oma riiete, k\u00e4te, t\u00f6\u00f6riistade jms abil kahjustajaid ruumi tuua ning taimelt-taimele kanda. Kui taimi regulaarselt puhastatakse, eemaldatakse, h\u00e4vitatakse seejuures ka v\u00f5imalikud kahjurid ja haigustekitajad.\u00a0<\/span><\/p>\n<p><span style=\"color: #333333;\">Kui taim hakkab kiratsema ning lehed kolletuma, kuid haigustunnuseid ja kahjureid n\u00e4ha pole, tuleb p\u00f5hjust otsida potist. M\u00f5nikord v\u00f5ib taime kiratsemise p\u00f5hjuseks olla ummistunud potiauk. Sellisel juhul on takistatud \u00fcleliigse kastmisvee \u00e4ravool ning juured kannatavad liigniiskuse ja \u00f5hupuuduse all. Lisaks potiaugu puhastamisele tuleks sellisel juhul \u00fcle kontrollida ka taime juured. Liigniiskes, \u00f5huvaeses keskkonnas v\u00f5ivad juured olla m\u00e4danikest kahjustatud. Kui see on juhtunud, tuleb juured terve kohani tagasi l\u00f5igata. Taim tuleks istutada seej\u00e4rel uude, vett h\u00e4sti l\u00e4bilaskvasse substraati. Esialgu tuleb taime kasta m\u00f5\u00f5dukalt ning lehti tihti piserdada.\u00a0<\/span><\/p>\n<p><span style=\"color: #333333;\">Lehtede varisemise ja taimede kiratsemise p\u00f5hjuseks v\u00f5ib olla ka lisaks liigsele kastmisele veel n\u00e4iteks liigselt k\u00f5rge v\u00f5i madal ruumitemperatuur, eba\u00f5ige valgusre\u017eiim, liiga suur v\u00f5i ka liiga v\u00e4ike pott, vale substraat, vale \u00fcmberistutamise aeg. Eba\u00f5iged kasvutingimused v\u00f5ivad viia taime hukuni, mist\u00f5ttu kasvuh\u00e4irete v\u00e4ltimiseks ongi t\u00e4htis tunda iga taime optimaalseid kasvun\u00f5udeid.\u00a0<\/span><\/p>\n<p>Allikad ja lisalugemist:<br \/>\nRoost, V. (1973). Toalilled. Tln Valgus.<br \/>\nRoost, V. (2014). Toalilled. Tln Tammeraamat.<\/p>\n","protected":false},"excerpt":{"rendered":"<p>Taimed, kes kasvavad\u00a0sobilikes, optimaalsetes tingimustes haigusi ja kahjureid ei esine v\u00f5i eineb v\u00e4ga harva. Eba\u00f5iged kasvutingimused ja hooldusre\u017eiim v\u00f5ivad aga p\u00f5hjustada mitmesuguseid nn mitteparasiitseid kahjustusi. Samuti muutuvad ebasoodsates kasvutingimustes taimed vastuv\u00f5tlikuks mitmesugustele haigustele ja kahjuritele. Nii kahjurid kui ka haigused v\u00f5idakse ruumi kaasa tuua uue taimega (kauplusest, ka l\u00f5ikelilledega), nad v\u00f5ivad ruumi sattuda \u00f5huvooluga. Ka [&hellip;]<\/p>\n","protected":false},"author":2,"featured_media":0,"parent":153,"menu_order":0,"comment_status":"closed","ping_status":"closed","template":"","meta":{"footnotes":""},"class_list":["post-330","page","type-page","status-publish","hentry"],"_links":{"self":[{"href":"https:\/\/aianduskool.ee\/toalilled\/wp-json\/wp\/v2\/pages\/330","targetHints":{"allow":["GET"]}}],"collection":[{"href":"https:\/\/aianduskool.ee\/toalilled\/wp-json\/wp\/v2\/pages"}],"about":[{"href":"https:\/\/aianduskool.ee\/toalilled\/wp-json\/wp\/v2\/types\/page"}],"author":[{"embeddable":true,"href":"https:\/\/aianduskool.ee\/toalilled\/wp-json\/wp\/v2\/users\/2"}],"replies":[{"embeddable":true,"href":"https:\/\/aianduskool.ee\/toalilled\/wp-json\/wp\/v2\/comments?post=330"}],"version-history":[{"count":4,"href":"https:\/\/aianduskool.ee\/toalilled\/wp-json\/wp\/v2\/pages\/330\/revisions"}],"predecessor-version":[{"id":335,"href":"https:\/\/aianduskool.ee\/toalilled\/wp-json\/wp\/v2\/pages\/330\/revisions\/335"}],"up":[{"embeddable":true,"href":"https:\/\/aianduskool.ee\/toalilled\/wp-json\/wp\/v2\/pages\/153"}],"wp:attachment":[{"href":"https:\/\/aianduskool.ee\/toalilled\/wp-json\/wp\/v2\/media?parent=330"}],"curies":[{"name":"wp","href":"https:\/\/api.w.org\/{rel}","templated":true}]}}