{"id":336,"date":"2018-08-17T17:34:54","date_gmt":"2018-08-17T14:34:54","guid":{"rendered":"http:\/\/aianduskool.ee\/toalilled\/?page_id=336"},"modified":"2018-08-17T19:23:32","modified_gmt":"2018-08-17T16:23:32","slug":"punane_kedriklest","status":"publish","type":"page","link":"https:\/\/aianduskool.ee\/toalilled\/oppematerjalid\/teema-2-toataimede-hooldusvotted\/kahjustajad\/kahjurid\/punane_kedriklest\/","title":{"rendered":"Punane kedriklest"},"content":{"rendered":"<div id=\"attachment_337\" style=\"width: 310px\" class=\"wp-caption alignright\"><a href=\"http:\/\/aianduskool.ee\/toalilled\/wp-content\/uploads\/2018\/08\/4883543313_3470ed1b84_z.jpg\"><img loading=\"lazy\" decoding=\"async\" aria-describedby=\"caption-attachment-337\" class=\"wp-image-337\" src=\"http:\/\/aianduskool.ee\/toalilled\/wp-content\/uploads\/2018\/08\/4883543313_3470ed1b84_z.jpg\" alt=\"\" width=\"300\" height=\"201\" \/><\/a><p id=\"caption-attachment-337\" class=\"wp-caption-text\">Punane kedriklest. Viide autorile: Gilles San Martin. Tetranychus urticae females with egg. https:\/\/www.flickr.com\/photos\/sanmartin\/4883543313<\/p><\/div>\n<p><span style=\"color: #333333;\"><span style=\"color: #800080;\"><strong>Punane kedriklest<\/strong><\/span>\u00a0(<em>Tetranychus urticae<\/em>) on v\u00e4ikesed, 0,2-0,5mm pikkused \u00e4mblikulaadsed punase, oran\u017eid, kollased v\u00f5i rohelised putukad. Kedriklestad paljunevad kiiresti soojas ja kuivas ruumis. Kedriklestad elunevad taimelehtede (eriti noorte lehtede) alumistel k\u00fclgedel, kus moodustavad \u00f5rna valkja v\u00f5rgendi. Nad imevad taimamahla, mille tagaj\u00e4rjel muutuvad lehed esmalt t\u00e4piliseks, siis laiguliseks, hiljem \u00fcleni kollaseks ning kuivavad.\u00a0<\/span><\/p>\n<p>&nbsp;<\/p>\n<p>Punase kedriklesta arengut soodustavad:<\/p>\n<ul>\n<li>kuiv \u00f5hk (niiskus alla 60-65%) ja samaaegne k\u00f5rge temperatuur,<\/li>\n<li>tihe taimede seis,<\/li>\n<li>ebasoodsatest kavsutingimustest p\u00f5hjustatud kasvuh\u00e4ired ja n\u00f5rgad taimed.<\/li>\n<\/ul>\n<p><span style=\"color: #333333;\">Punane kedriklest kahjustab paljusid toataimi ja katmiklilli, nt luuderohi, j\u00f5ulut\u00e4ht, asalea jt.\u00a0<\/span><\/p>\n<p><strong><span style=\"color: #800080;\">T\u00d5RJE<\/span><\/strong><\/p>\n<ul>\n<li>Sooja ajal ruumi \u00f5huniiskuse t\u00f5stmine ja temperatuuri alandamine.<\/li>\n<li>Taimede regulaarne puhastamine.<\/li>\n<li>T\u00f6\u00f6riistade desinfitseerimine.<\/li>\n<li>Bioloogiliseks t\u00f5rjeks sobivad r\u00f6\u00f6vlest (<em>Phytoseiulus<\/em>), samuti v\u00f5ib pritsimiseks kasutada k\u00fc\u00fcslauguleotist, kodustes tingimustes ka teepuu- v\u00f5i lavendli\u00f5li lahust (10 tilka 1 liitri kohta).<\/li>\n<\/ul>\n","protected":false},"excerpt":{"rendered":"<p>Punane kedriklest\u00a0(Tetranychus urticae) on v\u00e4ikesed, 0,2-0,5mm pikkused \u00e4mblikulaadsed punase, oran\u017eid, kollased v\u00f5i rohelised putukad. Kedriklestad paljunevad kiiresti soojas ja kuivas ruumis. Kedriklestad elunevad taimelehtede (eriti noorte lehtede) alumistel k\u00fclgedel, kus moodustavad \u00f5rna valkja v\u00f5rgendi. Nad imevad taimamahla, mille tagaj\u00e4rjel muutuvad lehed esmalt t\u00e4piliseks, siis laiguliseks, hiljem \u00fcleni kollaseks ning kuivavad.\u00a0 &nbsp; Punase kedriklesta arengut soodustavad: [&hellip;]<\/p>\n","protected":false},"author":2,"featured_media":0,"parent":341,"menu_order":0,"comment_status":"closed","ping_status":"closed","template":"","meta":{"footnotes":""},"class_list":["post-336","page","type-page","status-publish","hentry"],"_links":{"self":[{"href":"https:\/\/aianduskool.ee\/toalilled\/wp-json\/wp\/v2\/pages\/336","targetHints":{"allow":["GET"]}}],"collection":[{"href":"https:\/\/aianduskool.ee\/toalilled\/wp-json\/wp\/v2\/pages"}],"about":[{"href":"https:\/\/aianduskool.ee\/toalilled\/wp-json\/wp\/v2\/types\/page"}],"author":[{"embeddable":true,"href":"https:\/\/aianduskool.ee\/toalilled\/wp-json\/wp\/v2\/users\/2"}],"replies":[{"embeddable":true,"href":"https:\/\/aianduskool.ee\/toalilled\/wp-json\/wp\/v2\/comments?post=336"}],"version-history":[{"count":5,"href":"https:\/\/aianduskool.ee\/toalilled\/wp-json\/wp\/v2\/pages\/336\/revisions"}],"predecessor-version":[{"id":373,"href":"https:\/\/aianduskool.ee\/toalilled\/wp-json\/wp\/v2\/pages\/336\/revisions\/373"}],"up":[{"embeddable":true,"href":"https:\/\/aianduskool.ee\/toalilled\/wp-json\/wp\/v2\/pages\/341"}],"wp:attachment":[{"href":"https:\/\/aianduskool.ee\/toalilled\/wp-json\/wp\/v2\/media?parent=336"}],"curies":[{"name":"wp","href":"https:\/\/api.w.org\/{rel}","templated":true}]}}