{"id":34,"date":"2016-10-02T17:00:26","date_gmt":"2016-10-02T14:00:26","guid":{"rendered":"http:\/\/aianduskool.ee\/toalilled\/?page_id=34"},"modified":"2019-10-24T13:08:51","modified_gmt":"2019-10-24T10:08:51","slug":"ulesanded-paevaoppe-opilasele","status":"publish","type":"page","link":"https:\/\/aianduskool.ee\/toalilled\/ulesanded-paevaoppe-opilasele\/","title":{"rendered":"\u00dclesanded p\u00e4eva\u00f5ppe \u00f5pilasele"},"content":{"rendered":"<p>\u00dclesandeid ja t\u00e4htaegu vaata \u00f5ppeinfos\u00fcsteemist <a href=\"https:\/\/tahvel.edu.ee\/#\/\" target=\"_blank\" rel=\"noopener noreferrer\">TAHVEL<\/a>.<\/p>\n","protected":false},"excerpt":{"rendered":"<p>\u00dclesandeid ja t\u00e4htaegu vaata \u00f5ppeinfos\u00fcsteemist TAHVEL.<\/p>\n","protected":false},"author":2,"featured_media":0,"parent":0,"menu_order":0,"comment_status":"closed","ping_status":"closed","template":"","meta":{"footnotes":""},"class_list":["post-34","page","type-page","status-publish","hentry"],"_links":{"self":[{"href":"https:\/\/aianduskool.ee\/toalilled\/wp-json\/wp\/v2\/pages\/34","targetHints":{"allow":["GET"]}}],"collection":[{"href":"https:\/\/aianduskool.ee\/toalilled\/wp-json\/wp\/v2\/pages"}],"about":[{"href":"https:\/\/aianduskool.ee\/toalilled\/wp-json\/wp\/v2\/types\/page"}],"author":[{"embeddable":true,"href":"https:\/\/aianduskool.ee\/toalilled\/wp-json\/wp\/v2\/users\/2"}],"replies":[{"embeddable":true,"href":"https:\/\/aianduskool.ee\/toalilled\/wp-json\/wp\/v2\/comments?post=34"}],"version-history":[{"count":5,"href":"https:\/\/aianduskool.ee\/toalilled\/wp-json\/wp\/v2\/pages\/34\/revisions"}],"predecessor-version":[{"id":558,"href":"https:\/\/aianduskool.ee\/toalilled\/wp-json\/wp\/v2\/pages\/34\/revisions\/558"}],"wp:attachment":[{"href":"https:\/\/aianduskool.ee\/toalilled\/wp-json\/wp\/v2\/media?parent=34"}],"curies":[{"name":"wp","href":"https:\/\/api.w.org\/{rel}","templated":true}]}}