{"id":341,"date":"2018-08-17T17:35:50","date_gmt":"2018-08-17T14:35:50","guid":{"rendered":"http:\/\/aianduskool.ee\/toalilled\/?page_id=341"},"modified":"2020-05-11T13:35:42","modified_gmt":"2020-05-11T10:35:42","slug":"kahjurid","status":"publish","type":"page","link":"https:\/\/aianduskool.ee\/toalilled\/oppematerjalid\/teema-2-toataimede-hooldusvotted\/kahjustajad\/kahjurid\/","title":{"rendered":"Kahjurid"},"content":{"rendered":"<p><span style=\"color: #333333;\">Toataimi ja\u00a0katmiklilli\u00a0kahjustavad peamiselt punane kedriklest, kasvuhoonekarilane, kilpt\u00e4id, villt\u00e4id, ripslased ja lehet\u00e4id. Juuri v\u00f5ivad kahjustada vihmaussid, juure-puudert\u00e4id, leinas\u00e4\u00e4sklased.\u00a0<\/span><\/p>\n<p>Pikemad kahjurite iseloomustused:<br \/>\n* <a href=\"http:\/\/aianduskool.ee\/toalilled\/oppematerjalid\/teema-2-toataimede-hooldusvotted\/kahjustajad\/kahjurid\/punane_kedriklest\/\">punane kedriklest<\/a>,<br \/>\n* <a href=\"http:\/\/aianduskool.ee\/toalilled\/oppematerjalid\/teema-2-toataimede-hooldusvotted\/kahjustajad\/kahjurid\/kasvuhoonekarilane\/\">kasvuhoonekarilane<\/a>,<br \/>\n* <a href=\"http:\/\/aianduskool.ee\/toalilled\/oppematerjalid\/teema-2-toataimede-hooldusvotted\/kahjustajad\/kahjurid\/kilptai-ebakilptai\/\">kilpt\u00e4i, ebakilpt\u00e4i<\/a>,<br \/>\n*<a href=\"http:\/\/aianduskool.ee\/toalilled\/oppematerjalid\/teema-2-toataimede-hooldusvotted\/kahjustajad\/kahjurid\/villtai-puudertai\/\"> villt\u00e4i<\/a>,<br \/>\n* <a href=\"http:\/\/aianduskool.ee\/toalilled\/oppematerjalid\/teema-2-toataimede-hooldusvotted\/kahjustajad\/kahjurid\/lehetai\/\">lehet\u00e4i<\/a>,<br \/>\n* <a href=\"http:\/\/aianduskool.ee\/toalilled\/oppematerjalid\/teema-2-toataimede-hooldusvotted\/kahjustajad\/kahjurid\/kasvuhoonerisplane\/\">kasvuhooneripslane.<\/a><\/p>\n<p>Allikad (taimekaitse):<br \/>\nBuczacki, S., Harris, K. (2010). Taimekahjurite ja -haiguste k\u00e4siraamat. Tln Varrak.<br \/>\nMettik, J. (2015). Suur toalilleraamat. Tln Varrak.<br \/>\nPallum, V. (2001). Lillede taimekaitse. Tln Maalehe Raamat.<br \/>\nRoost, V. (1973). Toalilled. Tln Valgus<br \/>\nRoost, V. (2014). Toalilled. Tln Tammeraamat.<\/p>\n","protected":false},"excerpt":{"rendered":"<p>Toataimi ja\u00a0katmiklilli\u00a0kahjustavad peamiselt punane kedriklest, kasvuhoonekarilane, kilpt\u00e4id, villt\u00e4id, ripslased ja lehet\u00e4id. Juuri v\u00f5ivad kahjustada vihmaussid, juure-puudert\u00e4id, leinas\u00e4\u00e4sklased.\u00a0 Pikemad kahjurite iseloomustused: * punane kedriklest, * kasvuhoonekarilane, * kilpt\u00e4i, ebakilpt\u00e4i, * villt\u00e4i, * lehet\u00e4i, * kasvuhooneripslane. Allikad (taimekaitse): Buczacki, S., Harris, K. (2010). Taimekahjurite ja -haiguste k\u00e4siraamat. Tln Varrak. Mettik, J. (2015). Suur toalilleraamat. Tln Varrak. Pallum, [&hellip;]<\/p>\n","protected":false},"author":2,"featured_media":0,"parent":330,"menu_order":0,"comment_status":"closed","ping_status":"closed","template":"","meta":{"footnotes":""},"class_list":["post-341","page","type-page","status-publish","hentry"],"_links":{"self":[{"href":"https:\/\/aianduskool.ee\/toalilled\/wp-json\/wp\/v2\/pages\/341","targetHints":{"allow":["GET"]}}],"collection":[{"href":"https:\/\/aianduskool.ee\/toalilled\/wp-json\/wp\/v2\/pages"}],"about":[{"href":"https:\/\/aianduskool.ee\/toalilled\/wp-json\/wp\/v2\/types\/page"}],"author":[{"embeddable":true,"href":"https:\/\/aianduskool.ee\/toalilled\/wp-json\/wp\/v2\/users\/2"}],"replies":[{"embeddable":true,"href":"https:\/\/aianduskool.ee\/toalilled\/wp-json\/wp\/v2\/comments?post=341"}],"version-history":[{"count":5,"href":"https:\/\/aianduskool.ee\/toalilled\/wp-json\/wp\/v2\/pages\/341\/revisions"}],"predecessor-version":[{"id":578,"href":"https:\/\/aianduskool.ee\/toalilled\/wp-json\/wp\/v2\/pages\/341\/revisions\/578"}],"up":[{"embeddable":true,"href":"https:\/\/aianduskool.ee\/toalilled\/wp-json\/wp\/v2\/pages\/330"}],"wp:attachment":[{"href":"https:\/\/aianduskool.ee\/toalilled\/wp-json\/wp\/v2\/media?parent=341"}],"curies":[{"name":"wp","href":"https:\/\/api.w.org\/{rel}","templated":true}]}}