{"id":347,"date":"2018-08-17T18:07:13","date_gmt":"2018-08-17T15:07:13","guid":{"rendered":"http:\/\/aianduskool.ee\/toalilled\/?page_id=347"},"modified":"2021-03-04T09:32:59","modified_gmt":"2021-03-04T07:32:59","slug":"kasvuhoonekarilane","status":"publish","type":"page","link":"https:\/\/aianduskool.ee\/toalilled\/oppematerjalid\/teema-2-toataimede-hooldusvotted\/kahjustajad\/kahjurid\/kasvuhoonekarilane\/","title":{"rendered":"Kasvuhoonekarilane"},"content":{"rendered":"<div id=\"attachment_348\" style=\"width: 310px\" class=\"wp-caption alignright\"><a href=\"http:\/\/aianduskool.ee\/toalilled\/wp-content\/uploads\/2018\/08\/3739511788_773d37dcdb_z.jpg\"><img loading=\"lazy\" decoding=\"async\" aria-describedby=\"caption-attachment-348\" class=\"wp-image-348\" src=\"http:\/\/aianduskool.ee\/toalilled\/wp-content\/uploads\/2018\/08\/3739511788_773d37dcdb_z.jpg\" alt=\"\" width=\"300\" height=\"200\" \/><\/a><p id=\"caption-attachment-348\" class=\"wp-caption-text\">Kasvuhoonekarilane. Viide autorile: Eran Finkle. Greenhouse whitefly. https:\/\/www.flickr.com\/photos\/finklez\/3739416930<\/p><\/div>\n<p><span style=\"color: #800080;\"><strong>Kasvuhoonekarilane<\/strong>\u00a0<span style=\"color: #333333;\">(<em>Trialeurodes vaporariorum<\/em>)\u00a0<\/span><\/span>on 1-1,5mm pikkune kahe paari valgete tiibadega putukas, kes elab taimede lehtede alumistel k\u00fclgedel. Taimede liigutamisel t\u00f5usevad nad lendu. Karilase vastsed on u. 0,3 mm pikkused kahvaturohelised ja kaetud vahaja eritisega. Kahjuri suhkrurikkal ekskremendil hakkavad tihti arenema n\u00f5giseened &#8211; lehed kattuvad tahmataolise korraga. Karilased imevad taimemahla, mist\u00f5ttu taimede ainevahetus on h\u00e4iritud. Taimed kolletuvad ja k\u00e4nguvad.<\/p>\n<p>Kasvuhoonekarilase arengut, paljunemist ja levikut soodustavad:<\/p>\n<ul>\n<li>soe ruum ja kuiv \u00f5hk,<\/li>\n<li>ebasoodsatest kavsutingimustest p\u00f5hjustatud kasvuh\u00e4ired ja n\u00f5rgad taimed.<\/li>\n<\/ul>\n<p>Kasvuhoonekarilane kahjustab rooshibiski, begooniaid, pelargoone, j\u00f5ulut\u00e4hti, kallasid jt.<\/p>\n<p><span style=\"color: #800080;\"><strong>T\u00d5RJE<\/strong><\/span><\/p>\n<ul>\n<li>Taimede vahele, 30cm k\u00f5rgusele taimedest kollaste liimp\u00fc\u00fcniste paigutamine (enne karilase ilmumist). \u00dcks p\u00fc\u00fcsnis 20m<sup>2<\/sup> kohta.<\/li>\n<li>Palava ilmaga ruumi, kasvuhoone \u00f5huniiskuse suurendamine.<\/li>\n<li>Biot\u00f5rjeks esimeste karilaste ilmumisel kasutada parasitoidset kiletiivalist putukat\u00a0<em>Encarsia formosa<\/em>.<\/li>\n<\/ul>\n","protected":false},"excerpt":{"rendered":"<p>Kasvuhoonekarilane\u00a0(Trialeurodes vaporariorum)\u00a0on 1-1,5mm pikkune kahe paari valgete tiibadega putukas, kes elab taimede lehtede alumistel k\u00fclgedel. Taimede liigutamisel t\u00f5usevad nad lendu. Karilase vastsed on u. 0,3 mm pikkused kahvaturohelised ja kaetud vahaja eritisega. Kahjuri suhkrurikkal ekskremendil hakkavad tihti arenema n\u00f5giseened &#8211; lehed kattuvad tahmataolise korraga. Karilased imevad taimemahla, mist\u00f5ttu taimede ainevahetus on h\u00e4iritud. Taimed kolletuvad ja [&hellip;]<\/p>\n","protected":false},"author":2,"featured_media":0,"parent":341,"menu_order":0,"comment_status":"closed","ping_status":"closed","template":"","meta":{"footnotes":""},"class_list":["post-347","page","type-page","status-publish","hentry"],"_links":{"self":[{"href":"https:\/\/aianduskool.ee\/toalilled\/wp-json\/wp\/v2\/pages\/347","targetHints":{"allow":["GET"]}}],"collection":[{"href":"https:\/\/aianduskool.ee\/toalilled\/wp-json\/wp\/v2\/pages"}],"about":[{"href":"https:\/\/aianduskool.ee\/toalilled\/wp-json\/wp\/v2\/types\/page"}],"author":[{"embeddable":true,"href":"https:\/\/aianduskool.ee\/toalilled\/wp-json\/wp\/v2\/users\/2"}],"replies":[{"embeddable":true,"href":"https:\/\/aianduskool.ee\/toalilled\/wp-json\/wp\/v2\/comments?post=347"}],"version-history":[{"count":5,"href":"https:\/\/aianduskool.ee\/toalilled\/wp-json\/wp\/v2\/pages\/347\/revisions"}],"predecessor-version":[{"id":587,"href":"https:\/\/aianduskool.ee\/toalilled\/wp-json\/wp\/v2\/pages\/347\/revisions\/587"}],"up":[{"embeddable":true,"href":"https:\/\/aianduskool.ee\/toalilled\/wp-json\/wp\/v2\/pages\/341"}],"wp:attachment":[{"href":"https:\/\/aianduskool.ee\/toalilled\/wp-json\/wp\/v2\/media?parent=347"}],"curies":[{"name":"wp","href":"https:\/\/api.w.org\/{rel}","templated":true}]}}