{"id":360,"date":"2018-08-17T19:18:31","date_gmt":"2018-08-17T16:18:31","guid":{"rendered":"http:\/\/aianduskool.ee\/toalilled\/?page_id=360"},"modified":"2018-08-17T20:07:35","modified_gmt":"2018-08-17T17:07:35","slug":"kilptai-ebakilptai","status":"publish","type":"page","link":"https:\/\/aianduskool.ee\/toalilled\/oppematerjalid\/teema-2-toataimede-hooldusvotted\/kahjustajad\/kahjurid\/kilptai-ebakilptai\/","title":{"rendered":"Kilpt\u00e4i, ebakilpt\u00e4i"},"content":{"rendered":"<div id=\"attachment_363\" style=\"width: 311px\" class=\"wp-caption alignright\"><a href=\"http:\/\/aianduskool.ee\/toalilled\/wp-content\/uploads\/2018\/08\/7244837120_1ea8c68d66_z.jpg\"><img loading=\"lazy\" decoding=\"async\" aria-describedby=\"caption-attachment-363\" class=\"wp-image-363\" src=\"http:\/\/aianduskool.ee\/toalilled\/wp-content\/uploads\/2018\/08\/7244837120_1ea8c68d66_z.jpg\" alt=\"\" width=\"301\" height=\"199\" \/><\/a><p id=\"caption-attachment-363\" class=\"wp-caption-text\">Kilpt\u00e4i. Viide autorile: Gilles San Martin. Scale insects. https:\/\/www.flickr.com\/photos\/sanmartin\/7244837120<\/p><\/div>\n<p><span style=\"color: #333333;\"><span style=\"color: #800080;\"><strong>Kilpt\u00e4id<\/strong><\/span>\u00a0(<em>Diaspis<\/em>) ja <span style=\"color: #800080;\"><strong>ebakilpt\u00e4id<\/strong><\/span> (<em>Coccus<\/em>) on 2-4 mm suurused putukad, \u00a0mis on kaetud roheka v\u00f5i pruuni tugeva kilbiga, mis kaitseb neid. Kilbi all arenevad t\u00e4iskasvanud emasel noored isendid. Noored isendid liiguvad taimel, vanemad emasisendid paiksed ja kilbi all. Isasisenditele kilpi ei moodustu.<\/span><\/p>\n<p><span style=\"color: #333333;\">Kilpt\u00e4id ja ebakilpt\u00e4id imevad taimemahla. Kilpt\u00e4id eritavad mesinestet, mis muudavad taime lehed l\u00e4ikivaks ja kleepuvaks, hiljem kattuvad lehed tahmataolise moodustisega (n\u00f5hiseened). Kahjustuse tagaj\u00e4rjel taime kasv pidurdub, lehed kolletuvad ja langevad.<\/span><\/p>\n<div id=\"attachment_376\" style=\"width: 311px\" class=\"wp-caption alignright\"><a href=\"http:\/\/aianduskool.ee\/toalilled\/wp-content\/uploads\/2018\/08\/393329017_d674bb7d4b_z.jpg\" target=\"_blank\" rel=\"https:\/\/www.flickr.com\/photos\/scotnelson\/14786621539\/in\/photolist-ULtSH5-owDiqF-oHoLFT-bXkdCp-ofYVV2-ceFaos-ZPoXvn-ceF9hu-ceF6hN-9Ek5xN-of1mBt-ceGy9w-cHFCU5-bXkHei-ceER1f-ceGDY1-cJ4waw-bXiGe4-bXiutk-ceGQ5d-cHFgeE-bXk6oa-cHE9f9-cJdiCA-ceETTb-cJctxy-cJcpyo-ceGRqN-cJcUq1-cJ6i2b-ShRNyR-cJ4UKw-cJdh5S-cJcKv9-cJcfrw-cJ9tQN-cJ6DZJ-cJcAQU-cJcuK5-ceX8pE-cHEVz5-cJc18L-bXiF9D-cJdy4J-bXiKMk-cJJbWw-cHENyd-cJ4kzY-cJJfvS-cJHS3q\/ noopener\"><img loading=\"lazy\" decoding=\"async\" aria-describedby=\"caption-attachment-376\" class=\"wp-image-376\" src=\"http:\/\/aianduskool.ee\/toalilled\/wp-content\/uploads\/2018\/08\/393329017_d674bb7d4b_z.jpg\" alt=\"\" width=\"301\" height=\"347\" \/><\/a><p id=\"caption-attachment-376\" class=\"wp-caption-text\">Ebakilpt\u00e4i. Viide allikale: Cheryl Moorehead. Soft Scale &#8211; Coccus hesperidum. https:\/\/www.flickr.com\/photos\/maximillian_millipede\/393329017<\/p><\/div>\n<p><span style=\"color: #333333;\">Kilpt\u00e4id ja ebakilpt\u00e4id kahjustavad viigipuid, kohvipuid, kliiviat, kuukinga, viigi- ja siilkaktuseid, s\u00f5rmlehikuid, vahalille jt tugevate ning nahkjate lehtedega taimi. Nad paiknevad taimede vartel, t\u00fcvedel v\u00f5i lehtede alumisel k\u00fcljel.<\/span><\/p>\n<p><strong><span style=\"color: #800080;\">T\u00d5RJE<\/span><\/strong><\/p>\n<ul>\n<li><span style=\"color: #333333;\">Taimede regulaarne puhastamine.<\/span><\/li>\n<li><span style=\"color: #333333;\">Mehhaaniline eemaldamine.<\/span><\/li>\n<li><span style=\"color: #333333;\">Taimede 5 %-lise \u00e4\u00e4dika v\u00f5i piirituse lahusega t\u00f6\u00f6tlemine. Hiljem pesta taimi veega.<\/span><\/li>\n<\/ul>\n<p>&nbsp;<\/p>\n<p><span style=\"color: #800080;\"><strong>NB!<\/strong><\/span> <span style=\"color: #333333;\">Kilpt\u00e4ist on v\u00e4ga raske vabaneda.<\/span><\/p>\n","protected":false},"excerpt":{"rendered":"<p>Kilpt\u00e4id\u00a0(Diaspis) ja ebakilpt\u00e4id (Coccus) on 2-4 mm suurused putukad, \u00a0mis on kaetud roheka v\u00f5i pruuni tugeva kilbiga, mis kaitseb neid. Kilbi all arenevad t\u00e4iskasvanud emasel noored isendid. Noored isendid liiguvad taimel, vanemad emasisendid paiksed ja kilbi all. Isasisenditele kilpi ei moodustu. Kilpt\u00e4id ja ebakilpt\u00e4id imevad taimemahla. Kilpt\u00e4id eritavad mesinestet, mis muudavad taime lehed l\u00e4ikivaks ja [&hellip;]<\/p>\n","protected":false},"author":2,"featured_media":0,"parent":341,"menu_order":0,"comment_status":"closed","ping_status":"closed","template":"","meta":{"footnotes":""},"class_list":["post-360","page","type-page","status-publish","hentry"],"_links":{"self":[{"href":"https:\/\/aianduskool.ee\/toalilled\/wp-json\/wp\/v2\/pages\/360","targetHints":{"allow":["GET"]}}],"collection":[{"href":"https:\/\/aianduskool.ee\/toalilled\/wp-json\/wp\/v2\/pages"}],"about":[{"href":"https:\/\/aianduskool.ee\/toalilled\/wp-json\/wp\/v2\/types\/page"}],"author":[{"embeddable":true,"href":"https:\/\/aianduskool.ee\/toalilled\/wp-json\/wp\/v2\/users\/2"}],"replies":[{"embeddable":true,"href":"https:\/\/aianduskool.ee\/toalilled\/wp-json\/wp\/v2\/comments?post=360"}],"version-history":[{"count":5,"href":"https:\/\/aianduskool.ee\/toalilled\/wp-json\/wp\/v2\/pages\/360\/revisions"}],"predecessor-version":[{"id":388,"href":"https:\/\/aianduskool.ee\/toalilled\/wp-json\/wp\/v2\/pages\/360\/revisions\/388"}],"up":[{"embeddable":true,"href":"https:\/\/aianduskool.ee\/toalilled\/wp-json\/wp\/v2\/pages\/341"}],"wp:attachment":[{"href":"https:\/\/aianduskool.ee\/toalilled\/wp-json\/wp\/v2\/media?parent=360"}],"curies":[{"name":"wp","href":"https:\/\/api.w.org\/{rel}","templated":true}]}}