{"id":381,"date":"2018-08-17T20:04:12","date_gmt":"2018-08-17T17:04:12","guid":{"rendered":"http:\/\/aianduskool.ee\/toalilled\/?page_id=381"},"modified":"2018-08-17T20:08:05","modified_gmt":"2018-08-17T17:08:05","slug":"villtai-puudertai","status":"publish","type":"page","link":"https:\/\/aianduskool.ee\/toalilled\/oppematerjalid\/teema-2-toataimede-hooldusvotted\/kahjustajad\/kahjurid\/villtai-puudertai\/","title":{"rendered":"Villt\u00e4i (puudert\u00e4i)"},"content":{"rendered":"<div id=\"attachment_382\" style=\"width: 311px\" class=\"wp-caption alignright\"><a href=\"http:\/\/aianduskool.ee\/toalilled\/wp-content\/uploads\/2018\/08\/8688267219_22fb5d04c4_z.jpg\"><img loading=\"lazy\" decoding=\"async\" aria-describedby=\"caption-attachment-382\" class=\"wp-image-382\" src=\"http:\/\/aianduskool.ee\/toalilled\/wp-content\/uploads\/2018\/08\/8688267219_22fb5d04c4_z.jpg\" alt=\"\" width=\"301\" height=\"200\" \/><\/a><p id=\"caption-attachment-382\" class=\"wp-caption-text\">Villt\u00e4i. Viide autorile: Mark Yokoyama. DSC_9220.jpg. https:\/\/www.flickr.com\/photos\/theactionitems\/8688267219<\/p><\/div>\n<p><span style=\"color: #333333;\"><strong><span style=\"color: #800080;\">Villt\u00e4id<\/span><\/strong> on m\u00f5ne millimeetri pikkused valged v\u00f5i roosad putukad, kes on kaetud iseloomuliku valge, vatitaolise vahaeritisega. Villt\u00e4id elunevad taimedel raskesti ligip\u00e4\u00e4setavates kohtades &#8211; lehekaenalas, kaktusetel n\u00e4sade vahel.<\/span><\/p>\n<p><span style=\"color: #333333;\">Villt\u00e4id imevad taimemahla, mille tagaj\u00e4rjel tekivad imemiskohtadesse heledad laigud. Taime kasv on h\u00e4iritud, mist\u00f5ttu taim k\u00e4ngub.<\/span><\/p>\n<p><span style=\"color: #333333;\">Villt\u00e4id kahjustavad n\u00e4sa- \u00a0ja siilkaktuseid, viigipuid, s\u00f5rmlehikuid, kuukinga, draakonipuid jt.<\/span><\/p>\n<p><strong><span style=\"color: #800080;\">T\u00d5RJE<\/span><\/strong><\/p>\n<ul>\n<li><span style=\"color: #333333;\">Taimede regulaarne puhastamine.<\/span><\/li>\n<li><span style=\"color: #333333;\">Mehhaaniline eemaldamine.<\/span><\/li>\n<li><span style=\"color: #333333;\">Taimede 5 %-lise \u00e4\u00e4dika v\u00f5i piirituse lahusega t\u00f6\u00f6tlemine. Hiljem pesta taimi veega.<\/span><\/li>\n<\/ul>\n<p><strong><span style=\"color: #800080;\">NB!<\/span><\/strong> <span style=\"color: #333333;\">Villt\u00e4ist on v\u00e4ga raske vabaneda.<\/span><\/p>\n","protected":false},"excerpt":{"rendered":"<p>Villt\u00e4id on m\u00f5ne millimeetri pikkused valged v\u00f5i roosad putukad, kes on kaetud iseloomuliku valge, vatitaolise vahaeritisega. Villt\u00e4id elunevad taimedel raskesti ligip\u00e4\u00e4setavates kohtades &#8211; lehekaenalas, kaktusetel n\u00e4sade vahel. Villt\u00e4id imevad taimemahla, mille tagaj\u00e4rjel tekivad imemiskohtadesse heledad laigud. Taime kasv on h\u00e4iritud, mist\u00f5ttu taim k\u00e4ngub. Villt\u00e4id kahjustavad n\u00e4sa- \u00a0ja siilkaktuseid, viigipuid, s\u00f5rmlehikuid, kuukinga, draakonipuid jt. T\u00d5RJE Taimede [&hellip;]<\/p>\n","protected":false},"author":2,"featured_media":0,"parent":341,"menu_order":0,"comment_status":"closed","ping_status":"closed","template":"","meta":{"footnotes":""},"class_list":["post-381","page","type-page","status-publish","hentry"],"_links":{"self":[{"href":"https:\/\/aianduskool.ee\/toalilled\/wp-json\/wp\/v2\/pages\/381","targetHints":{"allow":["GET"]}}],"collection":[{"href":"https:\/\/aianduskool.ee\/toalilled\/wp-json\/wp\/v2\/pages"}],"about":[{"href":"https:\/\/aianduskool.ee\/toalilled\/wp-json\/wp\/v2\/types\/page"}],"author":[{"embeddable":true,"href":"https:\/\/aianduskool.ee\/toalilled\/wp-json\/wp\/v2\/users\/2"}],"replies":[{"embeddable":true,"href":"https:\/\/aianduskool.ee\/toalilled\/wp-json\/wp\/v2\/comments?post=381"}],"version-history":[{"count":5,"href":"https:\/\/aianduskool.ee\/toalilled\/wp-json\/wp\/v2\/pages\/381\/revisions"}],"predecessor-version":[{"id":389,"href":"https:\/\/aianduskool.ee\/toalilled\/wp-json\/wp\/v2\/pages\/381\/revisions\/389"}],"up":[{"embeddable":true,"href":"https:\/\/aianduskool.ee\/toalilled\/wp-json\/wp\/v2\/pages\/341"}],"wp:attachment":[{"href":"https:\/\/aianduskool.ee\/toalilled\/wp-json\/wp\/v2\/media?parent=381"}],"curies":[{"name":"wp","href":"https:\/\/api.w.org\/{rel}","templated":true}]}}