{"id":391,"date":"2018-08-21T13:38:47","date_gmt":"2018-08-21T10:38:47","guid":{"rendered":"http:\/\/aianduskool.ee\/toalilled\/?page_id=391"},"modified":"2018-08-21T14:10:41","modified_gmt":"2018-08-21T11:10:41","slug":"kasvuhoonerisplane","status":"publish","type":"page","link":"https:\/\/aianduskool.ee\/toalilled\/oppematerjalid\/teema-2-toataimede-hooldusvotted\/kahjustajad\/kahjurid\/kasvuhoonerisplane\/","title":{"rendered":"Kasvuhoonerisplane"},"content":{"rendered":"<div id=\"attachment_392\" style=\"width: 312px\" class=\"wp-caption alignright\"><a href=\"http:\/\/aianduskool.ee\/toalilled\/wp-content\/uploads\/2018\/08\/31440488126_399476b049_b.jpg\"><img loading=\"lazy\" decoding=\"async\" aria-describedby=\"caption-attachment-392\" class=\"wp-image-392\" src=\"http:\/\/aianduskool.ee\/toalilled\/wp-content\/uploads\/2018\/08\/31440488126_399476b049_b.jpg\" alt=\"\" width=\"302\" height=\"201\" \/><\/a><p id=\"caption-attachment-392\" class=\"wp-caption-text\">Ripslane, valmik ja vastsed. Viide autorile: Brian Valentine. Surprise thrips #2. https:\/\/www.flickr.com\/photos\/lordv\/31440488126<\/p><\/div>\n<p><span style=\"color: #800080;\"><strong>Ripslased, kasvuhooneripslased<\/strong><\/span> <span style=\"color: #333333;\">(<em>Thrips, Heliothrips haemorrhoisalis<\/em>) on 1-2 mm pikkused\u00a0rohekad, kollakad, pruunikad v\u00f5i mustad putukad. Neil on kaks paari kitsaid ripsmetega \u00e4\u00e4ristatud tiibu. Vastsed meenutavad valmikut kuid on tiibadeta.<\/span><br \/>\n<span style=\"color: #333333;\">Nii valmikud kui ka vastsed imevad lehtedest, pungadest ja \u00f5itest taimemahla. Kahjustatud taimeosa muutub selle tagaj\u00e4rjel laiguliseks (h\u00f5bedane marmorjas muster, roostepruunid laigud), lehed kimarduvad ning taim hakkab kiratsema. Lehtedel v\u00f5ib esineda v\u00e4ikseid roostepruune v\u00f5i pruune vedelikutilgakesi. Need on kahjuri v\u00e4ljaheited.<\/span><\/p>\n<p><span style=\"color: #333333;\">Ripslase arengut soodustavad:<\/span><\/p>\n<ul>\n<li><span style=\"color: #333333;\">taimede \u00fclekastmine,<\/span><\/li>\n<li><span style=\"color: #333333;\">taimede \u00fclekuumenemine (liiga k\u00f5rge temperatuur kasvuhoones, ruumis),<\/span><\/li>\n<li><span style=\"color: #333333;\">taimede tihe seis.<\/span><\/li>\n<\/ul>\n<p><span style=\"color: #333333;\">Ripslased kahjustavad palme, s\u00f5najalgu, begooniaid, draakonipuid, t\u00f5lvpuid, asparit, kallat, asalead jt.<\/span><\/p>\n<p><strong><span style=\"color: #800080;\">T\u00d5RJE<\/span><\/strong><\/p>\n<ul>\n<li><span style=\"color: #333333;\">Tagada taimedele optimaalsed kasvukohatingimused ja hooldusv\u00f5tted (korrap\u00e4rane kastmine ja \u00f5hustamine).<\/span><\/li>\n<li><span style=\"color: #333333;\">Taimede regulaarne puhastamine.<\/span><\/li>\n<li><span style=\"color: #333333;\">T\u00f6\u00f6riistade desinfitseerimine.<\/span><\/li>\n<li><span style=\"color: #333333;\">Bioloogiliseks t\u00f5rjeks sobivad r\u00f6\u00f6vlest (<em>Amblyseius<\/em>),\u00a0samuti v\u00f5ib pritsimiseks kasutada k\u00fc\u00fcslauguleotist.<\/span><\/li>\n<\/ul>\n<p><strong><span style=\"color: #800080;\">NB!<\/span><\/strong> <span style=\"color: #333333;\">Ripslasi on v\u00e4ga raske t\u00f5rjuda.<\/span><\/p>\n","protected":false},"excerpt":{"rendered":"<p>Ripslased, kasvuhooneripslased (Thrips, Heliothrips haemorrhoisalis) on 1-2 mm pikkused\u00a0rohekad, kollakad, pruunikad v\u00f5i mustad putukad. Neil on kaks paari kitsaid ripsmetega \u00e4\u00e4ristatud tiibu. Vastsed meenutavad valmikut kuid on tiibadeta. Nii valmikud kui ka vastsed imevad lehtedest, pungadest ja \u00f5itest taimemahla. Kahjustatud taimeosa muutub selle tagaj\u00e4rjel laiguliseks (h\u00f5bedane marmorjas muster, roostepruunid laigud), lehed kimarduvad ning taim hakkab [&hellip;]<\/p>\n","protected":false},"author":2,"featured_media":0,"parent":341,"menu_order":0,"comment_status":"closed","ping_status":"closed","template":"","meta":{"footnotes":""},"class_list":["post-391","page","type-page","status-publish","hentry"],"_links":{"self":[{"href":"https:\/\/aianduskool.ee\/toalilled\/wp-json\/wp\/v2\/pages\/391","targetHints":{"allow":["GET"]}}],"collection":[{"href":"https:\/\/aianduskool.ee\/toalilled\/wp-json\/wp\/v2\/pages"}],"about":[{"href":"https:\/\/aianduskool.ee\/toalilled\/wp-json\/wp\/v2\/types\/page"}],"author":[{"embeddable":true,"href":"https:\/\/aianduskool.ee\/toalilled\/wp-json\/wp\/v2\/users\/2"}],"replies":[{"embeddable":true,"href":"https:\/\/aianduskool.ee\/toalilled\/wp-json\/wp\/v2\/comments?post=391"}],"version-history":[{"count":3,"href":"https:\/\/aianduskool.ee\/toalilled\/wp-json\/wp\/v2\/pages\/391\/revisions"}],"predecessor-version":[{"id":402,"href":"https:\/\/aianduskool.ee\/toalilled\/wp-json\/wp\/v2\/pages\/391\/revisions\/402"}],"up":[{"embeddable":true,"href":"https:\/\/aianduskool.ee\/toalilled\/wp-json\/wp\/v2\/pages\/341"}],"wp:attachment":[{"href":"https:\/\/aianduskool.ee\/toalilled\/wp-json\/wp\/v2\/media?parent=391"}],"curies":[{"name":"wp","href":"https:\/\/api.w.org\/{rel}","templated":true}]}}