{"id":396,"date":"2018-08-21T14:08:33","date_gmt":"2018-08-21T11:08:33","guid":{"rendered":"http:\/\/aianduskool.ee\/toalilled\/?page_id=396"},"modified":"2018-08-21T14:10:08","modified_gmt":"2018-08-21T11:10:08","slug":"lehetai","status":"publish","type":"page","link":"https:\/\/aianduskool.ee\/toalilled\/oppematerjalid\/teema-2-toataimede-hooldusvotted\/kahjustajad\/kahjurid\/lehetai\/","title":{"rendered":"Lehet\u00e4i"},"content":{"rendered":"<div id=\"attachment_397\" style=\"width: 312px\" class=\"wp-caption alignright\"><a href=\"http:\/\/aianduskool.ee\/toalilled\/wp-content\/uploads\/2018\/08\/1200px-Soybeanaphid.jpg\"><img loading=\"lazy\" decoding=\"async\" aria-describedby=\"caption-attachment-397\" class=\"wp-image-397\" src=\"http:\/\/aianduskool.ee\/toalilled\/wp-content\/uploads\/2018\/08\/1200px-Soybeanaphid.jpg\" alt=\"\" width=\"302\" height=\"218\" \/><\/a><p id=\"caption-attachment-397\" class=\"wp-caption-text\">Lehet\u00e4i. Viide allikale: Claudio Gratton. Puceron du soja sur feuille de soja. https:\/\/fr.wikipedia.org\/wiki\/Aphis_glycines#\/media\/File:Soybeanaphid.jpg<\/p><\/div>\n<p><span style=\"color: #333333;\">Lehet\u00e4isid peetakse eelk\u00f5ige avamaataimede kahjuriteks kuid nad v\u00f5ivad kahjustada ka toataimi. <strong><span style=\"color: #993366;\">Lehet\u00e4id<\/span><\/strong> (<em>Aphis<\/em>) on v\u00e4ikesed, 1-5 mm pikkused\u00a0rohekad, kollakad, pruunikad v\u00f5i mustad tiibadega v\u00f5i tiibadeta putukad. Nad imevad taimemahla lehtedest, noortest vartest, pungadest ja \u00f5itest. Suure arvukuse korral v\u00f5ivad nad katta v\u00f5rse tipud ja \u00f5iepungad. Kahjustuse tagaj\u00e4rjel taimede lehed kipruvad v\u00f5i rulluvad, taimed k\u00e4nguvad. Lehet\u00e4ide elutegevuse tagaj\u00e4rjel tekib lehtedele mesikaste, mille pinnal v\u00f5ivad arenema hakata n\u00f5giseened.<\/span><\/p>\n<p><span style=\"color: #333333;\">Lehet\u00e4id v\u00f5ivad edasi kanda viirushaigusi!<\/span><\/p>\n<p><span style=\"color: #333333;\">Lehet\u00e4id satuvad kasvuhoonesse ja teisesse siseruumidesse \u00f5huvooludega (t\u00f5mbetuul), t\u00f6\u00f6riistadega, riietega, taimedega, paljundusmaterjaliga. Tihti tuuakse lehet\u00e4id tuppa s\u00fcgisel, mil suveks v\u00e4lja viidud taimed siseruumidesse tagasi tuuakse.\u00a0<\/span><\/p>\n<p><span style=\"color: #333333;\">Lehet\u00e4id kahjustavad peaaegu k\u00f5iki toataimi, n\u00e4iteks rooshibisk, alpikann, potiroos, kr\u00fcsanteem, kalla, luuderohi jt.\u00a0<\/span><\/p>\n<p><span style=\"color: #800080;\"><strong>T\u00d5RJE<\/strong>\u00a0<\/span><\/p>\n<ul>\n<li>Taimede vahele, 30cm k\u00f5rgusele taimedest kollaste liimp\u00fc\u00fcniste paigutamine (lendavate isendite p\u00fc\u00fcdmiseks). \u00dcks p\u00fc\u00fcsnis 20m<sup>2<\/sup>\u00a0kohta.<\/li>\n<li>Mehhaaniline eemaldamine.<\/li>\n<li>Biot\u00f5rjena v\u00f5ib kasutada parasiitputukat <em>Afidius <\/em>(lehet\u00e4ivamplane &#8211; areneb lehet\u00e4i sees).<\/li>\n<\/ul>\n","protected":false},"excerpt":{"rendered":"<p>Lehet\u00e4isid peetakse eelk\u00f5ige avamaataimede kahjuriteks kuid nad v\u00f5ivad kahjustada ka toataimi. Lehet\u00e4id (Aphis) on v\u00e4ikesed, 1-5 mm pikkused\u00a0rohekad, kollakad, pruunikad v\u00f5i mustad tiibadega v\u00f5i tiibadeta putukad. Nad imevad taimemahla lehtedest, noortest vartest, pungadest ja \u00f5itest. Suure arvukuse korral v\u00f5ivad nad katta v\u00f5rse tipud ja \u00f5iepungad. Kahjustuse tagaj\u00e4rjel taimede lehed kipruvad v\u00f5i rulluvad, taimed k\u00e4nguvad. Lehet\u00e4ide [&hellip;]<\/p>\n","protected":false},"author":2,"featured_media":0,"parent":341,"menu_order":0,"comment_status":"closed","ping_status":"closed","template":"","meta":{"footnotes":""},"class_list":["post-396","page","type-page","status-publish","hentry"],"_links":{"self":[{"href":"https:\/\/aianduskool.ee\/toalilled\/wp-json\/wp\/v2\/pages\/396","targetHints":{"allow":["GET"]}}],"collection":[{"href":"https:\/\/aianduskool.ee\/toalilled\/wp-json\/wp\/v2\/pages"}],"about":[{"href":"https:\/\/aianduskool.ee\/toalilled\/wp-json\/wp\/v2\/types\/page"}],"author":[{"embeddable":true,"href":"https:\/\/aianduskool.ee\/toalilled\/wp-json\/wp\/v2\/users\/2"}],"replies":[{"embeddable":true,"href":"https:\/\/aianduskool.ee\/toalilled\/wp-json\/wp\/v2\/comments?post=396"}],"version-history":[{"count":3,"href":"https:\/\/aianduskool.ee\/toalilled\/wp-json\/wp\/v2\/pages\/396\/revisions"}],"predecessor-version":[{"id":401,"href":"https:\/\/aianduskool.ee\/toalilled\/wp-json\/wp\/v2\/pages\/396\/revisions\/401"}],"up":[{"embeddable":true,"href":"https:\/\/aianduskool.ee\/toalilled\/wp-json\/wp\/v2\/pages\/341"}],"wp:attachment":[{"href":"https:\/\/aianduskool.ee\/toalilled\/wp-json\/wp\/v2\/media?parent=396"}],"curies":[{"name":"wp","href":"https:\/\/api.w.org\/{rel}","templated":true}]}}