{"id":42,"date":"2016-10-02T17:23:36","date_gmt":"2016-10-02T14:23:36","guid":{"rendered":"http:\/\/aianduskool.ee\/toalilled\/?page_id=42"},"modified":"2020-09-02T21:07:09","modified_gmt":"2020-09-02T18:07:09","slug":"42-2","status":"publish","type":"page","link":"https:\/\/aianduskool.ee\/toalilled\/","title":{"rendered":"Katmikala lillekasvatus"},"content":{"rendered":"<p><span style=\"color: #333333;\">Sellel veebilehel paiknevad R\u00e4pina Aianduskool kursuse &#8220;Katmikala lillekasvatus&#8221; \u00f5ppematerjalid ja \u00fclesanded. Kursusel \u00f5pivad aedniku eriala \u00f5pilased:<\/span><\/p>\n<ul>\n<li><span style=\"color: #333333;\">statsionaarsed \u00f5ppijad:<\/span>\n<ul>\n<li><span style=\"color: #333333;\">AE19-41-K<\/span><\/li>\n<li>AE19-42-K<\/li>\n<li>AE20-41-K<\/li>\n<li>AE20-42-K<\/li>\n<\/ul>\n<\/li>\n<li><span style=\"color: #333333;\">mittestatsionaarsed \u00f5ppijad:<\/span>\n<ul>\n<li><span style=\"color: #333333;\">AE19-42-M1<\/span><\/li>\n<li><span style=\"color: #333333;\">AE19-42-M2<\/span><\/li>\n<li>AE20-42-M1<\/li>\n<li>AE20-42-M2<\/li>\n<\/ul>\n<\/li>\n<\/ul>\n<p>Aktiivne e-\u00f5pe toimub R\u00e4pina Aianduskooli <a href=\"https:\/\/portal.office.com\/\" target=\"_blank\" rel=\"noopener noreferrer\">OneDrive<\/a>\u00b4is, \u00f5petaja poolt loodud kursuse NoteBookis ja\/ v\u00f5i Teamsis.<\/p>\n<p><span style=\"color: #333333;\">Kursuse \u00f5petaja on Katrin Uurman<\/span><\/p>\n<h1><span style=\"color: #800080;\">Aianduskooli postkasti ja OneDrive dokumendihaluss\u00fcsteemi kasutamise juhend<\/span><\/h1>\n<ul>\n<li>Office 365 ja OneDrive kasutusjuhend:\u00a0<a href=\"https:\/\/sites.google.com\/site\/office365juhend\/\" target=\"_blank\" rel=\"noopener noreferrer\">https:\/\/sites.google.com\/site\/office365juhend\/<\/a><\/li>\n<\/ul>\n","protected":false},"excerpt":{"rendered":"<p>Sellel veebilehel paiknevad R\u00e4pina Aianduskool kursuse &#8220;Katmikala lillekasvatus&#8221; \u00f5ppematerjalid ja \u00fclesanded. Kursusel \u00f5pivad aedniku eriala \u00f5pilased: statsionaarsed \u00f5ppijad: AE19-41-K AE19-42-K AE20-41-K AE20-42-K mittestatsionaarsed \u00f5ppijad: AE19-42-M1 AE19-42-M2 AE20-42-M1 AE20-42-M2 Aktiivne e-\u00f5pe toimub R\u00e4pina Aianduskooli OneDrive\u00b4is, \u00f5petaja poolt loodud kursuse NoteBookis ja\/ v\u00f5i Teamsis. Kursuse \u00f5petaja on Katrin Uurman Aianduskooli postkasti ja OneDrive dokumendihaluss\u00fcsteemi kasutamise juhend Office [&hellip;]<\/p>\n","protected":false},"author":2,"featured_media":0,"parent":0,"menu_order":0,"comment_status":"closed","ping_status":"closed","template":"","meta":{"footnotes":""},"class_list":["post-42","page","type-page","status-publish","hentry"],"_links":{"self":[{"href":"https:\/\/aianduskool.ee\/toalilled\/wp-json\/wp\/v2\/pages\/42","targetHints":{"allow":["GET"]}}],"collection":[{"href":"https:\/\/aianduskool.ee\/toalilled\/wp-json\/wp\/v2\/pages"}],"about":[{"href":"https:\/\/aianduskool.ee\/toalilled\/wp-json\/wp\/v2\/types\/page"}],"author":[{"embeddable":true,"href":"https:\/\/aianduskool.ee\/toalilled\/wp-json\/wp\/v2\/users\/2"}],"replies":[{"embeddable":true,"href":"https:\/\/aianduskool.ee\/toalilled\/wp-json\/wp\/v2\/comments?post=42"}],"version-history":[{"count":5,"href":"https:\/\/aianduskool.ee\/toalilled\/wp-json\/wp\/v2\/pages\/42\/revisions"}],"predecessor-version":[{"id":580,"href":"https:\/\/aianduskool.ee\/toalilled\/wp-json\/wp\/v2\/pages\/42\/revisions\/580"}],"wp:attachment":[{"href":"https:\/\/aianduskool.ee\/toalilled\/wp-json\/wp\/v2\/media?parent=42"}],"curies":[{"name":"wp","href":"https:\/\/api.w.org\/{rel}","templated":true}]}}