{"id":475,"date":"2018-12-01T10:05:39","date_gmt":"2018-12-01T08:05:39","guid":{"rendered":"http:\/\/aianduskool.ee\/toalilled\/?page_id=475"},"modified":"2018-12-01T10:05:51","modified_gmt":"2018-12-01T08:05:51","slug":"teema-2-taimede-kasvatamise-vahendid-ja-materjalid","status":"publish","type":"page","link":"https:\/\/aianduskool.ee\/toalilled\/oppematerjalid\/teema-2-taimede-kasvatamise-vahendid-ja-materjalid\/","title":{"rendered":"Teema 2: Taimede kasvatamise vahendid ja materjalid"},"content":{"rendered":"<p>Lillede vasvatamiseks katmikalal on tarvis mitmeid vahendeid ja materjale. Selles teemas vaatleme l\u00e4hemalt peamisi vahendeid ja materjale, mida taimede kasvatamisel katmikalal tarvis l\u00e4heb. Vaatlusobjektideks on potid ja -kastid, substraadid, v\u00e4etised.<\/p>\n","protected":false},"excerpt":{"rendered":"<p>Lillede vasvatamiseks katmikalal on tarvis mitmeid vahendeid ja materjale. Selles teemas vaatleme l\u00e4hemalt peamisi vahendeid ja materjale, mida taimede kasvatamisel katmikalal tarvis l\u00e4heb. Vaatlusobjektideks on potid ja -kastid, substraadid, v\u00e4etised.<\/p>\n","protected":false},"author":2,"featured_media":0,"parent":9,"menu_order":0,"comment_status":"closed","ping_status":"closed","template":"","meta":{"footnotes":""},"class_list":["post-475","page","type-page","status-publish","hentry"],"_links":{"self":[{"href":"https:\/\/aianduskool.ee\/toalilled\/wp-json\/wp\/v2\/pages\/475","targetHints":{"allow":["GET"]}}],"collection":[{"href":"https:\/\/aianduskool.ee\/toalilled\/wp-json\/wp\/v2\/pages"}],"about":[{"href":"https:\/\/aianduskool.ee\/toalilled\/wp-json\/wp\/v2\/types\/page"}],"author":[{"embeddable":true,"href":"https:\/\/aianduskool.ee\/toalilled\/wp-json\/wp\/v2\/users\/2"}],"replies":[{"embeddable":true,"href":"https:\/\/aianduskool.ee\/toalilled\/wp-json\/wp\/v2\/comments?post=475"}],"version-history":[{"count":1,"href":"https:\/\/aianduskool.ee\/toalilled\/wp-json\/wp\/v2\/pages\/475\/revisions"}],"predecessor-version":[{"id":476,"href":"https:\/\/aianduskool.ee\/toalilled\/wp-json\/wp\/v2\/pages\/475\/revisions\/476"}],"up":[{"embeddable":true,"href":"https:\/\/aianduskool.ee\/toalilled\/wp-json\/wp\/v2\/pages\/9"}],"wp:attachment":[{"href":"https:\/\/aianduskool.ee\/toalilled\/wp-json\/wp\/v2\/media?parent=475"}],"curies":[{"name":"wp","href":"https:\/\/api.w.org\/{rel}","templated":true}]}}