{"id":478,"date":"2018-12-01T11:04:44","date_gmt":"2018-12-01T09:04:44","guid":{"rendered":"http:\/\/aianduskool.ee\/toalilled\/?page_id=478"},"modified":"2019-01-07T18:49:05","modified_gmt":"2019-01-07T16:49:05","slug":"potid-kassetid-ja-kastid","status":"publish","type":"page","link":"https:\/\/aianduskool.ee\/toalilled\/oppematerjalid\/teema-2-taimede-kasvatamise-vahendid-ja-materjalid\/potid-kassetid-ja-kastid\/","title":{"rendered":"Potid, kassetid ja kastid"},"content":{"rendered":"<p><span style=\"color: #000000;\">Lillede kasvatamisel katmikalal kasutatakse<\/span><\/p>\n<ul>\n<li><span style=\"color: #000000;\">potte,\u00a0<\/span><\/li>\n<li><span style=\"color: #000000;\">kassette,\u00a0<\/span><\/li>\n<li><span style=\"color: #000000;\">kaste.\u00a0<\/span><\/li>\n<\/ul>\n<p><span style=\"color: #800080;\"><strong>POTID<\/strong><\/span><\/p>\n<p><span style=\"color: #000000;\">Pottide valik on t\u00e4nap\u00e4eval v\u00e4ga suur. Iga tootja saab valida l\u00e4htuvalt taksonist, tootmisprotsessi etapist jms poti suuruse. Samuti pakutakse erinevast materjalist potte. Tootmises kasutatakse eelk\u00f5ige plastikust potte, kodukasvatajad enam savist potte. Potte kasutatakse taimede kasvatamiseks, v\u00e4iksemaid potte ka pistikute ja t\u00fctartaimede juurutamiseks ning suuremaid l\u00f5ikelillede kasvatamiseks.\u00a0<\/span><\/p>\n<table style=\"border-collapse: collapse; width: 116%; height: 256px;\" border=\"1\">\n<tbody>\n<tr style=\"height: 24px;\">\n<td style=\"width: 18.453333333333337%; height: 24px;\"><\/td>\n<td style=\"width: 36.075402298850584%; height: 24px;\"><span style=\"color: #000000;\">\u00a0 \u00a0 \u00a0Plastik<\/span><\/td>\n<td style=\"width: 61.47126436781609%; height: 24px;\"><span style=\"color: #000000;\">\u00a0 \u00a0 Savi<\/span><\/td>\n<\/tr>\n<tr style=\"height: 208px;\">\n<td style=\"width: 18.453333333333337%; height: 208px;\"><span style=\"color: #000000;\">Omadused<\/span><\/td>\n<td style=\"width: 36.075402298850584%; height: 208px;\">\n<ul>\n<li><span style=\"color: #000000;\">odav<\/span><\/li>\n<li><span style=\"color: #000000;\">kerge transportida<\/span><\/li>\n<li><span style=\"color: #000000;\">vastupidav<\/span><\/li>\n<li><span style=\"color: #000000;\">ei taga optimaalset niiskusre\u017eiimi<\/span><\/li>\n<li><span style=\"color: #000000;\">on m\u00f5eldud \u00fchekordseks kasutamiseks<\/span><\/li>\n<li><span style=\"color: #000000;\">sobib tootmisesse<\/span><\/li>\n<li><span style=\"color: #000000;\">erinevad v\u00e4rvid (peamiselt must, aga ka pruun, kollane, punane, roheline jne)<\/span><\/li>\n<\/ul>\n<\/td>\n<td style=\"width: 61.47126436781609%; height: 208px;\">\n<ul>\n<li><span style=\"color: #000000;\">kulukas<\/span><\/li>\n<li><span style=\"color: #000000;\">raske transportida<\/span><\/li>\n<li><span style=\"color: #000000;\">kergesti purunev<\/span><\/li>\n<li><span style=\"color: #000000;\">reguleerib h\u00e4sti niiskust<\/span><\/li>\n<li><span style=\"color: #000000;\">korduvkasutatav<\/span><\/li>\n<li><span style=\"color: #000000;\">on m\u00f5eldud koduseks kasutamiseks<\/span><\/li>\n<li><span style=\"color: #000000;\">erinevates v\u00e4rvides, ka glasuuritud ja glasuurimata.\u00a0<\/span><\/li>\n<\/ul>\n<p><span style=\"color: #000000;\">NB! Glasuuritud savipott loob sarnased niiskustingimused nagu on plastikpotis.<\/span><\/td>\n<\/tr>\n<tr style=\"height: 24px;\">\n<td style=\"width: 18.453333333333337%; height: 24px;\"><span style=\"color: #000000;\">Kasutaja<\/span><\/td>\n<td style=\"width: 36.075402298850584%; height: 24px;\"><span style=\"color: #000000;\">tootja<\/span><\/td>\n<td style=\"width: 61.47126436781609%; height: 24px;\"><span style=\"color: #000000;\">klient\/ kodukasvataja<\/span><\/td>\n<\/tr>\n<\/tbody>\n<\/table>\n<p><span style=\"color: #000000;\">Arvestama peaks, et plastikpottides on kasvusubstraadi temperatuur k\u00f5rgem kui savipottides. Vee aurumine l\u00e4bi sovipoti seina pooride p\u00f5hjustab temperatuuri languse substraadis. Plastikpottides kasvatatavate taimede kasvusubstraat kuivab aeglasemalt, mist\u00f5ttu kastmisvajadus on v\u00e4iksem.\u00a0<\/span><\/p>\n<p><strong><span style=\"color: #800080;\">KASSETID<\/span><\/strong><\/p>\n<p><span style=\"color: #000000;\">Taimekassette pakutakse samuti v\u00e4ga suurtes variatsioonides (ava suurus, kuju). Kassette kasutatakse eelk\u00f5ige seemnete k\u00fclviks, taimede pikeerimisel aga ka pistikute ja t\u00fctartaimede juurutamiseks. Kassette toodetakse peamiselt plastikust.\u00a0<\/span><\/p>\n<p><span style=\"color: #800080;\"><strong>KASTID<\/strong><\/span><\/p>\n<p><span style=\"color: #000000;\">Taimekaste kasutatakse katmikalal seemnete k\u00fclviks, pikeerimisel aga ka pistikute juurutamiseks. Suuremaid kaste kasutatakse l\u00f5ikelillede tootmisel. Taimekaste toodetakse tugevamast plastikust ning nad on korduvkasutatavad. Taimekasvatuseks m\u00f5eldud kastide p\u00f5hjas peavad olema avad \u00fcleliigse kastmisevee \u00e4ravooluks.\u00a0<\/span><\/p>\n<p><span style=\"color: #000000;\">M\u00f5ned tootekataloogid ja kodulehed:\u00a0<\/span><\/p>\n<ul>\n<li><span style=\"color: #000000;\"><a style=\"color: #000000;\" href=\"https:\/\/www.webpackaging.com\/Up\/Comp\/690\/11595278\/11595286-ZXOYMNSW\/f\/TEKU_Katalog_Inhalt_2017_GB_Mail_03.pdf\" target=\"_blank\" rel=\"noopener\">TEKU tootekataloog<\/a><\/span><\/li>\n<li><a href=\"https:\/\/www.poeppelmann.com\/en\/teku\/teku-plant-pots-pots-and-container-from-poeppelmann\/\" target=\"_blank\" rel=\"noopener\"><span style=\"color: #000000;\">P\u00d6PELMANN kodulehek\u00fclg<\/span><\/a><\/li>\n<li><span style=\"color: #000000;\"><a style=\"color: #000000;\" href=\"https:\/\/www.daltons.co.nz\/sites\/default\/files\/inline-files\/gcpcatalogue.pdf\" target=\"_blank\" rel=\"noopener\">Daltons tootekataloog<\/a><\/span><\/li>\n<\/ul>\n<p><span style=\"color: #000000;\">LISAMATERJAL huvilistele, kust saab infot pottide, kassettide ja kastide kasutamise kohta suvelillede paljundamise kontekstis.\u00a0<\/span><\/p>\n<p><span style=\"color: #000000;\">Uurman, K. <a style=\"color: #000000;\" href=\"http:\/\/ak.rapina.ee\/katrinu\/gen_paljundamine\/index.html\" target=\"_blank\" rel=\"noopener\">Suvelillede generatiivne paljundamine<\/a>.\u00a0<\/span><\/p>\n","protected":false},"excerpt":{"rendered":"<p>Lillede kasvatamisel katmikalal kasutatakse potte,\u00a0 kassette,\u00a0 kaste.\u00a0 POTID Pottide valik on t\u00e4nap\u00e4eval v\u00e4ga suur. Iga tootja saab valida l\u00e4htuvalt taksonist, tootmisprotsessi etapist jms poti suuruse. Samuti pakutakse erinevast materjalist potte. Tootmises kasutatakse eelk\u00f5ige plastikust potte, kodukasvatajad enam savist potte. Potte kasutatakse taimede kasvatamiseks, v\u00e4iksemaid potte ka pistikute ja t\u00fctartaimede juurutamiseks ning suuremaid l\u00f5ikelillede kasvatamiseks.\u00a0 \u00a0 [&hellip;]<\/p>\n","protected":false},"author":2,"featured_media":0,"parent":475,"menu_order":0,"comment_status":"closed","ping_status":"closed","template":"","meta":{"footnotes":""},"class_list":["post-478","page","type-page","status-publish","hentry"],"_links":{"self":[{"href":"https:\/\/aianduskool.ee\/toalilled\/wp-json\/wp\/v2\/pages\/478","targetHints":{"allow":["GET"]}}],"collection":[{"href":"https:\/\/aianduskool.ee\/toalilled\/wp-json\/wp\/v2\/pages"}],"about":[{"href":"https:\/\/aianduskool.ee\/toalilled\/wp-json\/wp\/v2\/types\/page"}],"author":[{"embeddable":true,"href":"https:\/\/aianduskool.ee\/toalilled\/wp-json\/wp\/v2\/users\/2"}],"replies":[{"embeddable":true,"href":"https:\/\/aianduskool.ee\/toalilled\/wp-json\/wp\/v2\/comments?post=478"}],"version-history":[{"count":5,"href":"https:\/\/aianduskool.ee\/toalilled\/wp-json\/wp\/v2\/pages\/478\/revisions"}],"predecessor-version":[{"id":501,"href":"https:\/\/aianduskool.ee\/toalilled\/wp-json\/wp\/v2\/pages\/478\/revisions\/501"}],"up":[{"embeddable":true,"href":"https:\/\/aianduskool.ee\/toalilled\/wp-json\/wp\/v2\/pages\/475"}],"wp:attachment":[{"href":"https:\/\/aianduskool.ee\/toalilled\/wp-json\/wp\/v2\/media?parent=478"}],"curies":[{"name":"wp","href":"https:\/\/api.w.org\/{rel}","templated":true}]}}