{"id":7,"date":"2016-10-02T16:25:15","date_gmt":"2016-10-02T13:25:15","guid":{"rendered":"http:\/\/aianduskool.ee\/toalilled\/?page_id=7"},"modified":"2020-09-02T21:13:21","modified_gmt":"2020-09-02T18:13:21","slug":"uldine","status":"publish","type":"page","link":"https:\/\/aianduskool.ee\/toalilled\/uldine\/","title":{"rendered":"\u00dcldinfo"},"content":{"rendered":"<p><span style=\"color: #800080;\"><strong>Eesm\u00e4rk (AE19-42-M1, AE19-42-M2)<br \/>\nIluaiandus I (sess, 2019\/20)<\/strong><\/span><\/p>\n<p>\u00d5petusega taotletakse, et \u00f5pilane paljundab ja kasvatab enamlevinud ilutaimi katmikalal, rakendab digivahendeid eesm\u00e4rgip\u00e4raselt, katsetab uusi teooriaid ja tehnoloogiaid, arendab oma oskusi ja teadmisi l\u00e4bi pideva professionaalse arengu.<\/p>\n<p><span style=\"color: #800080;\"><strong>Iluaiandus II (sess, 2. kursus 2020\/2021)<\/strong><\/span><\/p>\n<p>\u00d5petusega taotletakse, et \u00f5ppilane korraldab t\u00f6id enamlevinud ilutaimede paljundamisel ja kasvatamisel katmikalal tava- ja maheviljeluse tingimustes, rakendab kaasaegset masintehnoloogiat ja digivahendeid, j\u00e4rgides head aiandustava ning keskkonna- ja t\u00f6\u00f6ohutusn\u00f5udeid ning peab t\u00e4htsaks eetilisi t\u00f5ekspidamisi ja v\u00e4\u00e4rtusi.<\/p>\n<p><strong><span style=\"color: #800080;\">\u00d5pi<\/span><span style=\"color: #800080;\"><strong>v<\/strong>\u00e4ljundid (AE19-42-M1, AE19-42-M2)<br \/>\nIluaiandus I (sess, 2019\/20)<br \/>\n<\/span><\/strong><\/p>\n<p>\u00d5ppija<\/p>\n<ul>\n<li>tunneb \u00e4ra, nimetab ja s\u00fcstematiseerib ilutaimi, kirjeldab nende morfoloogiat, fenoloogiat, nimetab taimede liiginimesid eesti ja ladina keeles;<\/li>\n<li>valmistab ette k\u00fclvi- ja istutuspinna katmikalal, eristab paljundus- ja istutusmaterjali, osaleb meeskonnat\u00f6\u00f6s, vastutab oma t\u00f6\u00f6\u00fclesannete t\u00e4itmise eest;<\/li>\n<li>paljundab, istutab ja hooldab ilutaimi katmikalal arvestades agrotehnoloogiat, keskkonna- ja t\u00f6\u00f6ohutusn\u00f5udeid, jagab informatsiooni ja tegutseb parima tulemuse nimel;<\/li>\n<li>koristab, sorteerib, pakendab, markeerib ja ladustab toodangu l\u00e4htuvalt kvaliteedin\u00f5uetest, kasutades vajalikku tehnikat ja t\u00f6\u00f6riistu.<\/li>\n<\/ul>\n<p><span style=\"color: #800080;\"><strong>Iluaiandus II (sess, 2020\/21)<\/strong><\/span><\/p>\n<p>\u00d5ppija<\/p>\n<ul>\n<li>koostab digivahendite abil tootmis- ja t\u00f6\u00f6plaani, arvestab materjalide mahtusid, t\u00f6\u00f6aja ja t\u00f6\u00f6j\u00f5u kulu, juhendab v\u00e4ikest t\u00f6\u00f6r\u00fchma, t\u00f6\u00f6tab parima tulemuse nimel;<\/li>\n<li>valmistab ette k\u00fclvi- ja istutuspinnad katmikalal, l\u00e4htudes tootmisplaanist, osaleb meeskonnat\u00f6\u00f6s;<\/li>\n<li>hindab ja klassifitseerib paljundus- ja istutusmaterjali kvaliteedin\u00f5uetest l\u00e4htuvalt, kasutab ladinakeelseid taimenimetusi;<\/li>\n<li>teostab agrotehnoloogiast l\u00e4htuvalt paljundus-, istutus- ja hooldust\u00f6id katmikalal, rakendades kaasaegset masintehnoloogiat ja digivahendeid, anal\u00fc\u00fcsib ja kontrollib t\u00f6\u00f6 kvaliteeti;<\/li>\n<li>hindab toodangu kvaliteeti, koristab, sorteerib ja ladustab toodangu l\u00e4htuvalt kvaliteedin\u00f5uetest ja -klassidest, m\u00e4\u00e4rab ja juhib hoiutingimusi vastavalt katmikkultuurile, pakendab ja m\u00e4rgistab toodangu, teeb ettepanekuid t\u00f6\u00f6tulemuste parendamiseks, p\u00f5hjendab oma seisukohti selgelt.<\/li>\n<\/ul>\n<p><span style=\"color: #800080;\"><strong>Kursuse maht (AE19-42-M1, AE19-42-M2)<\/strong><\/span><\/p>\n<table style=\"height: 211px; width: 73.2865603644647%; border-collapse: collapse;\" border=\"1\">\n<tbody>\n<tr style=\"height: 48px;\">\n<td style=\"width: 12.85843137254902%; text-align: left; height: 48px;\"><\/td>\n<td style=\"width: 7.335177669321006%; text-align: left; height: 48px;\"><strong><span style=\"color: #333333;\">2019\/20<\/span><\/strong><br \/>\n<strong><span style=\"color: #333333;\">1. kursus<\/span><\/strong><\/td>\n<td style=\"width: 13.42104901779252%; text-align: left; height: 48px;\"><strong><span style=\"color: #333333;\">2020\/21<\/span><\/strong><br \/>\n<strong><span style=\"color: #333333;\">2. kursus<\/span><\/strong><\/td>\n<\/tr>\n<tr style=\"height: 24px;\">\n<td style=\"width: 12.85843137254902%; text-align: left; height: 24px;\"><span style=\"color: #333333;\">auditoorne t\u00f6\u00f6 (teor+pr)<\/span><\/td>\n<td style=\"width: 7.335177669321006%; text-align: left; height: 24px;\"><span style=\"color: #333333;\">4+10 tundi<\/span><\/td>\n<td style=\"width: 13.42104901779252%; text-align: left; height: 24px;\"><span style=\"color: #333333;\">1+6 tundi<\/span><\/td>\n<\/tr>\n<tr style=\"height: 24px;\">\n<td style=\"width: 12.85843137254902%; text-align: left; height: 24px;\"><span style=\"color: #333333;\">e-\u00f5pe<\/span><\/td>\n<td style=\"width: 7.335177669321006%; text-align: left; height: 24px;\"><span style=\"color: #333333;\">25 tundi<\/span><\/td>\n<td style=\"width: 13.42104901779252%; text-align: left; height: 24px;\"><span style=\"color: #333333;\">15 tundi<\/span><\/td>\n<\/tr>\n<tr style=\"height: 24px;\">\n<td style=\"width: 12.85843137254902%; text-align: left; height: 24px;\"><span style=\"color: #333333;\">isesisev t\u00f6\u00f6<\/span><\/td>\n<td style=\"width: 7.335177669321006%; text-align: left; height: 24px;\"><span style=\"color: #333333;\">16 tundi<\/span><\/td>\n<td style=\"width: 13.42104901779252%; text-align: left; height: 24px;\"><span style=\"color: #333333;\">30 tundi<\/span><\/td>\n<\/tr>\n<\/tbody>\n<\/table>\n<p><span style=\"color: #800080;\"><strong>Kursuse maht (AE20-42-M1, AE20-42-M2)<\/strong><\/span><\/p>\n<table style=\"height: 211px; width: 73.2865603644647%; border-collapse: collapse;\" border=\"1\">\n<tbody>\n<tr style=\"height: 48px;\">\n<td style=\"width: 12.85843137254902%; text-align: left; height: 48px;\"><\/td>\n<td style=\"width: 7.335177669321006%; text-align: left; height: 48px;\"><strong><span style=\"color: #333333;\">2020\/21<\/span><\/strong><br \/>\n<strong><span style=\"color: #333333;\">1. kursus<\/span><\/strong><\/td>\n<td style=\"width: 13.42104901779252%; text-align: left; height: 48px;\"><strong><span style=\"color: #333333;\">2021\/22<\/span><\/strong><br \/>\n<strong><span style=\"color: #333333;\">2. kursus<\/span><\/strong><\/td>\n<\/tr>\n<tr style=\"height: 24px;\">\n<td style=\"width: 12.85843137254902%; text-align: left; height: 24px;\"><span style=\"color: #333333;\">auditoorne t\u00f6\u00f6 (teor+pr)<\/span><\/td>\n<td style=\"width: 7.335177669321006%; text-align: left; height: 24px;\"><span style=\"color: #333333;\">1+10 tundi<\/span><\/td>\n<td style=\"width: 13.42104901779252%; text-align: left; height: 24px;\"><span style=\"color: #333333;\">1+6 tundi<\/span><\/td>\n<\/tr>\n<tr style=\"height: 24px;\">\n<td style=\"width: 12.85843137254902%; text-align: left; height: 24px;\"><span style=\"color: #333333;\">e-\u00f5pe<\/span><\/td>\n<td style=\"width: 7.335177669321006%; text-align: left; height: 24px;\"><span style=\"color: #333333;\">25 tundi<\/span><\/td>\n<td style=\"width: 13.42104901779252%; text-align: left; height: 24px;\"><span style=\"color: #333333;\">15 tundi<\/span><\/td>\n<\/tr>\n<tr style=\"height: 24px;\">\n<td style=\"width: 12.85843137254902%; text-align: left; height: 24px;\"><span style=\"color: #333333;\">isesisev t\u00f6\u00f6<\/span><\/td>\n<td style=\"width: 7.335177669321006%; text-align: left; height: 24px;\"><span style=\"color: #333333;\">16 tundi<\/span><\/td>\n<td style=\"width: 13.42104901779252%; text-align: left; height: 24px;\"><span style=\"color: #333333;\">30 tundi<\/span><\/td>\n<\/tr>\n<\/tbody>\n<\/table>\n<hr \/>\n<p><span style=\"color: #800080;\"><strong>\u00d5piv\u00e4ljundid (AE19-41-K, AE19-42-K)<\/strong><\/span><\/p>\n<p>\u00d5ppija<\/p>\n<ul>\n<li>tunneb \u00e4ra ja liigitab taimi, m\u00f5istab nende s\u00fcstemaatikat, morfoloogiat, f\u00fcsioloogiat;<\/li>\n<li>nimetab taimi eesti ja ladina keeles, l\u00e4htudes etteantud taimenimekirjast;<\/li>\n<li>rakendab taimede kasvatamisel agrotehnoloogia n\u00f5udeid ning kasutab t\u00f6\u00f6deks vajalikku tehnikat;<\/li>\n<li>valmistab ette taimede kasvukoha;<\/li>\n<li>valib paljundusmaterjali ja istutab;<\/li>\n<li>hooldab taimi, l\u00e4htudes agrotehnoloogiast;<\/li>\n<li>koristab, sorteerib, pakendab ja markeerib ning ladustab toodangu;<\/li>\n<li>planeerib erinevaid t\u00f6\u00f6protsesse ja juhendab v\u00e4ikest t\u00f6\u00f6r\u00fchma;<\/li>\n<li>kasutab info leidmiseks erinevaid allikaid ning hindab nende usaldusv\u00e4\u00e4rsust;<\/li>\n<li>leiab erialast infot ja vormistab kirjalikud t\u00f6\u00f6d vastavalt juhendile, IKT-vahendeid kasutades.<\/li>\n<\/ul>\n<p><span style=\"color: #800080;\"><strong>Kursuse maht p\u00e4eva\u00f5ppele (AE19-41-K, AE19-42-K)<\/strong><\/span><\/p>\n<table style=\"border-collapse: collapse; width: 100%;\" border=\"1\">\n<tbody>\n<tr>\n<td style=\"width: 28%;\"><\/td>\n<td style=\"width: 13.04541258960808%;\"><span style=\"color: #333333;\"><strong>2019\/20\u00a0<\/strong><\/span><br \/>\n<span style=\"color: #333333;\"><strong>1. kursus<\/strong><\/span><\/td>\n<td style=\"width: 10.047157134634503%;\"><span style=\"color: #333333;\"><strong>2020\/21<\/strong><\/span><br \/>\n<span style=\"color: #333333;\"><strong>2. kursus<\/strong><\/span><\/td>\n<td style=\"width: 14.687157134634504%;\"><span style=\"color: #333333;\"><strong>2021\/22<br \/>\n3.kursus<\/strong><\/span><\/td>\n<\/tr>\n<tr>\n<td style=\"width: 28%;\"><span style=\"color: #333333;\">auditoorne t\u00f6\u00f6 (teor+ pr)<\/span><\/td>\n<td style=\"width: 13.04541258960808%;\"><span style=\"color: #333333;\">10+23 tundi<\/span><\/td>\n<td style=\"width: 10.047157134634503%;\"><span style=\"color: #000000;\">9+27 tundi<\/span><\/td>\n<td style=\"width: 14.687157134634504%;\"><span style=\"color: #000000;\">\u00a00+16 tundi<\/span><\/td>\n<\/tr>\n<tr>\n<td style=\"width: 28%;\"><span style=\"color: #333333;\">e-\u00f5pe<\/span><\/td>\n<td style=\"width: 13.04541258960808%;\"><span style=\"color: #333333;\">0 tundi<\/span><\/td>\n<td style=\"width: 10.047157134634503%;\"><span style=\"color: #000000;\">0 tundi<\/span><\/td>\n<td style=\"width: 14.687157134634504%;\"><span style=\"color: #000000;\">\u00a0<\/span><\/td>\n<\/tr>\n<tr>\n<td style=\"width: 28%;\"><span style=\"color: #333333;\">iseseisev t\u00f6\u00f6\u00a0<\/span><\/td>\n<td style=\"width: 13.04541258960808%;\"><span style=\"color: #333333;\">14 tundi<\/span><\/td>\n<td style=\"width: 10.047157134634503%;\"><span style=\"color: #000000;\">16 tundi<\/span><\/td>\n<td style=\"width: 14.687157134634504%;\"><span style=\"color: #000000;\">\u00a0<\/span><\/td>\n<\/tr>\n<\/tbody>\n<\/table>\n<p><span style=\"color: #800080;\"><strong>Kursuse maht p\u00e4eva\u00f5ppele (AE20-41-K, AE20-42-K)<\/strong><\/span><\/p>\n<table style=\"border-collapse: collapse; width: 100%;\" border=\"1\">\n<tbody>\n<tr>\n<td style=\"width: 28%;\"><\/td>\n<td style=\"width: 13.04541258960808%;\"><span style=\"color: #333333;\"><strong>2020\/21\u00a0<\/strong><\/span><br \/>\n<span style=\"color: #333333;\"><strong>1. kursus<\/strong><\/span><\/td>\n<td style=\"width: 10.047157134634503%;\"><span style=\"color: #333333;\"><strong>2021\/22<\/strong><\/span><br \/>\n<span style=\"color: #333333;\"><strong>2. kursus<\/strong><\/span><\/td>\n<td style=\"width: 14.687157134634504%;\"><span style=\"color: #333333;\"><strong>2022\/23<br \/>\n3.kursus<\/strong><\/span><\/td>\n<\/tr>\n<tr>\n<td style=\"width: 28%;\"><span style=\"color: #333333;\">auditoorne t\u00f6\u00f6 (teor+ pr)<\/span><\/td>\n<td style=\"width: 13.04541258960808%;\"><span style=\"color: #333333;\">10+26 tundi<\/span><\/td>\n<td style=\"width: 10.047157134634503%;\"><span style=\"color: #000000;\">9+27 tundi<\/span><\/td>\n<td style=\"width: 14.687157134634504%;\"><span style=\"color: #000000;\">\u00a00+16 tundi<\/span><\/td>\n<\/tr>\n<tr>\n<td style=\"width: 28%;\"><span style=\"color: #333333;\">e-\u00f5pe<\/span><\/td>\n<td style=\"width: 13.04541258960808%;\"><span style=\"color: #333333;\">0 tundi<\/span><\/td>\n<td style=\"width: 10.047157134634503%;\"><span style=\"color: #000000;\">0 tundi<\/span><\/td>\n<td style=\"width: 14.687157134634504%;\"><span style=\"color: #000000;\">\u00a0<\/span><\/td>\n<\/tr>\n<tr>\n<td style=\"width: 28%;\"><span style=\"color: #333333;\">iseseisev t\u00f6\u00f6\u00a0<\/span><\/td>\n<td style=\"width: 13.04541258960808%;\"><span style=\"color: #333333;\">15 tundi<\/span><\/td>\n<td style=\"width: 10.047157134634503%;\"><span style=\"color: #000000;\">16 tundi<\/span><\/td>\n<td style=\"width: 14.687157134634504%;\"><span style=\"color: #000000;\">\u00a0<\/span><\/td>\n<\/tr>\n<\/tbody>\n<\/table>\n<p><\/p>\n","protected":false},"excerpt":{"rendered":"<p>Eesm\u00e4rk (AE19-42-M1, AE19-42-M2) Iluaiandus I (sess, 2019\/20) \u00d5petusega taotletakse, et \u00f5pilane paljundab ja kasvatab enamlevinud ilutaimi katmikalal, rakendab digivahendeid eesm\u00e4rgip\u00e4raselt, katsetab uusi teooriaid ja tehnoloogiaid, arendab oma oskusi ja teadmisi l\u00e4bi pideva professionaalse arengu. Iluaiandus II (sess, 2. kursus 2020\/2021) \u00d5petusega taotletakse, et \u00f5ppilane korraldab t\u00f6id enamlevinud ilutaimede paljundamisel ja kasvatamisel katmikalal tava- ja maheviljeluse [&hellip;]<\/p>\n","protected":false},"author":2,"featured_media":0,"parent":0,"menu_order":0,"comment_status":"closed","ping_status":"closed","template":"page-templates\/full-width.php","meta":{"footnotes":""},"class_list":["post-7","page","type-page","status-publish","hentry"],"_links":{"self":[{"href":"https:\/\/aianduskool.ee\/toalilled\/wp-json\/wp\/v2\/pages\/7","targetHints":{"allow":["GET"]}}],"collection":[{"href":"https:\/\/aianduskool.ee\/toalilled\/wp-json\/wp\/v2\/pages"}],"about":[{"href":"https:\/\/aianduskool.ee\/toalilled\/wp-json\/wp\/v2\/types\/page"}],"author":[{"embeddable":true,"href":"https:\/\/aianduskool.ee\/toalilled\/wp-json\/wp\/v2\/users\/2"}],"replies":[{"embeddable":true,"href":"https:\/\/aianduskool.ee\/toalilled\/wp-json\/wp\/v2\/comments?post=7"}],"version-history":[{"count":5,"href":"https:\/\/aianduskool.ee\/toalilled\/wp-json\/wp\/v2\/pages\/7\/revisions"}],"predecessor-version":[{"id":581,"href":"https:\/\/aianduskool.ee\/toalilled\/wp-json\/wp\/v2\/pages\/7\/revisions\/581"}],"wp:attachment":[{"href":"https:\/\/aianduskool.ee\/toalilled\/wp-json\/wp\/v2\/media?parent=7"}],"curies":[{"name":"wp","href":"https:\/\/api.w.org\/{rel}","templated":true}]}}