{"id":148,"date":"2014-02-16T16:11:12","date_gmt":"2014-02-16T14:11:12","guid":{"rendered":"http:\/\/tomatiaianduskool.ee\/?page_id=148"},"modified":"2014-02-16T20:21:03","modified_gmt":"2014-02-16T18:21:03","slug":"tomatiprojekti-meeskond","status":"publish","type":"page","link":"https:\/\/aianduskool.ee\/tomatiprojekt\/?page_id=148","title":{"rendered":"Tomatiprojekti meeskond"},"content":{"rendered":"<p><span style=\"color: #003300;\"><strong>Ulvi Mustmaa<\/strong><\/span> &#8211; aianduskooli t\u00e4ienduskoolituse ja arenguosakonna juhataja, tomatiprojekti \u00fcldjuht.<br \/>\n\u00dclesanded tomatiprojektis: \u00fcldine projektiga seonduva organiseerimine ja koordineerimine, logistika, blogipostituste tegemine.<\/p>\n<p><span style=\"color: #003300;\"><strong>Tairi Albert<\/strong><\/span> &#8211; aianduskooli taimekaitse ja k\u00f6\u00f6giviljanduse \u00f5petaja, tomatiprojekti juht.<br \/>\n\u00dclesanded tomatiprojektis: katse k\u00e4igu kirjelduse koostamine, v\u00e4etiste koguste arvestamine, seemnete k\u00fclvamine, erialane n\u00f5ustamine.<\/p>\n<p><span style=\"color: #003300;\"><strong>T\u00f5nis Soopere<\/strong><\/span> &#8211; aianduskooli \u00f5ppemajandi juhataja.<br \/>\n\u00dclesanded tomatiprojektis: taimede kasvatamise korraldamine \u00f5ppemajandi kasvuhoones ja transport.<\/p>\n<p><span style=\"color: #003300;\"><strong>Katrin Uurman <\/strong><\/span>&#8211;\u00a0aianduse ja maastikuehituse eriala juht\u00f5petaja, lillekasvatuse \u00f5petaja.<br \/>\n\u00dclesanded tomatiprojektis: erialane n\u00f5ustamine, blogipostituste tegemine,\u00a0 katse l\u00e4biviimine klassis 329.<\/p>\n<p><strong>J<span style=\"color: #003300;\">ano Narvik<\/span><\/strong> &#8211; aianduskooli majandusosakonna juhataja.<br \/>\n\u00dclesanded tomatiprojektis: transpordi korraldamine.<\/p>\n<p><span style=\"color: #003300;\"><strong>Projekti kaasatud aianduskooli inimesed<\/strong><\/span><\/p>\n<p><span style=\"color: #003300;\"><strong>Aleksei Raud<\/strong><\/span> &#8211; aianduskooli IT spetsialist.<br \/>\n\u00dclesanded tomatiprojektis: IT-tugi.<\/p>\n<p><span style=\"color: #003300;\"><strong>Sirje Tooding<\/strong><\/span> &#8211; mulla- ja v\u00e4etus\u00f5petuse \u00f5petaja.<br \/>\n\u00dclesanded tomatiprojektis: v\u00e4etiste kaalumine ja pakendamine.<\/p>\n<p><span style=\"color: #003300;\"><strong>\u00d5nne R\u00e4mmann<\/strong><\/span>&#8211; keskkonnakaitse\u00a0 \u00f5petaja.<br \/>\n\u00dclesanded tomatiprojektis: v\u00e4etiste kaalumine ja pakendamine.<\/p>\n<p><span style=\"color: #003300;\"><strong>Anu K\u00e4\u00e4r<\/strong><\/span> &#8211; lillekasvatuse \u00f5petaja.<br \/>\n\u00dclesanded tomatiprojektis: taimede istutamine kassettidesse.<\/p>\n<p><span style=\"color: #003300;\"><strong>Kristjan Freirik<\/strong><\/span> &#8211; maastikuehituse eriala 3. kursuse \u00f5pilane.<br \/>\n\u00dclesanded tomatiprojektis: videofilmide filmimine ja monteerimine.<\/p>\n<h4 style=\"text-align: center;\"><strong><span style=\"color: #003300;\">Tomatiprojekti meeskond soovib k\u00f5igile osalejatele head katsetamisindu ja kannatlikkust tomatite kasvatamisel.\u00a0<\/span><\/strong><\/h4>\n","protected":false},"excerpt":{"rendered":"<p>Ulvi Mustmaa &#8211; aianduskooli t\u00e4ienduskoolituse ja arenguosakonna juhataja, tomatiprojekti \u00fcldjuht. \u00dclesanded tomatiprojektis: \u00fcldine projektiga seonduva organiseerimine ja koordineerimine, logistika, blogipostituste tegemine. Tairi Albert &#8211; aianduskooli taimekaitse ja k\u00f6\u00f6giviljanduse \u00f5petaja, tomatiprojekti juht. \u00dclesanded tomatiprojektis: katse k\u00e4igu kirjelduse koostamine, v\u00e4etiste koguste arvestamine, seemnete k\u00fclvamine, erialane n\u00f5ustamine. T\u00f5nis Soopere &#8211; aianduskooli \u00f5ppemajandi juhataja. \u00dclesanded tomatiprojektis: taimede kasvatamise korraldamine &hellip; <a href=\"https:\/\/aianduskool.ee\/tomatiprojekt\/?page_id=148\" class=\"more-link\">Loe edasi <span class=\"screen-reader-text\">Tomatiprojekti meeskond<\/span> <span class=\"meta-nav\">&rarr;<\/span><\/a><\/p>\n","protected":false},"author":2,"featured_media":0,"parent":0,"menu_order":0,"comment_status":"open","ping_status":"open","template":"","meta":{"footnotes":""},"class_list":["post-148","page","type-page","status-publish","hentry"],"_links":{"self":[{"href":"https:\/\/aianduskool.ee\/tomatiprojekt\/index.php?rest_route=\/wp\/v2\/pages\/148","targetHints":{"allow":["GET"]}}],"collection":[{"href":"https:\/\/aianduskool.ee\/tomatiprojekt\/index.php?rest_route=\/wp\/v2\/pages"}],"about":[{"href":"https:\/\/aianduskool.ee\/tomatiprojekt\/index.php?rest_route=\/wp\/v2\/types\/page"}],"author":[{"embeddable":true,"href":"https:\/\/aianduskool.ee\/tomatiprojekt\/index.php?rest_route=\/wp\/v2\/users\/2"}],"replies":[{"embeddable":true,"href":"https:\/\/aianduskool.ee\/tomatiprojekt\/index.php?rest_route=%2Fwp%2Fv2%2Fcomments&post=148"}],"version-history":[{"count":5,"href":"https:\/\/aianduskool.ee\/tomatiprojekt\/index.php?rest_route=\/wp\/v2\/pages\/148\/revisions"}],"predecessor-version":[{"id":162,"href":"https:\/\/aianduskool.ee\/tomatiprojekt\/index.php?rest_route=\/wp\/v2\/pages\/148\/revisions\/162"}],"wp:attachment":[{"href":"https:\/\/aianduskool.ee\/tomatiprojekt\/index.php?rest_route=%2Fwp%2Fv2%2Fmedia&parent=148"}],"curies":[{"name":"wp","href":"https:\/\/api.w.org\/{rel}","templated":true}]}}