{"id":6,"date":"2014-01-29T12:24:02","date_gmt":"2014-01-29T10:24:02","guid":{"rendered":"http:\/\/tomatiaianduskool.ee\/?page_id=6"},"modified":"2015-02-07T21:04:22","modified_gmt":"2015-02-07T19:04:22","slug":"sissejuhatus","status":"publish","type":"page","link":"https:\/\/aianduskool.ee\/tomatiprojekt\/?page_id=6","title":{"rendered":"Sissejuhatus"},"content":{"rendered":"<p style=\"text-align: left;\">Esmasp\u00e4eval, 13. jaanuaril 2014 saatis R\u00e4pina Aianduskool laiali j\u00e4rgmise teate:<br \/>\n<em>(lugemiseks kl\u00f5psa pildil)<\/em><\/p>\n<p style=\"text-align: left;\"><a href=\"http:\/\/aianduskool.ee\/tomatiprojekt\/wp-content\/uploads\/2014\/01\/Screen-Shot-2014-01-13-at-10.36.23-AM1.png\"><img loading=\"lazy\" decoding=\"async\" class=\"alignnone size-full wp-image-8\" src=\"http:\/\/aianduskool.ee\/tomatiprojekt\/wp-content\/uploads\/2014\/01\/Screen-Shot-2014-01-13-at-10.36.23-AM1.png\" alt=\"Screen Shot 2014-01-13 at 10.36.23 AM\" width=\"728\" height=\"624\" srcset=\"https:\/\/aianduskool.ee\/tomatiprojekt\/wp-content\/uploads\/2014\/01\/Screen-Shot-2014-01-13-at-10.36.23-AM1.png 728w, https:\/\/aianduskool.ee\/tomatiprojekt\/wp-content\/uploads\/2014\/01\/Screen-Shot-2014-01-13-at-10.36.23-AM1-300x257.png 300w\" sizes=\"auto, (max-width: 728px) 100vw, 728px\" \/><\/a><\/p>\n<p>Registreerumiseks oli aega reede, 17. jaanuarini. Reede \u00f5htul kl 24.00-ks oli osaleda soovivaid r\u00fchmi-r\u00fchmakesi \u00fcle kogu Eesti kirjas<strong> 786<\/strong> ja siia t\u00f5mbasime ka kriipsu &#8211; ehkki telefonik\u00f5nesid-meile osalemissooviga saabus veel umbes sadakond.<br \/>\nAllpoololevalt graafikult n\u00e4ed, millises Eesti maakonnas on <strong>k\u00f5ige kiiremad<\/strong> tomatis\u00f5brad \ud83d\ude42<\/p>\n<p style=\"text-align: center;\"><a href=\"http:\/\/aianduskool.ee\/tomatiprojekt\/wp-content\/uploads\/2014\/01\/Screen-Shot-2014-01-29-at-12.20.02-PM.png\"><img loading=\"lazy\" decoding=\"async\" class=\"alignnone size-full wp-image-9\" src=\"http:\/\/aianduskool.ee\/tomatiprojekt\/wp-content\/uploads\/2014\/01\/Screen-Shot-2014-01-29-at-12.20.02-PM.png\" alt=\"Screen Shot 2014-01-29 at 12.20.02 PM\" width=\"584\" height=\"329\" srcset=\"https:\/\/aianduskool.ee\/tomatiprojekt\/wp-content\/uploads\/2014\/01\/Screen-Shot-2014-01-29-at-12.20.02-PM.png 584w, https:\/\/aianduskool.ee\/tomatiprojekt\/wp-content\/uploads\/2014\/01\/Screen-Shot-2014-01-29-at-12.20.02-PM-300x169.png 300w\" sizes=\"auto, (max-width: 584px) 100vw, 584px\" \/><\/a><\/p>\n<p>Tomatiseemned on k\u00fclvatud ja hoogsalt kasvamas.<\/p>\n","protected":false},"excerpt":{"rendered":"<p>Esmasp\u00e4eval, 13. jaanuaril 2014 saatis R\u00e4pina Aianduskool laiali j\u00e4rgmise teate: (lugemiseks kl\u00f5psa pildil) Registreerumiseks oli aega reede, 17. jaanuarini. Reede \u00f5htul kl 24.00-ks oli osaleda soovivaid r\u00fchmi-r\u00fchmakesi \u00fcle kogu Eesti kirjas 786 ja siia t\u00f5mbasime ka kriipsu &#8211; ehkki telefonik\u00f5nesid-meile osalemissooviga saabus veel umbes sadakond. Allpoololevalt graafikult n\u00e4ed, millises Eesti maakonnas on k\u00f5ige kiiremad tomatis\u00f5brad &hellip; <a href=\"https:\/\/aianduskool.ee\/tomatiprojekt\/?page_id=6\" class=\"more-link\">Loe edasi <span class=\"screen-reader-text\">Sissejuhatus<\/span> <span class=\"meta-nav\">&rarr;<\/span><\/a><\/p>\n","protected":false},"author":2,"featured_media":0,"parent":0,"menu_order":0,"comment_status":"open","ping_status":"open","template":"","meta":{"footnotes":""},"class_list":["post-6","page","type-page","status-publish","hentry"],"_links":{"self":[{"href":"https:\/\/aianduskool.ee\/tomatiprojekt\/index.php?rest_route=\/wp\/v2\/pages\/6","targetHints":{"allow":["GET"]}}],"collection":[{"href":"https:\/\/aianduskool.ee\/tomatiprojekt\/index.php?rest_route=\/wp\/v2\/pages"}],"about":[{"href":"https:\/\/aianduskool.ee\/tomatiprojekt\/index.php?rest_route=\/wp\/v2\/types\/page"}],"author":[{"embeddable":true,"href":"https:\/\/aianduskool.ee\/tomatiprojekt\/index.php?rest_route=\/wp\/v2\/users\/2"}],"replies":[{"embeddable":true,"href":"https:\/\/aianduskool.ee\/tomatiprojekt\/index.php?rest_route=%2Fwp%2Fv2%2Fcomments&post=6"}],"version-history":[{"count":5,"href":"https:\/\/aianduskool.ee\/tomatiprojekt\/index.php?rest_route=\/wp\/v2\/pages\/6\/revisions"}],"predecessor-version":[{"id":773,"href":"https:\/\/aianduskool.ee\/tomatiprojekt\/index.php?rest_route=\/wp\/v2\/pages\/6\/revisions\/773"}],"wp:attachment":[{"href":"https:\/\/aianduskool.ee\/tomatiprojekt\/index.php?rest_route=%2Fwp%2Fv2%2Fmedia&parent=6"}],"curies":[{"name":"wp","href":"https:\/\/api.w.org\/{rel}","templated":true}]}}