{"id":122,"date":"2018-02-18T20:16:23","date_gmt":"2018-02-18T18:16:23","guid":{"rendered":"https:\/\/aianduskool.ee\/tomatisobrad\/?page_id=122"},"modified":"2019-02-17T09:34:13","modified_gmt":"2019-02-17T07:34:13","slug":"esimene-nadal-algab","status":"publish","type":"page","link":"https:\/\/aianduskool.ee\/tomatisobrad\/blogid\/esimene-nadal-algab\/","title":{"rendered":"Esimene n\u00e4dal algab!"},"content":{"rendered":"<p>Head s\u00f5rad!<\/p>\n<p>Ongi k\u00e4tte j\u00f5udnud kauaoodatud\u00a0p\u00e4ev, 18. veebruar &#8211; projekti alguse p\u00e4ev.<\/p>\n<p>Suur-suur ait\u00e4h k\u00f5igile, kes on meid taimede k\u00e4ttesaamisest teavitanud. Samuti t\u00e4name k\u00f5iki toredate piltide jagamise eest meie Facebooki grupis. \ud83d\ude42 K\u00fcll aga pole veel p\u00e4ris k\u00f5ik osalejad oma taimi k\u00e4tte saanud. Esmasp\u00e4eval transporditakse s\u00f5brakomplektid veel V\u00f5ru- ja Valgamaale. N\u00e4dala teises pooles on k\u00f5ik osalejad taimed k\u00e4tte saanud ja suur tomatikasvatus v\u00f5ibki alata!<\/p>\n<p>N\u00fc\u00fcd aga r\u00e4\u00e4gime l\u00e4hemalt sellest, mis projekti esimesel n\u00e4dalal juhtuma hakkab.\u00a0<\/p>\n<p><b>1. projekti n\u00e4dal (18.\u2013 24. veebruar)<\/b><\/p>\n<p>Esimesel projektin\u00e4dalal tutvuge kindlasti projekti kodulehega, et aru saada, kus miski paikneb ning millist infot kodulehelt on v\u00f5imalik leida. <br \/>\nProjekti esimesel n\u00e4dalal algab juba traditsiooniline, n\u00e4dala k\u00fcsimuse vastamine. K\u00fcsimust saab n\u00e4ha ja sellele vastata, kui logida projekti kodulehele sisse men\u00fc\u00fc \u201cViktoriin\u201d alt. N\u00e4dala k\u00fcsimused on valikvastustega, testi vormis. K\u00fcsimusele ei pea kohe vastama. V\u00f5ib teha nii: n\u00e4iteks esmasp\u00e4eval vaatate k\u00fcsimuse \u00e4ra, vastate aga hoopis neljap\u00e4eval.\u00a0N\u00e4dala k\u00fcsimusele saab vastata esmasp\u00e4evast reedeni. N\u00e4dala k\u00fcsimustele vastamisega kogume punkte. Iga \u00f5ige vastus annab \u00fche punkti. K\u00f5ige rohkem projekti jooksul punkte kogunud r\u00fchma\/ klassi ootab projekti l\u00f5pus vahva \u00fcllatus! Koolivaheaja n\u00e4dalatel (25.02.-3.03. ja 22.-28.04.) viktoriin peatub. Siis uusi n\u00e4dala k\u00fcsimusi ei ole.<\/p>\n<p>18. veebruaril algab kaks konkurssi: <a href=\"https:\/\/aianduskool.ee\/tomatisobrad\/projektipaeviku-konkurss-19-02-29-04-2018\/\">projektip\u00e4eviku konkurss<\/a> ja\u00a0<a href=\"https:\/\/aianduskool.ee\/tomatisobrad\/fotokonkurss-makropilt-19-02-29-04-2018\/\">fotokonkurss<\/a>. M\u00f5lemad kestavad projekti l\u00f5puni. Konkursit\u00f6\u00f6dele esitavate n\u00f5uetega saate tutvuda linkide alt v\u00f5i uurides men\u00fc\u00fcst &#8220;Konkursid&#8221;. Linke projektip\u00e4evikutele v\u00f5ite saata meile kogu projekti jooksul (kuni aprilli l\u00f5puni).<\/p>\n<p>Kindlasti tuvuge men\u00fc\u00fc \u201cKatse\u201d alt katse k\u00e4igu ja kogutavate katseandmetega. Sellelt lehelt leiate abitabeli, mille v\u00f5ite endale arvutisse salvestada v\u00f5i paberile printida. Katseandmeid ootame teilt projekti l\u00f5pus tagasi. Katseandmete edastamisest r\u00e4\u00e4gime siis, kui aeg on seda teha.\u00a0<\/p>\n<p>Taimede \u00fchine kasvatamise katse algabki 18. veebruaril. Esimesel projekti n\u00e4dalal uurime tomatitaimi ja vajadusel kastame. \u00dcmberistutamise ja v\u00e4etamisega tasuks veel oodata. Taimed peavad esmalt uue eluruumiga harjuma. V\u00e4ikestele tomatitaimedele v\u00f5ib juurde panna nummerdatud nimesildid. Need on hiljem abiks taimede v\u00e4etamisel ja andmete kogumisel. Mida t\u00e4hendab kollane ja mida punane kleeps potil? Seda saab teada katseandmete kogumise tabelist. Samuti on seal ette antud taimede nummerdamise s\u00fcsteem.\u00a0<\/p>\n<p>Men\u00fc\u00fcst \u201cKalender\u201d leiate projekti kalendri, kus on kirjas tegevused, mis meid ees ootavad. Kalendrit t\u00e4iendatakse \u00a0jooksvalt.<\/p>\n<p>Kindlasti leidke projekti kodulehelt \u00fcles ka n\u00e4dala nipp. See hakkab meil igal n\u00e4dalal vahetuma.<\/p>\n<p>\n<strong>\u00dcks n\u00f5uanne!\u00a0<\/strong><br \/>\n\u00dchinedes Facebooki grupiga &#8220;Tomatis\u00f5brad&#8221; kindlasti vastake n\u00f5utud k\u00fcsimustele. Administraator ei lisa gruppi \u00fchtegi inimest, kes ei ole k\u00fcsimustele vastanud. Tegemist on kinnise grupiga ja nii v\u00e4ldime projektiga mitteseotud inimeste sattumist gruppi.\u00a0<\/p>\n<p>&nbsp;<\/p>\n<p>Projekti meeskond soovib k\u00f5igile s\u00f5pradele m\u00f5nusat kaasal\u00f6\u00f6mist!<\/p>\n","protected":false},"excerpt":{"rendered":"<p>Head s\u00f5rad! Ongi k\u00e4tte j\u00f5udnud kauaoodatud\u00a0p\u00e4ev, 18. veebruar &#8211; projekti alguse p\u00e4ev. Suur-suur ait\u00e4h k\u00f5igile, kes on meid taimede k\u00e4ttesaamisest teavitanud. Samuti t\u00e4name k\u00f5iki toredate piltide jagamise eest meie Facebooki grupis. \ud83d\ude42 K\u00fcll aga pole veel p\u00e4ris k\u00f5ik osalejad oma taimi k\u00e4tte saanud. Esmasp\u00e4eval transporditakse s\u00f5brakomplektid veel V\u00f5ru- ja Valgamaale. N\u00e4dala teises pooles on k\u00f5ik osalejad taimed k\u00e4tte saanud ja suur tomatikasvatus v\u00f5ibki alata! N\u00fc\u00fcd aga r\u00e4\u00e4gime l\u00e4hemalt sellest, mis projekti esimesel n\u00e4dalal juhtuma hakkab.\u00a0 1. projekti n\u00e4dal (18.\u2013 24. veebruar) Esimesel projektin\u00e4dalal tutvuge kindlasti projekti kodulehega, et aru saada, kus miski paikneb ning millist infot kodulehelt on v\u00f5imalik leida&#8230;<\/p>\n","protected":false},"author":2,"featured_media":0,"parent":23,"menu_order":0,"comment_status":"closed","ping_status":"closed","template":"","meta":{"footnotes":""},"class_list":["post-122","page","type-page","status-publish","hentry"],"_links":{"self":[{"href":"https:\/\/aianduskool.ee\/tomatisobrad\/wp-json\/wp\/v2\/pages\/122","targetHints":{"allow":["GET"]}}],"collection":[{"href":"https:\/\/aianduskool.ee\/tomatisobrad\/wp-json\/wp\/v2\/pages"}],"about":[{"href":"https:\/\/aianduskool.ee\/tomatisobrad\/wp-json\/wp\/v2\/types\/page"}],"author":[{"embeddable":true,"href":"https:\/\/aianduskool.ee\/tomatisobrad\/wp-json\/wp\/v2\/users\/2"}],"replies":[{"embeddable":true,"href":"https:\/\/aianduskool.ee\/tomatisobrad\/wp-json\/wp\/v2\/comments?post=122"}],"version-history":[{"count":5,"href":"https:\/\/aianduskool.ee\/tomatisobrad\/wp-json\/wp\/v2\/pages\/122\/revisions"}],"predecessor-version":[{"id":721,"href":"https:\/\/aianduskool.ee\/tomatisobrad\/wp-json\/wp\/v2\/pages\/122\/revisions\/721"}],"up":[{"embeddable":true,"href":"https:\/\/aianduskool.ee\/tomatisobrad\/wp-json\/wp\/v2\/pages\/23"}],"wp:attachment":[{"href":"https:\/\/aianduskool.ee\/tomatisobrad\/wp-json\/wp\/v2\/media?parent=122"}],"curies":[{"name":"wp","href":"https:\/\/api.w.org\/{rel}","templated":true}]}}