{"id":727,"date":"2019-02-18T15:44:13","date_gmt":"2019-02-18T13:44:13","guid":{"rendered":"https:\/\/aianduskool.ee\/tomatisobrad\/?page_id=727"},"modified":"2019-05-14T10:21:05","modified_gmt":"2019-05-14T07:21:05","slug":"osalejate-projektipaevikud","status":"publish","type":"page","link":"https:\/\/aianduskool.ee\/tomatisobrad\/blogid\/osalejate-projektipaevikud\/","title":{"rendered":"Osalejate projektip\u00e4evikud"},"content":{"rendered":"<p>Adavere P\u00f5hikool, <a href=\"https:\/\/kati-tomatisobrad-2019.blogspot.com\" target=\"_blank\" rel=\"noopener noreferrer\">1.-2. klass<\/a><br \/>\nAlasniidu Lasteaed, <a href=\"https:\/\/sobradalati.blogspot.com\" target=\"_blank\" rel=\"noopener noreferrer\">P\u00e4\u00e4susilma r\u00fchm<\/a><br \/>\nAlbu P\u00f5hikool, <a href=\"https:\/\/albu2kltomatisobrad.blogspot.com\/\" target=\"_blank\" rel=\"noopener noreferrer\">2. klass<\/a><br \/>\nAmbla-Aravete Kool, <a href=\"http:\/\/amblakurgis6brad.blogspot.com\/\" target=\"_blank\" rel=\"noopener noreferrer\">2. klass<\/a><br \/>\nAnna Haava nim. Pala Kooli lasteaed, <a href=\"https:\/\/palavtomat.blogspot.com\/?m=1\" target=\"_blank\" rel=\"noopener noreferrer\">keskmise r\u00fchm<\/a><br \/>\nAudru Kool, <a href=\"https:\/\/audru3a.blogspot.com\" target=\"_blank\" rel=\"noopener noreferrer\">3.a klass<\/a><br \/>\nAudru Kool, <a href=\"https:\/\/audrutomatisobrad3b.blogspot.com\" target=\"_blank\" rel=\"noopener noreferrer\">3.b klass<\/a><br \/>\nC.R. Jakobsoni nim. Torma P\u00f5hikooli Linnutaja Lasteaed, <a href=\"https:\/\/midritomat.blogspot.com\/\" target=\"_blank\" rel=\"noopener noreferrer\">Midripere r\u00fchm<\/a><br \/>\nC.R. Jakobsoni nim. Torma P\u00f5hikooli Linnutaja Lasteaed, <a href=\"https:\/\/nipitomat.blogspot.com\" target=\"_blank\" rel=\"noopener noreferrer\">Nipitiride r\u00fchm<\/a><br \/>\nElva Lasteaed Murumuna, <a href=\"https:\/\/elvakarukesed.wixsite.com\/elvakarukesed\" target=\"_blank\" rel=\"noopener noreferrer\">Karukeste r\u00fchm<\/a><br \/>\nJ\u00e4rvek\u00fcla kool, <a href=\"https:\/\/esimenebeetomatisobrad.blogspot.com\" target=\"_blank\" rel=\"noopener noreferrer\">1.B klass<\/a><br \/>\nGustav Adolfi G\u00fcmnaasium, <a href=\"https:\/\/juskebrita.wixsite.com\/4lustakattomatit\" target=\"_blank\" rel=\"noopener noreferrer\">looduses\u00f5brad<\/a><br \/>\nKaarli Kool, <a href=\"https:\/\/tomatisobrad.home.blog\" target=\"_blank\" rel=\"noopener noreferrer\">1.klass<\/a><br \/>\nKabala Lasteaed-P\u00f5hikool, <a href=\"http:\/\/anusiniroht.blogspot.com\/\" target=\"_blank\" rel=\"noopener noreferrer\">6. klass<\/a><br \/>\nKeeni kool, <a href=\"https:\/\/keenitom.blogspot.com\/2019\/02\/magusad-tomatid.html\" target=\"_blank\" rel=\"noopener noreferrer\">4. klass<\/a><br \/>\nKeeni P\u00f5hikool, <a href=\"https:\/\/tomatitudrukudkeenipk6.blogspot.com\" target=\"_blank\" rel=\"noopener noreferrer\">6. klassi t\u00fcdrukud<\/a><br \/>\nKeila Kool,<a href=\"http:\/\/linoit.com\/users\/opetajaEvelin\/canvases\/Tomatis%C3%B5brad%202019\" target=\"_blank\" rel=\"noopener noreferrer\"> 2. e klass<\/a><br \/>\nKehtna lasteaed Siller, <a href=\"http:\/\/saialill.simplesite.com\" target=\"_blank\" rel=\"noopener noreferrer\">Saialille r\u00fchm<\/a><br \/>\nKernu P\u00f5hikooli Lasteaed Riisikas, <a href=\"https:\/\/kuuseriisikad.blogspot.com\/\" target=\"_blank\" rel=\"noopener noreferrer\">Kuuseriisika r\u00fchm<\/a><br \/>\nKernu P\u00f5hikooli Haiba Lasteaed Riisikas, <a href=\"https:\/\/mannitomatid.blogspot.com\/\" target=\"_blank\" rel=\"noopener noreferrer\">M\u00e4nniriisika r\u00fchm<\/a><br \/>\nKivi\u00f5li 1. Keskkool, <a href=\"https:\/\/opetajajaanikaklass.blogspot.com\" target=\"_blank\" rel=\"noopener noreferrer\">2.a klass<\/a><br \/>\nKivi\u00f5li 1. Keskkool, <a href=\"https:\/\/7tomatisopra.weebly.com\" target=\"_blank\" rel=\"noopener noreferrer\">7. klass<\/a><br \/>\nKohila G\u00fcmnaasiumi Hageri klassid, <a href=\"https:\/\/hageri1.blogspot.com\" target=\"_blank\" rel=\"noopener noreferrer\">2.h klass<\/a><br \/>\nKohila Lasteaed, <a href=\"https:\/\/mannilapsed.home.blog\/2019\/03\/07\/the-journey-begins\/\" target=\"_blank\" rel=\"noopener noreferrer\">M\u00e4nni ja Lepatriinu r\u00fchmad<\/a><br \/>\nK\u00f5msi Lasteaed-Algkool, <a href=\"https:\/\/sites.google.com\/view\/komsitomatid\/avaleht\" target=\"_blank\" rel=\"noopener noreferrer\">Rohen\u00e4pud<\/a><br \/>\nLasnam\u00e4e P\u00f5hikool, <a href=\"https:\/\/lpktomatisobrad.blogspot.com\" target=\"_blank\" rel=\"noopener noreferrer\">1.klass<\/a><br \/>\nLasteaed <a href=\"https:\/\/neememudilatomatisobrad.blogspot.com\" target=\"_blank\" rel=\"noopener noreferrer\">Neeme Mudila<\/a><br \/>\nLasteaed P\u00e4ikene, <a href=\"https:\/\/padlet.com\/ryhm_paikeseratas\/tomatis6brad\" target=\"_blank\" rel=\"noopener noreferrer\">P\u00e4ikeseratta r\u00fchm<\/a><br \/>\nLepatriinu M\u00e4ngumaa MT\u00dc, <a href=\"https:\/\/lossilepatriinud.blogspot.com\/?m=1\" target=\"_blank\" rel=\"noopener noreferrer\">Lossi Lepatriinud<\/a><br \/>\nMelliste Algkool-Lasteaed, <a href=\"http:\/\/merrit1.simplesite.com\/\" target=\"_blank\" rel=\"noopener noreferrer\">1. klass<\/a><br \/>\nMelliste Algkool-Lasteaed, <a href=\"http:\/\/melliste3.simplesite.com\" target=\"_blank\" rel=\"noopener noreferrer\">3. klass<\/a><br \/>\nMelliste Algkool-Lasteaed, <a href=\"http:\/\/mellisteviiendikud.simplesite.com\" target=\"_blank\" rel=\"noopener noreferrer\">5. klass<\/a><br \/>\nM\u00f5niste Kool, <a href=\"https:\/\/spark.adobe.com\/page\/oN3wqQt6ytqNy\/\" target=\"_blank\" rel=\"noopener noreferrer\">2.klass<\/a><br \/>\nM\u00e4rjamaa Lasteaed Pillerpall, <a href=\"https:\/\/pillerpall.blogspot.com\/p\/blog-page_50.html\" target=\"_blank\" rel=\"noopener noreferrer\">\u00dclase r\u00fchm<\/a><br \/>\nN\u00f5lvaku Lasteaed, <a href=\"https:\/\/liblikadnokitsevad.blogspot.com\" target=\"_blank\" rel=\"noopener noreferrer\">Liblikate r\u00fchm<\/a><br \/>\nPaide Sookure Lasteaed, <a href=\"https:\/\/naerupallidtomat.blogspot.com\/\" target=\"_blank\" rel=\"noopener noreferrer\">Naerupallide r\u00fchm<\/a><br \/>\nPelguranna <a href=\"https:\/\/pelgurannalasteaed.blogspot.com\" target=\"_blank\" rel=\"noopener noreferrer\">lasteaia r\u00fchmad<\/a><br \/>\nP\u00f5ltsamaa \u00dchisg\u00fcmnaasium, <a href=\"https:\/\/www.instagram.com\/69tomat69\/?hl=en\" target=\"_blank\" rel=\"noopener noreferrer\">6. a klass<\/a><br \/>\nP\u00f5ltsamaa \u00dchisg\u00fcmnaasium, 6. c klass<br \/>\nP\u00f5ltsamaa \u00dchisg\u00fcmnaasium, <a href=\"https:\/\/padlet.com\/aire_narits\/rtjm5ys2vc9f\" target=\"_blank\" rel=\"noopener noreferrer\">8. a klass<\/a><br \/>\nP\u00f5ltsamaa \u00dchisg\u00fcmnaasium, <a href=\"https:\/\/padlet.com\/aire_narits\/qjo5aafszo19\" target=\"_blank\" rel=\"noopener noreferrer\">8. b klass<\/a><br \/>\nP\u00f5lva Kool,<a href=\"https:\/\/tomatisobrad4g.home.blog\/\" target=\"_blank\" rel=\"noopener noreferrer\"> 4. G klass<\/a><br \/>\nP\u00f5lva Lasteaed Lepatriinu, <a href=\"https:\/\/oranzhitriinud.blogspot.com\/\" target=\"_blank\" rel=\"noopener noreferrer\">Oran\u017eitriinude r\u00fchm<\/a><br \/>\nP\u00f5lva Lasteaed Mesimumm, <a href=\"https:\/\/maikikruuda.blogspot.com\" target=\"_blank\" rel=\"noopener noreferrer\">\u00dclase r\u00fchm<\/a><br \/>\nP\u00e4rnu Lasteaed Mai, <a href=\"https:\/\/maitomat10.blogspot.com\/\" target=\"_blank\" rel=\"noopener noreferrer\">10. r\u00fchm<\/a><br \/>\nP\u00e4rnu Lasteaed Mai, <a href=\"https:\/\/maitomatisobrad.blogspot.com\" target=\"_blank\" rel=\"noopener noreferrer\">meelepuudega laste r\u00fchm<\/a><br \/>\nRakvere P\u00f5hikool, <a href=\"https:\/\/tomatipoisid.blogspot.com\/\" target=\"_blank\" rel=\"noopener noreferrer\">3.b klass<\/a><br \/>\nRandvere Kool, <a href=\"https:\/\/michelleklass.weebly.com\/tomatisotildeber\" target=\"_blank\" rel=\"noopener noreferrer\">2.H, 3.H, 5. LU ja 5. TH klassid<\/a><br \/>\nRocca al Mare, <a href=\"https:\/\/merelapsed2a.blogspot.com\/\" target=\"_blank\" rel=\"noopener noreferrer\">2. a klass<\/a><br \/>\nRoosna-Alliku P\u00f5hikool, <a href=\"https:\/\/esimeseklassitomatid.blogspot.com\" target=\"_blank\" rel=\"noopener noreferrer\">1. klass<\/a><br \/>\nRoosna-Alliku P\u00f5hikool, <a href=\"https:\/\/roosnaallikutomatisobrad4klass.blogspot.com\" target=\"_blank\" rel=\"noopener noreferrer\">4. klass<\/a><br \/>\nRuila P\u00f5hikooli Kirsiaia Lasteaed, <a href=\"https:\/\/kirsike6.wixsite.com\/tomatis6brad\" target=\"_blank\" rel=\"noopener noreferrer\">Kirsikeste r\u00fchm<\/a><br \/>\nR\u00f5ngu Lasteaed Pihlakobar Hellenurme maja, <a href=\"https:\/\/www.facebook.com\/Hellenurme-Tomatis\u00f5brad-287165581977751\/?modal=admin_todo_tour\" target=\"_blank\" rel=\"noopener noreferrer\">Mesimummid ja Lepatriinud<\/a><br \/>\nSaue Lasteaed Midrimaa, <a href=\"https:\/\/pokudetomatid.blogspot.com\" target=\"_blank\" rel=\"noopener noreferrer\">Pokude r\u00fchm<\/a><br \/>\nSillam\u00e4e Eesti P\u00f5hikool, <a href=\"https:\/\/sillamaetomatiblogi.blogspot.com\" target=\"_blank\" rel=\"noopener noreferrer\">7. klass<\/a><br \/>\nSillaotsa Kool, <a href=\"https:\/\/sillaotsamarakratid.blogspot.com\" target=\"_blank\" rel=\"noopener noreferrer\">Marakrattide r\u00fchm<\/a><br \/>\nSuure-Jaani Kool, <a href=\"https:\/\/tomatisobrad.blogspot.com\" target=\"_blank\" rel=\"noopener noreferrer\">3.a klass<\/a><br \/>\nTaaram\u00e4e Lasteaed, <a href=\"https:\/\/toometomatid.blogspot.com\" target=\"_blank\" rel=\"noopener noreferrer\">Toome r\u00fchm<\/a><br \/>\nTabasalu \u00dchisg\u00fcmnaasium, <a href=\"https:\/\/tomatisobrad2d.weebly.com\/\" target=\"_blank\" rel=\"noopener noreferrer\">2.d klass<\/a><br \/>\nTahkuranna Lasteaed-Algkool, <a href=\"https:\/\/tahkurannatomat.blogspot.com\" target=\"_blank\" rel=\"noopener noreferrer\">Rannakarpide r\u00fchm<\/a><br \/>\nTallinna Kullerkupu Lasteaed, <a href=\"https:\/\/kr6llidtomatis6brad.blogspot.com\/\" target=\"_blank\" rel=\"noopener noreferrer\">Kr\u00f5llide r\u00fchm<\/a><br \/>\nTallinna Kullerkupu Lasteaed, <a href=\"https:\/\/pokutomat.blogspot.com\/\" target=\"_blank\" rel=\"noopener noreferrer\">Pokude r\u00fchm<\/a><br \/>\nTallinna Laagna G\u00fcmnaasium, <a href=\"https:\/\/tlgtomatisobrad.blogspot.com\" target=\"_blank\" rel=\"noopener noreferrer\">3.C klass<\/a><br \/>\nTallinna Lasteaed S\u00fcdameke, <a href=\"https:\/\/paasusabad3.blogspot.com\/\" target=\"_blank\" rel=\"noopener noreferrer\">P\u00e4\u00e4susabade r\u00fchm<\/a><br \/>\nTallinna Nurmenuku Lasteaed, <a href=\"https:\/\/rukkilillednurmenukust.blogspot.com\" target=\"_blank\" rel=\"noopener noreferrer\">Rukkilille r\u00fchm<\/a><br \/>\nTallinna P\u00e4ikesj\u00e4nku Lasteaed, <a href=\"https:\/\/mesimummidtomatisobrad.blogspot.com\/\" target=\"_blank\" rel=\"noopener noreferrer\">Mesimummide r\u00fchm<\/a><br \/>\nTallinna Rahum\u00e4e P\u00f5hikool, <a href=\"https:\/\/tomatisobrad3bklassist.blogspot.com\/\" target=\"_blank\" rel=\"noopener noreferrer\">3. B klass<\/a><br \/>\nTallinna S\u00fcdalinna Kool, <a href=\"https:\/\/sydalinna-taimeprojekt2019.weebly.com\" target=\"_blank\" rel=\"noopener noreferrer\">3c klass<\/a><br \/>\nTallinna Vesiroosi Lasteaed, <a href=\"https:\/\/vesitomat.blogspot.com\" target=\"_blank\" rel=\"noopener noreferrer\">neljas r\u00fchm<\/a><br \/>\nTallinna Vormsi Lasteaed, <a href=\"https:\/\/kratitaimed.weebly.com\/\" target=\"_blank\" rel=\"noopener noreferrer\">Krattide r\u00fchm<\/a><br \/>\nTamsalu G\u00fcmnaasium, <a href=\"https:\/\/tamsatomatisobrad.blogspot.com\" target=\"_blank\" rel=\"noopener noreferrer\">1.b klass<\/a><br \/>\nTartu Katoliku Hariduskeskus, <a href=\"http:\/\/margeklasssiblogi.blogspot.com\/\" target=\"_blank\" rel=\"noopener noreferrer\">1.b klass<\/a><br \/>\nTartu Lasteaed Kr\u00f5ll, <a href=\"http:\/\/siki45.simplesite.com\" target=\"_blank\" rel=\"noopener noreferrer\">Lillekr\u00f5llide r\u00fchm<\/a><br \/>\nTartu Lasteaed R\u00f5\u00f5mupesa, <a href=\"https:\/\/naerupalliry.blogspot.com\" target=\"_blank\" rel=\"noopener noreferrer\">Naerupallide r\u00fchm<\/a><br \/>\nTartu Veeriku Kool, <a href=\"http:\/\/veerikutomatisobrad.weebly.com\/\" target=\"_blank\" rel=\"noopener noreferrer\">2., 4. ja 5. klass<\/a><br \/>\nUuem\u00f5isa Lasteaed-Algkool, <a href=\"https:\/\/tomatis6brad.wordpress.com\" target=\"_blank\" rel=\"noopener noreferrer\">4.a klass<\/a><br \/>\nValga P\u00f5hikool, <a href=\"http:\/\/tomatid.simplesite.com\" target=\"_blank\" rel=\"noopener noreferrer\">1.d klass<\/a><br \/>\nVarbola Lasteaed \u2013 Algkool, <a href=\"https:\/\/varbolakool.ee\/tomatiblogi\/\" target=\"_blank\" rel=\"noopener noreferrer\">tomatis\u00f5brad<\/a><br \/>\nVastseliina G\u00fcmnaasium, <a href=\"https:\/\/materjalid.wixsite.com\/tomat\" target=\"_blank\" rel=\"noopener noreferrer\">1.b klass<\/a><br \/>\nVastem\u00f5isa Lasteaia P\u00e4evalill,<a href=\"https:\/\/voililled.blogspot.com\/\" target=\"_blank\" rel=\"noopener noreferrer\"> V\u00f5ilillede r\u00fchm<\/a><br \/>\nViljandi Jakobsoni Kool, <a href=\"https:\/\/koiduvjk.blogspot.com\" target=\"_blank\" rel=\"noopener noreferrer\">v\u00e4ikeklass<\/a><br \/>\nViljandi Lasteaed Midrimaa, <a href=\"http:\/\/kodulinnaprojekt.weebly.com\" target=\"_blank\" rel=\"noopener noreferrer\">P\u00e4\u00e4sukese r\u00fchm<\/a><br \/>\nV\u00e4ike-Maarja <a href=\"https:\/\/www.facebook.com\/VMNoortekas\/\" target=\"_blank\" rel=\"noopener noreferrer\">noortekeskus<\/a><br \/>\nV\u00e4\u00e4tsa Lasteaed, <a href=\"https:\/\/vaatsalasteaiapaevalilled.blogspot.com\/2019\/03\/14.html\" target=\"_blank\" rel=\"noopener noreferrer\">P\u00e4evalille r\u00fchm<\/a><br \/>\n\u00dclenurme G\u00fcmnaasium, <a href=\"https:\/\/ylenurmetaimetargad.blogspot.com\" target=\"_blank\" rel=\"noopener noreferrer\">v\u00e4ikeklass<\/a><\/p>\n","protected":false},"excerpt":{"rendered":"<p>Adavere P\u00f5hikool, 1.-2. klass Alasniidu Lasteaed, P\u00e4\u00e4susilma r\u00fchm Albu P\u00f5hikool, 2. klass Ambla-Aravete Kool, 2. klass Anna Haava nim. Pala Kooli lasteaed, keskmise r\u00fchm Audru Kool, 3.a klass Audru Kool, 3.b klass C.R. Jakobsoni nim. Torma P\u00f5hikooli Linnutaja Lasteaed, Midripere r\u00fchm C.R. Jakobsoni nim. Torma P\u00f5hikooli Linnutaja Lasteaed, Nipitiride r\u00fchm Elva Lasteaed Murumuna, Karukeste r\u00fchm J\u00e4rvek\u00fcla kool, 1.B klass Gustav Adolfi G\u00fcmnaasium, looduses\u00f5brad Kaarli Kool, 1.klass Kabala Lasteaed-P\u00f5hikool, 6. klass Keeni kool, 4. klass Keeni P\u00f5hikool, 6. klassi t\u00fcdrukud Keila Kool, 2. e klass Kehtna lasteaed Siller, Saialille r\u00fchm Kernu P\u00f5hikooli Lasteaed Riisikas, Kuuseriisika r\u00fchm Kernu P\u00f5hikooli Haiba Lasteaed Riisikas,..<\/p>\n","protected":false},"author":2,"featured_media":0,"parent":23,"menu_order":0,"comment_status":"closed","ping_status":"closed","template":"","meta":{"footnotes":""},"class_list":["post-727","page","type-page","status-publish","hentry"],"_links":{"self":[{"href":"https:\/\/aianduskool.ee\/tomatisobrad\/wp-json\/wp\/v2\/pages\/727","targetHints":{"allow":["GET"]}}],"collection":[{"href":"https:\/\/aianduskool.ee\/tomatisobrad\/wp-json\/wp\/v2\/pages"}],"about":[{"href":"https:\/\/aianduskool.ee\/tomatisobrad\/wp-json\/wp\/v2\/types\/page"}],"author":[{"embeddable":true,"href":"https:\/\/aianduskool.ee\/tomatisobrad\/wp-json\/wp\/v2\/users\/2"}],"replies":[{"embeddable":true,"href":"https:\/\/aianduskool.ee\/tomatisobrad\/wp-json\/wp\/v2\/comments?post=727"}],"version-history":[{"count":5,"href":"https:\/\/aianduskool.ee\/tomatisobrad\/wp-json\/wp\/v2\/pages\/727\/revisions"}],"predecessor-version":[{"id":949,"href":"https:\/\/aianduskool.ee\/tomatisobrad\/wp-json\/wp\/v2\/pages\/727\/revisions\/949"}],"up":[{"embeddable":true,"href":"https:\/\/aianduskool.ee\/tomatisobrad\/wp-json\/wp\/v2\/pages\/23"}],"wp:attachment":[{"href":"https:\/\/aianduskool.ee\/tomatisobrad\/wp-json\/wp\/v2\/media?parent=727"}],"curies":[{"name":"wp","href":"https:\/\/api.w.org\/{rel}","templated":true}]}}