{"id":756,"date":"2019-02-25T09:03:31","date_gmt":"2019-02-25T07:03:31","guid":{"rendered":"https:\/\/aianduskool.ee\/tomatisobrad\/?page_id=756"},"modified":"2019-02-25T09:07:15","modified_gmt":"2019-02-25T07:07:15","slug":"1-nadala-kokkuvote","status":"publish","type":"page","link":"https:\/\/aianduskool.ee\/tomatisobrad\/blogid\/1-nadala-kokkuvote\/","title":{"rendered":"1. n\u00e4dala kokkuv\u00f5te"},"content":{"rendered":"<p>Hea s\u00f5ber! On aeg esimene\u00a0projektin\u00e4dal kokku v\u00f5tta.<\/p>\n<p>Esimene projektin\u00e4dal (18.-24.02) oli t\u00e4is p\u00f5nevust, palju uut ja huvitavat! Alates 18. veebruarist algas meie \u00fchine tomati kasvatamine. Kuna meil on taimede kohta palju infot, siis kordame siinkohal \u00fcle. Kollase m\u00e4rkekleepsuga (t\u00e4piga) on t\u00e4histatud kollaseviljaline hariliku tomati sort &#8216;Venus&#8217;. Punase m\u00e4rkekleepsuga on aga t\u00e4histatud punaseviljaline hariliku tomati sort &#8216;Vilma&#8217;.\u00a0<\/p>\n<p>Esimese n\u00e4dala l\u00f5pul hakkasime koguma katseandmeid. Taimedele tuli juurde lisada nimesildid. Taimed oli tarvis ka nummerdada, et nad hiljem, v\u00e4etamise ajal ja m\u00f5\u00f5tmisel segamini ei l\u00e4heks. Meie aianduskoolis ei ole taimi v\u00e4etanud, mist\u00f5ttu ei olnud tarvis hakata m\u00e4\u00e4rama, milline taim on \u00fche ja milline teise v\u00e4etisega v\u00e4etanud. Pigem tuli teha valik, millist Venust ja millist Vilmat hakkate v\u00e4etama Taimerammuga ning millist Mereadruekstraktiga. Tabelisse tuli kirja panna taimede k\u00f5rgus ja l\u00e4bim\u00f5\u00f5t ehk laius. L\u00e4bim\u00f5\u00f5du m\u00f5\u00f5tmisel leia iga taime k\u00f5ige suurem l\u00e4bim\u00f5\u00f5t. Kui tihti katseandmeid koguda? Seda v\u00f5iks teha kord n\u00e4dalas, kindla intervalliga. N\u00e4iteks igal neljap\u00e4eval. Etteantud tabelisse oli m\u00e4rgitud iga n\u00e4dala reedesed kuup\u00e4evad. Kuup\u00e4evi v\u00f5ite muuta. Oluline on, et igal n\u00e4dalal katseandmeid kogute. Nii saame teada, kuidas ja kui kiiresti tomatitaimed kasvavad.\u00a0<\/p>\n<p>Esimesel n\u00e4dalal tekkis kohe suur huvi taimede istutamise vastu. Selle kohta kirjutas pika \u00f5petuse aianduskooli k\u00f6\u00f6giviljanduse \u00f5petaja Anu K\u00e4\u00e4r. Artiklite hulgast leiate muudki huvitavat ja vajalikku infot tomatitaimede kasvatamise kohta. \u00dcmberistutamise aeg v\u00f5ib aga igal r\u00fchmal olla erinev. See s\u00f5ltub taimede, eriti juurekava suurusest. Kuidas \u00fcmberistutamise aega kindlaks m\u00e4\u00e4rata? Abiks on ikka \u00f5petaja Anu K\u00e4\u00e4ri artikkel.<\/p>\n<p>Taimi ei ole tarvis praegu v\u00e4etada. V\u00e4etamise kohta jagame t\u00e4psemaid \u00f5petusi siis, kui v\u00e4etamise aeg hakkab k\u00e4tte j\u00f5udma. Praegu on oluline, et taim veepuudusesse ei j\u00e4\u00e4ks ning p\u00e4ikeselistel p\u00e4evadel p\u00e4ikesep\u00f5letust ei saaks. Tomatitaimed vajavad palju valgust, kuid nad ei talu otsest kevadist s\u00e4ravat p\u00e4ikest. P\u00e4ikeselisel p\u00e4eval t\u00f5stke taimed aknast veid eemale. Kastmisvajadus s\u00f5ltub ruumi temperatuurist. Soojemas ruumis tuleb kasta tihedamalt, veidi jahedamas ruumis harvem. Tomatitaimed ei talu ka liigset vett, mist\u00f5ttu igap\u00e4evane kastmine ei ole vajalik. Kastmisel l\u00e4htume ikka reeglist &#8211; \u00fcks kord ja korralikult, mite iga p\u00e4ev ja natuke. Liigniiskuse v\u00e4ltimiseks tuleb p\u00e4rast kastmist alustaldrikule valgunud vesi \u00e4ra kallata. Liigniiskuses tomatitaime juured j\u00e4\u00e4vad hapnikupuudusesse ning tekivad m\u00e4danikud, mille tagaj\u00e4rjel juured h\u00e4vivad. Juurte h\u00e4vimine toob omakorda kaasa aga kogu taime h\u00e4vimise.\u00a0<\/p>\n<p>Lisaks taimede kasvatamisele algas meil ka viktoriin. Kellel on veel viktoriini esimesele k\u00fcsimusele vastamata, siis teisel n\u00e4dalal saab seda veel teha. Kuna koolides algas vaheaeg, siis uut k\u00fcsimust me teisel \u00a0projektin\u00e4dalal ei esita.\u00a0<\/p>\n<p>Algasid ka kaks konkurssi &#8211;\u00a0<a href=\"https:\/\/aianduskool.ee\/tomatisobrad\/projektipaeviku-konkurss-19-02-29-04-2018\/\">projektip\u00e4eviku konkurss<\/a> ja <a href=\"https:\/\/aianduskool.ee\/tomatisobrad\/fotokonkurss-makropilt-19-02-29-04-2018\/\">fotokonkurss<\/a>. Need m\u00f5lemad kestavad projekti l\u00f5puni.\u00a0<\/p>\n<p>Mida aga toob teine projekti n\u00e4dal (25.02.-3.03.)? Kuna kooli\u00f5pilastel on vaheaeg, siis uut viktoriini k\u00fcsimust me ei esita. Kindlasti j\u00e4lgige taimede kastmisvajadus ja t\u00e4itke katse tabelit (kui seda veel tehtud pole). T\u00e4itke projektip\u00e4evikut, et meiegi saaksmine aimu, kuidas projektis osalemine kulgeb. Otsige projekti kodulehelt \u00fcles uus n\u00e4dala nipp. Peagi on algamas ka meisterdamise konkurss. Sellekohase info avaldame alanud n\u00e4dala jooksul.\u00a0<\/p>\n<p>Igasuguste k\u00fcsimuste ja murede korral p\u00f6\u00f6rduge ikka projekti meeskonna poole (sobrad@aianduskool.ee).\u00a0<\/p>\n<p>&nbsp;<\/p>\n<p>Projekti meeskond soovib k\u00f5igile m\u00f5nusat taimede kasvatamise katsetamist!<\/p>\n","protected":false},"excerpt":{"rendered":"<p>Hea s\u00f5ber! On aeg esimene\u00a0projektin\u00e4dal kokku v\u00f5tta. Esimene projektin\u00e4dal (18.-24.02) oli t\u00e4is p\u00f5nevust, palju uut ja huvitavat! Alates 18. veebruarist algas meie \u00fchine tomati kasvatamine. Kuna meil on taimede kohta palju infot, siis kordame siinkohal \u00fcle. Kollase m\u00e4rkekleepsuga (t\u00e4piga) on t\u00e4histatud kollaseviljaline hariliku tomati sort &#8216;Venus&#8217;. Punase m\u00e4rkekleepsuga on aga t\u00e4histatud punaseviljaline hariliku tomati sort &#8216;Vilma&#8217;.\u00a0 Esimese n\u00e4dala l\u00f5pul hakkasime koguma katseandmeid. Taimedele tuli juurde lisada nimesildid. Taimed oli tarvis ka nummerdada, et nad hiljem, v\u00e4etamise ajal ja m\u00f5\u00f5tmisel segamini ei l\u00e4heks. Meie aianduskoolis ei ole taimi v\u00e4etanud, mist\u00f5ttu ei olnud tarvis hakata m\u00e4\u00e4rama, milline taim on \u00fche ja milline..<\/p>\n","protected":false},"author":2,"featured_media":0,"parent":23,"menu_order":0,"comment_status":"closed","ping_status":"closed","template":"","meta":{"footnotes":""},"class_list":["post-756","page","type-page","status-publish","hentry"],"_links":{"self":[{"href":"https:\/\/aianduskool.ee\/tomatisobrad\/wp-json\/wp\/v2\/pages\/756","targetHints":{"allow":["GET"]}}],"collection":[{"href":"https:\/\/aianduskool.ee\/tomatisobrad\/wp-json\/wp\/v2\/pages"}],"about":[{"href":"https:\/\/aianduskool.ee\/tomatisobrad\/wp-json\/wp\/v2\/types\/page"}],"author":[{"embeddable":true,"href":"https:\/\/aianduskool.ee\/tomatisobrad\/wp-json\/wp\/v2\/users\/2"}],"replies":[{"embeddable":true,"href":"https:\/\/aianduskool.ee\/tomatisobrad\/wp-json\/wp\/v2\/comments?post=756"}],"version-history":[{"count":5,"href":"https:\/\/aianduskool.ee\/tomatisobrad\/wp-json\/wp\/v2\/pages\/756\/revisions"}],"predecessor-version":[{"id":763,"href":"https:\/\/aianduskool.ee\/tomatisobrad\/wp-json\/wp\/v2\/pages\/756\/revisions\/763"}],"up":[{"embeddable":true,"href":"https:\/\/aianduskool.ee\/tomatisobrad\/wp-json\/wp\/v2\/pages\/23"}],"wp:attachment":[{"href":"https:\/\/aianduskool.ee\/tomatisobrad\/wp-json\/wp\/v2\/media?parent=756"}],"curies":[{"name":"wp","href":"https:\/\/api.w.org\/{rel}","templated":true}]}}