{"id":803,"date":"2019-03-04T20:57:01","date_gmt":"2019-03-04T18:57:01","guid":{"rendered":"https:\/\/aianduskool.ee\/tomatisobrad\/?page_id=803"},"modified":"2019-03-04T20:57:01","modified_gmt":"2019-03-04T18:57:01","slug":"2-nadala-kokkuvote","status":"publish","type":"page","link":"https:\/\/aianduskool.ee\/tomatisobrad\/blogid\/2-nadala-kokkuvote\/","title":{"rendered":"2. n\u00e4dala kokkuv\u00f5te"},"content":{"rendered":"<p>Head s\u00f5brad!<\/p>\n<p>Aeg on teine projekti n\u00e4dal kokku v\u00f5tta.<\/p>\n<p>Koolides oli vaheaeg, mist\u00f5ttu m\u00f6\u00f6dus teine projekti n\u00e4dal rahulikumalt. Suuremat t\u00e4helepanu p\u00f6\u00f6rati taimede uurimisele, katseandmete kogumisele ja taimede \u00fcmberistutamisele. Saime terve hulga teateid loodud projektip\u00e4evikute kohta, mis on k\u00f5igi huviliste jaoks projekti kodulehele kokku kogutud. Nii tore on ju teada, kuidas kaaslastel teistes lasteaedades ja koolides l\u00e4heb ning milliseid toredaid tegevusi ette v\u00f5etakse. Eriti aga pakub meile k\u00f5igile huvi, kuidas \u00fchine tomatitaimede kasvatamine edeneb. \ud83d\ude42\u00a0<\/p>\n<p>N\u00e4dala l\u00f5pp t\u00f5i meile kaks filmi, mille peategelasteks on Venus ja Vilma. Filmides saab n\u00e4ha, kuidas Venus ja Vilma aianduskoolis seiklevad ning tomatitaimede kasvatamist uurivad. Kindlasti vaadake! \ud83d\ude42\u00a0<\/p>\n<p>&nbsp;<\/p>\n<p><strong>Mis juhtub projekti kolmandal n\u00e4dalal? <\/strong><\/p>\n<p>Prjekti kodulehele ilmus uus n\u00e4dala nipp ja ka uus viktoriini k\u00fcsimus. Algas uus konkurss. Sel korral p\u00f6\u00f6rame t\u00e4helepanu taaskasutusele, eriti vanapaberi taaskasutusele. Meisterdame koos taimepotte ja anumaid, kuhu saame saaki koguda. T\u00e4psemat juhist saab lugeda\u00a0<a href=\"https:\/\/aianduskool.ee\/tomatisobrad\/i-loomingukonkurss-4-03-7-04-2019\/\" target=\"_blank\" rel=\"noopener noreferrer\">siit<\/a>.\u00a0<\/p>\n<p>Vajadusel istutage tomatitaimed \u00fcmber. Kindlasti j\u00e4lgige, et taimed saaksid piisavalt vett. V\u00e4etamisega tasub veel oodata. Esimene v\u00e4etamine tuleks ette v\u00f5tta 2-3 n\u00e4dalat p\u00e4rast tomatitaimede \u00fcmberistutamist. Taimede \u00fcmberistutamise kohta leiate juhiseid artiklitest ning &#8220;Venuse ja Vilma seiklustest&#8221;. \u00a0<\/p>\n<p>Homme (5. m\u00e4rts) on vastlap\u00e4ev! Kelgutage, tundke lumest r\u00f5\u00f5mu, s\u00f6\u00f6ge oasuppi ja vastlakuklit.\u00a0<\/p>\n<p>M\u00e4rts on ka emakeelekuu. Varsti algab teine loomingukonkurss, kuhu saab esitada jutte ja luuletusi s\u00f5prusest ja s\u00f5pradest, tomatitest ja vihmaussidest. N\u00f5uded konkursile avalikustame peagi.\u00a0<\/p>\n<p>Seniks aga vastake viktoriini k\u00fcsimusele, j\u00e4lgige taimi ja vajadusel kastke, kaitske p\u00e4ikese eest v\u00f5i istutage \u00fcmber; uurige tomatis\u00f5prade projektip\u00e4evikuid, meisterdage ja k\u00fclastage meie Facebooki gruppi. \u00c4rge unustage katseandmeid koguda.\u00a0<\/p>\n<p>&nbsp;<\/p>\n<p>Igasuguste k\u00fcsimuste ja murede korral p\u00f6\u00f6rduge ikka projekti meeskonna poole (sobrad@aianduskool.ee).\u00a0<\/p>\n<p>Projekti meeskond soovib k\u00f5igile m\u00f5nusat vastlap\u00e4eva ja p\u00e4ikeselist kevadeootust!<\/p>\n","protected":false},"excerpt":{"rendered":"<p>Head s\u00f5brad! Aeg on teine projekti n\u00e4dal kokku v\u00f5tta. Koolides oli vaheaeg, mist\u00f5ttu m\u00f6\u00f6dus teine projekti n\u00e4dal rahulikumalt. Suuremat t\u00e4helepanu p\u00f6\u00f6rati taimede uurimisele, katseandmete kogumisele ja taimede \u00fcmberistutamisele. Saime terve hulga teateid loodud projektip\u00e4evikute kohta, mis on k\u00f5igi huviliste jaoks projekti kodulehele kokku kogutud. Nii tore on ju teada, kuidas kaaslastel teistes lasteaedades ja koolides l\u00e4heb ning milliseid toredaid tegevusi ette v\u00f5etakse. Eriti aga pakub meile k\u00f5igile huvi, kuidas \u00fchine tomatitaimede kasvatamine edeneb. \ud83d\ude42\u00a0 N\u00e4dala l\u00f5pp t\u00f5i meile kaks filmi, mille peategelasteks on Venus ja Vilma. Filmides saab n\u00e4ha, kuidas Venus ja Vilma aianduskoolis seiklevad ning tomatitaimede kasvatamist uurivad. Kindlasti..<\/p>\n","protected":false},"author":2,"featured_media":0,"parent":23,"menu_order":0,"comment_status":"closed","ping_status":"closed","template":"","meta":{"footnotes":""},"class_list":["post-803","page","type-page","status-publish","hentry"],"_links":{"self":[{"href":"https:\/\/aianduskool.ee\/tomatisobrad\/wp-json\/wp\/v2\/pages\/803","targetHints":{"allow":["GET"]}}],"collection":[{"href":"https:\/\/aianduskool.ee\/tomatisobrad\/wp-json\/wp\/v2\/pages"}],"about":[{"href":"https:\/\/aianduskool.ee\/tomatisobrad\/wp-json\/wp\/v2\/types\/page"}],"author":[{"embeddable":true,"href":"https:\/\/aianduskool.ee\/tomatisobrad\/wp-json\/wp\/v2\/users\/2"}],"replies":[{"embeddable":true,"href":"https:\/\/aianduskool.ee\/tomatisobrad\/wp-json\/wp\/v2\/comments?post=803"}],"version-history":[{"count":1,"href":"https:\/\/aianduskool.ee\/tomatisobrad\/wp-json\/wp\/v2\/pages\/803\/revisions"}],"predecessor-version":[{"id":804,"href":"https:\/\/aianduskool.ee\/tomatisobrad\/wp-json\/wp\/v2\/pages\/803\/revisions\/804"}],"up":[{"embeddable":true,"href":"https:\/\/aianduskool.ee\/tomatisobrad\/wp-json\/wp\/v2\/pages\/23"}],"wp:attachment":[{"href":"https:\/\/aianduskool.ee\/tomatisobrad\/wp-json\/wp\/v2\/media?parent=803"}],"curies":[{"name":"wp","href":"https:\/\/api.w.org\/{rel}","templated":true}]}}