{"id":81,"date":"2018-02-14T09:43:32","date_gmt":"2018-02-14T07:43:32","guid":{"rendered":"https:\/\/aianduskool.ee\/tomatisobrad\/?page_id=81"},"modified":"2019-02-12T21:17:57","modified_gmt":"2019-02-12T19:17:57","slug":"sissejuhatus","status":"publish","type":"page","link":"https:\/\/aianduskool.ee\/tomatisobrad\/blogid\/sissejuhatus\/","title":{"rendered":"Sissejuhatus"},"content":{"rendered":"<p>Jaanuaris teavitas\u00a0R\u00e4pina Aianduskool \u00fcldsust taas algavast taimeprojektist kooli kodulehe ja FB lehe kaudu. Alates 15. jaanuarist oli v\u00f5imalik registreeruda taimeprojekti \u201cTomatis\u00f5brad\u201d osalejaks. Registreerumine l\u00f5ppes juba 18. jaanuari p\u00e4rastl\u00f5unal, mil t\u00e4itus veidi enam kui planeeritud 500 r\u00fchma. T\u00e4navu on taimeprojektis osalemas 512 klassi-r\u00fchma, 257-st asutusest (Joonis 1). Kokku on v\u00e4ikseid ja suuri osalejad koos juhendajatega 8348.<\/p>\n<p><a href=\"https:\/\/aianduskool.ee\/tomatisobrad\/wp-content\/uploads\/2019\/02\/osalejad_maakonniti.png\"><img loading=\"lazy\" decoding=\"async\" class=\"alignnone wp-image-516\" src=\"https:\/\/aianduskool.ee\/tomatisobrad\/wp-content\/uploads\/2019\/02\/osalejad_maakonniti.png\" alt=\"\" width=\"606\" height=\"242\" \/><\/a><\/p>\n<p>Joonis 1. Projektis \u201cTomatis\u00f5brad\u201d osalejate gruppide paiknemine maakonniti.<\/p>\n<p>T\u00f6\u00f6komplektide transport nn vaheladudesse toimus 12.-14. veebruaril. V\u00f5ru- ja Valgamaale toimub taimede transport 18. veebruaril, misj\u00e4rel saamegi kohe projekti tegevustega algust teha.<\/p>\n<p>K\u00f5ikidele osalejatele pakuti ka v\u00f5imalust t\u00f6\u00f6komplektidele R\u00e4pinasse ise j\u00e4rele tulla. Aianduskool \u00f5ppekasvuhoonest saab t\u00f6\u00f6komplektid k\u00e4tte 14.-15. veebruaril kell 9.00-16.00.<\/p>\n<p>\u00dche r\u00fchma t\u00f6\u00f6komplekt sisaldab:<\/p>\n<ul>\n<li>2 tomatitaime &#8216;Vilma&#8217;<\/li>\n<li>2 tomatitaime &#8216;Venus&#8217;<\/li>\n<li>1 GreenTOPi v\u00e4etis Taimeramm<\/li>\n<li>1 Biolani v\u00e4etis Mereadruekstrakt.<\/li>\n<\/ul>\n<p><strong><br \/>\nESIMESED SOOVITUSED<\/strong><\/p>\n<p>Esialgu ei ole tarvis k\u00e4ttesaadud taimedega teha muud kui paigutada ruumi valgemasse kohta. Samuti tasuks j\u00e4lgida mulla niiskust. J\u00e4lgi, et taimed n\u00e4dalavahetusel kuivale ei j\u00e4\u00e4. Tomatitaimed ei arvasta v\u00e4ga palju niiskust kuid l\u00e4bikuivamine talle ka ei meeldi.<\/p>\n<p>Projekti kodulehe avanemise j\u00e4rel (periood: 14.-18. veebruar) tehakse k\u00f5ikidele juhendajatele projekti kodulehele sisenemiseks kasutajakontod. Kodulehele on tarvis kasutajakontoga siseneda vikrotiinis osalemiseks (n\u00e4dala k\u00fcsimustele vastamiseks), konkursit\u00f6\u00f6de esitamiseks ja blogisse kommentaaride-k\u00fcsimuste lisamiseks. Kasutajakonto loomisest annab teile\u00a0m\u00e4rku\u00a0vastavasisuline e-kiri. Kuna veebikeskkond, kuhu teile kasutajakonto tehakse, saadab teate v\u00e4lja automaatselt, v\u00f5ib see kiri j\u00e4\u00e4da m\u00e4rkamatuks v\u00f5i r\u00e4nnata sp\u00e4mmi hulka. Sellet\u00f5ttu kontrollige\u00a0sp\u00e4mmi!<\/p>\n<p style=\"text-align: center;\"><strong>TAIMEPROJEKTI MEESKOND SOOVIB K\u00d5IGILE V\u00c4IKESTELE JA SUURTELE S\u00d5PRADELE PALJU R\u00d5\u00d5MU JA NUTIKUST!\u00a0<\/strong><\/p>\n","protected":false},"excerpt":{"rendered":"<p>Jaanuaris teavitas\u00a0R\u00e4pina Aianduskool \u00fcldsust taas algavast taimeprojektist kooli kodulehe ja FB lehe kaudu. Alates 15. jaanuarist oli v\u00f5imalik registreeruda taimeprojekti \u201cTomatis\u00f5brad\u201d osalejaks. Registreerumine l\u00f5ppes juba 18. jaanuari p\u00e4rastl\u00f5unal, mil t\u00e4itus veidi enam kui planeeritud 500 r\u00fchma. T\u00e4navu on taimeprojektis osalemas 512 klassi-r\u00fchma, 257-st asutusest (Joonis 1). Kokku on v\u00e4ikseid ja suuri osalejad koos juhendajatega 8348. Joonis 1. Projektis \u201cTomatis\u00f5brad\u201d osalejate gruppide paiknemine maakonniti. T\u00f6\u00f6komplektide transport nn vaheladudesse toimus 12.-14. veebruaril. V\u00f5ru- ja Valgamaale toimub taimede transport 18. veebruaril, misj\u00e4rel saamegi kohe projekti tegevustega algust teha. K\u00f5ikidele osalejatele pakuti ka v\u00f5imalust t\u00f6\u00f6komplektidele R\u00e4pinasse ise j\u00e4rele tulla. Aianduskool \u00f5ppekasvuhoonest saab t\u00f6\u00f6komplektid k\u00e4tte..<\/p>\n","protected":false},"author":2,"featured_media":0,"parent":23,"menu_order":0,"comment_status":"closed","ping_status":"closed","template":"","meta":{"footnotes":""},"class_list":["post-81","page","type-page","status-publish","hentry"],"_links":{"self":[{"href":"https:\/\/aianduskool.ee\/tomatisobrad\/wp-json\/wp\/v2\/pages\/81","targetHints":{"allow":["GET"]}}],"collection":[{"href":"https:\/\/aianduskool.ee\/tomatisobrad\/wp-json\/wp\/v2\/pages"}],"about":[{"href":"https:\/\/aianduskool.ee\/tomatisobrad\/wp-json\/wp\/v2\/types\/page"}],"author":[{"embeddable":true,"href":"https:\/\/aianduskool.ee\/tomatisobrad\/wp-json\/wp\/v2\/users\/2"}],"replies":[{"embeddable":true,"href":"https:\/\/aianduskool.ee\/tomatisobrad\/wp-json\/wp\/v2\/comments?post=81"}],"version-history":[{"count":5,"href":"https:\/\/aianduskool.ee\/tomatisobrad\/wp-json\/wp\/v2\/pages\/81\/revisions"}],"predecessor-version":[{"id":522,"href":"https:\/\/aianduskool.ee\/tomatisobrad\/wp-json\/wp\/v2\/pages\/81\/revisions\/522"}],"up":[{"embeddable":true,"href":"https:\/\/aianduskool.ee\/tomatisobrad\/wp-json\/wp\/v2\/pages\/23"}],"wp:attachment":[{"href":"https:\/\/aianduskool.ee\/tomatisobrad\/wp-json\/wp\/v2\/media?parent=81"}],"curies":[{"name":"wp","href":"https:\/\/api.w.org\/{rel}","templated":true}]}}