{"id":816,"date":"2019-03-11T11:05:05","date_gmt":"2019-03-11T09:05:05","guid":{"rendered":"https:\/\/aianduskool.ee\/tomatisobrad\/?page_id=816"},"modified":"2019-03-11T11:06:59","modified_gmt":"2019-03-11T09:06:59","slug":"3-nadala-kokkuvote","status":"publish","type":"page","link":"https:\/\/aianduskool.ee\/tomatisobrad\/blogid\/3-nadala-kokkuvote\/","title":{"rendered":"3. n\u00e4dala kokkuv\u00f5te"},"content":{"rendered":"<p>Head s\u00f5brad!<\/p>\n<p>Aeg on juba kolmas projekti n\u00e4dal kokku v\u00f5tta.<\/p>\n<p>Kolmas projektin\u00e4dal m\u00f6\u00f6dus p\u00f5nevalt! Tegevusi oli palju. Taimi istutati \u00fcmber, neid uuriti ja koguti katse andmeid. M\u00e4rgati esimesi \u00f5ienuppe, \u00f5isi ja ka viljahakatisi. Erinevatel r\u00fchmadel v\u00f5ivad taimed olla erinevas kasvu- ja arengufaasis. Taimede kasvu- ja arengu kiirus s\u00f5ltub v\u00e4ga paljudest teguritest. Kindlasti m\u00f5jutab seemnete k\u00fclvamise aeg. Aianduskooli \u00f5pilased k\u00fclvasid seemneid \u00f5ppetundide ajal. Kuna taimi kasvatati ette v\u00e4ga palju (tuhandeid), siis k\u00fclvati seemneid erinevatel p\u00e4evadel. J\u00e4rgnevalt m\u00f5jutab taimede kasvu ja arengut transport ning uue kasvuruumi tingimused &#8211; valgus, temperatuur, \u00f5huniiskus jms. Kasvuseisak v\u00f5ib tekkida ka siis, kui taimed ei saanud piisavalt palju aega uue kasvukohaga kohaneda ning need istutati liiga kiiresti uutesse pottidesse. Kasvuseisak v\u00f5ib tekkida ka siis kui taimed istutatakse kohe liiga suurde potti. Mulda on sellises potis palju ning taim hakkab juuri kasvatama. Samuti on sellises olukorras oht taimed \u00fcle kasta, mis omakorda on p\u00f5hjuseks leinas\u00e4\u00e4skede levikule.\u00a0<br \/>\nLeinas\u00e4\u00e4sed on \u00e4\u00e4dikak\u00e4rbse taolised, pisikesed lendavad putukad, kes ise taimi ei kahjusta. Taimede juuri kahjustavad leinas\u00e4\u00e4skede vaglad, mis paiknevad mullas ja on v\u00e4ga raskesti m\u00e4rgatavad. Leinas\u00e4\u00e4sed saab kinni p\u00fc\u00fcda kollase liimp\u00fc\u00fcnisega. Neid saab osta aianduskauplustest.\u00a0<\/p>\n<div id=\"attachment_817\" style=\"width: 1034px\" class=\"wp-caption alignnone\"><img loading=\"lazy\" decoding=\"async\" aria-describedby=\"caption-attachment-817\" class=\"wp-image-817 size-large\" src=\"https:\/\/aianduskool.ee\/tomatisobrad\/wp-content\/uploads\/2019\/03\/IMG_20190305_123849-1024x768.jpg\" alt=\"\" width=\"1024\" height=\"768\" srcset=\"https:\/\/aianduskool.ee\/tomatisobrad\/wp-content\/uploads\/2019\/03\/IMG_20190305_123849-1024x768.jpg 1024w, https:\/\/aianduskool.ee\/tomatisobrad\/wp-content\/uploads\/2019\/03\/IMG_20190305_123849-300x225.jpg 300w, https:\/\/aianduskool.ee\/tomatisobrad\/wp-content\/uploads\/2019\/03\/IMG_20190305_123849-768x576.jpg 768w\" sizes=\"auto, (max-width: 1024px) 100vw, 1024px\" \/><p id=\"caption-attachment-817\" class=\"wp-caption-text\">Aianduskool teeb katset kaasa.<\/p><\/div>\n<p>&nbsp;<\/p>\n<p><strong>Mis juhtub projekti neljandal n\u00e4dalal? <\/strong><\/p>\n<p>Projekti kodulehele ilmus taas uus n\u00e4dala nipp. Vastata saab viktoriini k\u00fcsimustele ja esitada t\u00f6id meisterdamise konkursile. <br \/>\nTomatitaimi uurime edasi ja paneme kirja uued m\u00f5\u00f5tmistulemused.\u00a0<\/p>\n<p>14. m\u00e4rts on emakeelep\u00e4ev ja seet\u00f5ttu alustame veel \u00fche konkursiga. Hakkame kirjutama jutte ja luuletusi s\u00f5prusest ja s\u00f5pradest, tomatitest ja vihmaussidest.\u00a0<\/p>\n<p>T\u00f6\u00f6d, mida tuleb teha vajadusep\u00f5hiselt on taimede \u00fcmberistutamine (kui veel ei ole teinud), taimede kastmine, taimede varjutamine p\u00e4ikeselisel p\u00e4eval. Kevadine ere p\u00e4ike kipub taimi &#8220;p\u00f5letama&#8221;. Selle tulemusena tekivad lehtedele pleekinud laigud, hiljem lehed kuivavad.<br \/>\nV\u00e4etamise juurde asudes, arvesta, et \u00fcmberistutamisest on m\u00f6\u00f6dunud 2-3 n\u00e4dalat. V\u00e4etiselahuste tegemisel kindlasti loe paki peal olev juhend t\u00e4helepanelikult l\u00e4bi.\u00a0\u00a0<br \/>\nVajadusel, huvi korral lugege meie projekti kodulehel olevaid artikleid ja vaadake videoid ning uurige blogidest, kuidas kaaslastel tomatitaimede kasvatamine \u00f5nnestunud on.\u00a0<\/p>\n<p>&nbsp;<\/p>\n<p>Igasuguste k\u00fcsimuste ja murede korral p\u00f6\u00f6rduge ikka projekti meeskonna poole (sobrad@aianduskool.ee).\u00a0<\/p>\n<p>Projekti meeskond soovib k\u00f5igile teadmisterohket emakeelep\u00e4eva ja p\u00e4ikeselist kevadeootust!<\/p>\n","protected":false},"excerpt":{"rendered":"<p>Head s\u00f5brad! Aeg on juba kolmas projekti n\u00e4dal kokku v\u00f5tta. Kolmas projektin\u00e4dal m\u00f6\u00f6dus p\u00f5nevalt! Tegevusi oli palju. Taimi istutati \u00fcmber, neid uuriti ja koguti katse andmeid. M\u00e4rgati esimesi \u00f5ienuppe, \u00f5isi ja ka viljahakatisi. Erinevatel r\u00fchmadel v\u00f5ivad taimed olla erinevas kasvu- ja arengufaasis. Taimede kasvu- ja arengu kiirus s\u00f5ltub v\u00e4ga paljudest teguritest. Kindlasti m\u00f5jutab seemnete k\u00fclvamise aeg. Aianduskooli \u00f5pilased k\u00fclvasid seemneid \u00f5ppetundide ajal. Kuna taimi kasvatati ette v\u00e4ga palju (tuhandeid), siis k\u00fclvati seemneid erinevatel p\u00e4evadel. J\u00e4rgnevalt m\u00f5jutab taimede kasvu ja arengut transport ning uue kasvuruumi tingimused &#8211; valgus, temperatuur, \u00f5huniiskus jms. Kasvuseisak v\u00f5ib tekkida ka siis, kui taimed ei saanud piisavalt..<\/p>\n","protected":false},"author":2,"featured_media":0,"parent":23,"menu_order":0,"comment_status":"closed","ping_status":"closed","template":"","meta":{"footnotes":""},"class_list":["post-816","page","type-page","status-publish","hentry"],"_links":{"self":[{"href":"https:\/\/aianduskool.ee\/tomatisobrad\/wp-json\/wp\/v2\/pages\/816","targetHints":{"allow":["GET"]}}],"collection":[{"href":"https:\/\/aianduskool.ee\/tomatisobrad\/wp-json\/wp\/v2\/pages"}],"about":[{"href":"https:\/\/aianduskool.ee\/tomatisobrad\/wp-json\/wp\/v2\/types\/page"}],"author":[{"embeddable":true,"href":"https:\/\/aianduskool.ee\/tomatisobrad\/wp-json\/wp\/v2\/users\/2"}],"replies":[{"embeddable":true,"href":"https:\/\/aianduskool.ee\/tomatisobrad\/wp-json\/wp\/v2\/comments?post=816"}],"version-history":[{"count":4,"href":"https:\/\/aianduskool.ee\/tomatisobrad\/wp-json\/wp\/v2\/pages\/816\/revisions"}],"predecessor-version":[{"id":822,"href":"https:\/\/aianduskool.ee\/tomatisobrad\/wp-json\/wp\/v2\/pages\/816\/revisions\/822"}],"up":[{"embeddable":true,"href":"https:\/\/aianduskool.ee\/tomatisobrad\/wp-json\/wp\/v2\/pages\/23"}],"wp:attachment":[{"href":"https:\/\/aianduskool.ee\/tomatisobrad\/wp-json\/wp\/v2\/media?parent=816"}],"curies":[{"name":"wp","href":"https:\/\/api.w.org\/{rel}","templated":true}]}}