{"id":843,"date":"2019-03-25T11:22:24","date_gmt":"2019-03-25T09:22:24","guid":{"rendered":"https:\/\/aianduskool.ee\/tomatisobrad\/?page_id=843"},"modified":"2019-03-25T11:22:24","modified_gmt":"2019-03-25T09:22:24","slug":"4-ja-5-nadala-kokkuvote","status":"publish","type":"page","link":"https:\/\/aianduskool.ee\/tomatisobrad\/blogid\/4-ja-5-nadala-kokkuvote\/","title":{"rendered":"4. ja 5. n\u00e4dala kokkuv\u00f5te"},"content":{"rendered":"<p>Head s\u00f5brad!<\/p>\n<p>Kaks n\u00e4dalat on m\u00f6\u00f6dunud linnutiivul ning aeg on need kokku v\u00f5tta.\u00a0<\/p>\n<p>Neljas ja viies projektin\u00e4dal m\u00f6\u00f6dusid t\u00f6iselt ja kevade ootuses. \u00dcha enam saabus meile r\u00f5\u00f5msaid teateid esimestest \u00f5itest ja ka pisikestest viljadest. Taimi m\u00f5\u00f5deti, istutati \u00fcmber, kasteti ja v\u00e4etati. Esitati palju konkursit\u00f6id ja \u00f5uest otsiti kevade m\u00e4rke.\u00a0<\/p>\n<p>&nbsp;<\/p>\n<p><strong>Mis juhtub projekti kuuendal n\u00e4dalal?\u00a0<\/strong><\/p>\n<p>Kevade saabumisega tuleb \u00fcha enam hakata t\u00e4helepanu p\u00f6\u00f6rama p\u00e4ikesele. Ilmad on j\u00e4rjest enam ilusad, soojad ja p\u00e4ikeselised. Kindlasti j\u00e4lgi, et taimed p\u00e4ikesep\u00f5letust ei saa. Selleks t\u00f5sta taimed p\u00e4ikeselisel p\u00e4eval aknalaualt eemale. <\/p>\n<p>Soojemate ilmade t\u00f5ttu p\u00f6\u00f6ra enam t\u00e4helepanu kastmisele. Soojas ruumis, sooja ilmaga kuivab muld potis kiiremini, mist\u00f5ttu on tarvis ka rohkem kasta. Kastmisel l\u00e4htu reeglist: v\u00e4hem on rohkem. See t\u00e4hendab, et kasta \u00fche korraga rohkem, mitte iga p\u00e4ev ja natuke. J\u00e4lgi, et muld t\u00e4ielikult m\u00e4rguks. Alustaldrikule valgunud \u00fcleliigne vesi kalla \u00e4ra. See soodustab liigniiskuse tekkimist, samuti leinas\u00e4\u00e4sklaste levikut.\u00a0<\/p>\n<p>Aeg on alustada v\u00e4etamisega. Kindlasti vaata j\u00e4rele, millal taimed \u00fcmber istutasid. Esimene v\u00e4etamine tasuks ette v\u00f5tta kui \u00fcmberistutamisest on m\u00f6\u00f6dunud 2-3 n\u00e4dalat. V\u00e4etislahuse tegemisel kindlasti loe v\u00e4etisepakendil olevat juhist. Kuna meil on kasutusel kaks erinevat v\u00e4etist, siis j\u00e4lgi, et \u00fche ja sama v\u00e4etisega saaks v\u00e4etatud sama taim. Nii saame projekti l\u00f5pus teada, kas erinevad v\u00e4etised m\u00f5jutavad tomatitaimede kasvu erinevalt.\u00a0<\/p>\n<p>Vajadusel v\u00f5id taimedele toestused panna. Toestamise vajadus tekib siis kui taim kasvab k\u00f5rgemaks ning ei taha h\u00e4sti ennast p\u00fcsti hoida. Toestamiseks v\u00f5ib kasutada puu oksi v\u00f5i kaupluses m\u00fc\u00fcdavaid toestuskeppe. Toestus tuleb kindlasti mulda suruda taime varrest eemal, et v\u00e4hendada juurte vigastamist. Kui taim hoiab ennast ise p\u00fcsti, siis ta toestamist ei vaja. Nii \u00b4Venus\u00b4 kui ka \u00b4Vilma\u00b4 tavap\u00e4raselt toestamist ei vaja. Toestamine v\u00f5ib vajalikuks osutuda v\u00e4hese valguse t\u00f5ttu k\u00f5rgemaks kasvanud taimede korral.\u00a0<\/p>\n<p>K\u00e4imas on mitu konkurssi:\u00a0<br \/>\n* meisterdamise konkurss,\u00a0<br \/>\n* jutu ja luuletuse kirjutamise konkurss, <br \/>\n* fotokonkurss, <br \/>\n* projektip\u00e4eviku konkurss<\/p>\n<p>T\u00e4na (25. m\u00e4rtsil) algab veel \u00fcks konkurss. Selleks on joonistamise ja koomiksi loomise konkurss. N\u00f5uetega saad tutvuda men\u00fc\u00fc &#8220;Konkursid&#8221; alt.\u00a0<\/p>\n<p>Ja \u00e4ra unusta n\u00e4dala k\u00fcsimusele vastamast!<\/p>\n<p>&nbsp;<\/p>\n<p style=\"text-align: center;\"><strong>Projekti meeskond soovib tomatis\u00f5pradele r\u00f5\u00f5mu igasse p\u00e4eva ning palju vahvaid tegevusi, <br \/>\n<\/strong><strong>mida s\u00f5prade ja vanematega jagada.\u00a0<\/strong><\/p>\n","protected":false},"excerpt":{"rendered":"<p>Head s\u00f5brad! Kaks n\u00e4dalat on m\u00f6\u00f6dunud linnutiivul ning aeg on need kokku v\u00f5tta.\u00a0 Neljas ja viies projektin\u00e4dal m\u00f6\u00f6dusid t\u00f6iselt ja kevade ootuses. \u00dcha enam saabus meile r\u00f5\u00f5msaid teateid esimestest \u00f5itest ja ka pisikestest viljadest. Taimi m\u00f5\u00f5deti, istutati \u00fcmber, kasteti ja v\u00e4etati. Esitati palju konkursit\u00f6id ja \u00f5uest otsiti kevade m\u00e4rke.\u00a0 &nbsp; Mis juhtub projekti kuuendal n\u00e4dalal?\u00a0 Kevade saabumisega tuleb \u00fcha enam hakata t\u00e4helepanu p\u00f6\u00f6rama p\u00e4ikesele. Ilmad on j\u00e4rjest enam ilusad, soojad ja p\u00e4ikeselised. Kindlasti j\u00e4lgi, et taimed p\u00e4ikesep\u00f5letust ei saa. Selleks t\u00f5sta taimed p\u00e4ikeselisel p\u00e4eval aknalaualt eemale. Soojemate ilmade t\u00f5ttu p\u00f6\u00f6ra enam t\u00e4helepanu kastmisele. Soojas ruumis, sooja ilmaga kuivab muld potis..<\/p>\n","protected":false},"author":2,"featured_media":0,"parent":23,"menu_order":0,"comment_status":"closed","ping_status":"closed","template":"","meta":{"footnotes":""},"class_list":["post-843","page","type-page","status-publish","hentry"],"_links":{"self":[{"href":"https:\/\/aianduskool.ee\/tomatisobrad\/wp-json\/wp\/v2\/pages\/843","targetHints":{"allow":["GET"]}}],"collection":[{"href":"https:\/\/aianduskool.ee\/tomatisobrad\/wp-json\/wp\/v2\/pages"}],"about":[{"href":"https:\/\/aianduskool.ee\/tomatisobrad\/wp-json\/wp\/v2\/types\/page"}],"author":[{"embeddable":true,"href":"https:\/\/aianduskool.ee\/tomatisobrad\/wp-json\/wp\/v2\/users\/2"}],"replies":[{"embeddable":true,"href":"https:\/\/aianduskool.ee\/tomatisobrad\/wp-json\/wp\/v2\/comments?post=843"}],"version-history":[{"count":5,"href":"https:\/\/aianduskool.ee\/tomatisobrad\/wp-json\/wp\/v2\/pages\/843\/revisions"}],"predecessor-version":[{"id":849,"href":"https:\/\/aianduskool.ee\/tomatisobrad\/wp-json\/wp\/v2\/pages\/843\/revisions\/849"}],"up":[{"embeddable":true,"href":"https:\/\/aianduskool.ee\/tomatisobrad\/wp-json\/wp\/v2\/pages\/23"}],"wp:attachment":[{"href":"https:\/\/aianduskool.ee\/tomatisobrad\/wp-json\/wp\/v2\/media?parent=843"}],"curies":[{"name":"wp","href":"https:\/\/api.w.org\/{rel}","templated":true}]}}