{"id":883,"date":"2019-04-08T19:24:03","date_gmt":"2019-04-08T16:24:03","guid":{"rendered":"https:\/\/aianduskool.ee\/tomatisobrad\/?page_id=883"},"modified":"2019-04-08T19:30:22","modified_gmt":"2019-04-08T16:30:22","slug":"7-nadala-kokkuvote","status":"publish","type":"page","link":"https:\/\/aianduskool.ee\/tomatisobrad\/blogid\/7-nadala-kokkuvote\/","title":{"rendered":"7. n\u00e4dala kokkuv\u00f5te"},"content":{"rendered":"<p>Hea s\u00f5ber!<\/p>\n<p>K\u00e4es on esmasp\u00e4ev ning aeg on taas eelmine n\u00e4dal kokku v\u00f5tta.\u00a0<br \/>\n7. n\u00e4dalal tegelesime tavap\u00e4raste tegevustega &#8211; hooldati (kasteti, v\u00e4etati) ja uuriti taimi. Saabusid ka esimesed teated, et &#8216;Vilma&#8217; on kasvatanud esimesed pisikesed viljad.\u00a0<br \/>\nEsitati palju konkursit\u00f6id, ja eelk\u00f5ige meisterdamise t\u00f6id, sest see konkurss l\u00f5ppes. <br \/>\nNalja sai ka, sest eelmise n\u00e4dala esmasp\u00e4ev oli 1. aprill, mis on naljap\u00e4ev. Kuna aprill on naljakuu, siis ka j\u00e4rgnevatel n\u00e4dalatel v\u00f5ib naljajutte r\u00e4\u00e4kida.\u00a0<\/p>\n<p><strong>Mis juhtub projekti kaheksandal n\u00e4dalal?\u00a0<\/strong><\/p>\n<p>Kaheksandal n\u00e4dalal j\u00e4tkame tomatitaimede kasvatamise ja j\u00e4lgimisega. Kindlasti vaata ka &#8220;Vilma ja Venuse seiklusi&#8221;. Linastus uus osa! \ud83d\ude42<\/p>\n<p>J\u00e4tkuvad konkursid:\u00a0<br \/>\n* jutu ja luuletuse kirjutamise konkurss, <br \/>\n* fotokonkurss, <br \/>\n* projektip\u00e4eviku konkurss.<\/p>\n<p>Algab uus konkurss. Selleks on meemide koostamise konkurss &#8220;\u00c4ge tomat!&#8221;. Kuna meemide koostamine n\u00f5uab suuremat arvutikasutusoskust, siis t\u00f6id ootame eelk\u00f5ige kooli\u00f5pilastelt. Lasteaia lastele v\u00f5ib see \u00fclesanne \u00fcle j\u00f5u k\u00e4ia. Meemide konkurss kestab 5. maini. N\u00f5udeid vaata <a href=\"https:\/\/aianduskool.ee\/tomatisobrad\/meemide-konkurss-age-tomat-8-04-5-05-2019\/\">SIIT<\/a>.\u00a0<br \/>\nKindlasti uuri, mida \u00fctleb n\u00e4dala nipp ning vasta uuele viktoriinik\u00fcsimusele.\u00a0<\/p>\n<p>&nbsp;<\/p>\n<p style=\"text-align: center;\"><strong>Taimeprojekti &#8220;Tomaits\u00f5brad&#8221; meeskond soovib Sulle p\u00e4ikeselist ja p\u00f5nevat n\u00e4dalat!\u00a0<\/strong><\/p>\n","protected":false},"excerpt":{"rendered":"<p>Hea s\u00f5ber! K\u00e4es on esmasp\u00e4ev ning aeg on taas eelmine n\u00e4dal kokku v\u00f5tta.\u00a0 7. n\u00e4dalal tegelesime tavap\u00e4raste tegevustega &#8211; hooldati (kasteti, v\u00e4etati) ja uuriti taimi. Saabusid ka esimesed teated, et &#8216;Vilma&#8217; on kasvatanud esimesed pisikesed viljad.\u00a0 Esitati palju konkursit\u00f6id, ja eelk\u00f5ige meisterdamise t\u00f6id, sest see konkurss l\u00f5ppes. Nalja sai ka, sest eelmise n\u00e4dala esmasp\u00e4ev oli 1. aprill, mis on naljap\u00e4ev. Kuna aprill on naljakuu, siis ka j\u00e4rgnevatel n\u00e4dalatel v\u00f5ib naljajutte r\u00e4\u00e4kida.\u00a0 Mis juhtub projekti kaheksandal n\u00e4dalal?\u00a0 Kaheksandal n\u00e4dalal j\u00e4tkame tomatitaimede kasvatamise ja j\u00e4lgimisega. Kindlasti vaata ka &#8220;Vilma ja Venuse seiklusi&#8221;. Linastus uus osa! \ud83d\ude42 J\u00e4tkuvad konkursid:\u00a0 * jutu ja luuletuse..<\/p>\n","protected":false},"author":2,"featured_media":0,"parent":23,"menu_order":0,"comment_status":"closed","ping_status":"closed","template":"","meta":{"footnotes":""},"class_list":["post-883","page","type-page","status-publish","hentry"],"_links":{"self":[{"href":"https:\/\/aianduskool.ee\/tomatisobrad\/wp-json\/wp\/v2\/pages\/883","targetHints":{"allow":["GET"]}}],"collection":[{"href":"https:\/\/aianduskool.ee\/tomatisobrad\/wp-json\/wp\/v2\/pages"}],"about":[{"href":"https:\/\/aianduskool.ee\/tomatisobrad\/wp-json\/wp\/v2\/types\/page"}],"author":[{"embeddable":true,"href":"https:\/\/aianduskool.ee\/tomatisobrad\/wp-json\/wp\/v2\/users\/2"}],"replies":[{"embeddable":true,"href":"https:\/\/aianduskool.ee\/tomatisobrad\/wp-json\/wp\/v2\/comments?post=883"}],"version-history":[{"count":5,"href":"https:\/\/aianduskool.ee\/tomatisobrad\/wp-json\/wp\/v2\/pages\/883\/revisions"}],"predecessor-version":[{"id":896,"href":"https:\/\/aianduskool.ee\/tomatisobrad\/wp-json\/wp\/v2\/pages\/883\/revisions\/896"}],"up":[{"embeddable":true,"href":"https:\/\/aianduskool.ee\/tomatisobrad\/wp-json\/wp\/v2\/pages\/23"}],"wp:attachment":[{"href":"https:\/\/aianduskool.ee\/tomatisobrad\/wp-json\/wp\/v2\/media?parent=883"}],"curies":[{"name":"wp","href":"https:\/\/api.w.org\/{rel}","templated":true}]}}