{"id":901,"date":"2019-04-15T19:17:45","date_gmt":"2019-04-15T16:17:45","guid":{"rendered":"https:\/\/aianduskool.ee\/tomatisobrad\/?page_id=901"},"modified":"2019-04-15T19:17:45","modified_gmt":"2019-04-15T16:17:45","slug":"8-nadala-kokkuvote","status":"publish","type":"page","link":"https:\/\/aianduskool.ee\/tomatisobrad\/blogid\/8-nadala-kokkuvote\/","title":{"rendered":"8. n\u00e4dala kokkuv\u00f5te"},"content":{"rendered":"<p>Head s\u00f5brad!<\/p>\n<p>Aeg on taas \u00fcks n\u00e4dal kokku v\u00f5tta.\u00a0<br \/>\n8. projektin\u00e4dalal tegelesime taas tavap\u00e4raste tegevustega &#8211; hooldasime ja uurisime taimi. V\u00e4ga palju teateid on saabunud viljadest, esimesed teated saabusid ka v\u00e4rvunud viljadest. V\u00e4ikeseviljaliste tomatite kasvatamine \u00f5nnestub meil k\u00f5igil v\u00e4ga h\u00e4sti.\u00a0<br \/>\nKuna tomatitaimede kasv on hoos &#8211; kasvavad ju varred, lehed, \u00f5ied ja viljad &#8211; vajavad taimed ka enam toitaineid. Sellep\u00e4rast on n\u00fc\u00fcd tarvis rohkem v\u00e4etamisega tegeleda. Pange aga t\u00e4hele, et kuivas mullas kasvavat taime v\u00e4etada ei tohi. See p\u00f5hjustab rohkem kahju kui kasu. Kuivas mullas kasvava taime juurtele tekib v\u00e4etamise j\u00e4rel v\u00e4etise p\u00f5letus. Samuti ei omasta taim kuivast mullast toitaineid. Seega, enne v\u00e4etamist tuleb muld veega m\u00e4rjaks kasta. Alles siis v\u00f5ib v\u00e4etislahusega v\u00e4etama hakata.\u00a0<\/p>\n<p>Eelmisel n\u00e4dalal saadeti meile ka v\u00e4ga palju toredaid konkursit\u00f6id &#8211; jutte, luuletusi, joonistusi ja ka koomikseid. Projekti postkast on neist pungil&#8230;<\/p>\n<p>\n<\/p>\n<p><strong>Mis juhtub j\u00e4rgmisel n\u00e4dalal?\u00a0<\/strong><\/p>\n<p>\u00dcheksandal n\u00e4dalal j\u00e4tkame tomatitaimede kasvatamise ja j\u00e4lgimisega.<br \/>\nJ\u00e4tkuvad konkursid:\u00a0<br \/>\n* fotokonkurss (kestab projekti l\u00f5puni),<br \/>\n* projektip\u00e4eviku konkurss (kestab projekti l\u00f5puni), <br \/>\n* joonistamise ja koomiksi tegemise v\u00f5sitlus (kestab 28. aprillini),<br \/>\n* meemi tegemise v\u00f5sitlus &#8220;\u00c4ge tomat&#8221; (kestab 5. maini).<\/p>\n<p>Kindlasti uurige, mida \u00fctleb n\u00e4dala nipp ning vastake viktoriini k\u00fcsimusele. Valmistuge \u00fclest\u00f5usmisp\u00fchadeks ning kevadvaheajaks.\u00a0<\/p>\n<p>&nbsp;<\/p>\n<p style=\"text-align: center;\"><strong>Taimeprojekti &#8220;Tomaits\u00f5brad&#8221; meeskond soovib p\u00f5nevat n\u00e4dalat!<\/strong><\/p>\n","protected":false},"excerpt":{"rendered":"<p>Head s\u00f5brad! Aeg on taas \u00fcks n\u00e4dal kokku v\u00f5tta.\u00a0 8. projektin\u00e4dalal tegelesime taas tavap\u00e4raste tegevustega &#8211; hooldasime ja uurisime taimi. V\u00e4ga palju teateid on saabunud viljadest, esimesed teated saabusid ka v\u00e4rvunud viljadest. V\u00e4ikeseviljaliste tomatite kasvatamine \u00f5nnestub meil k\u00f5igil v\u00e4ga h\u00e4sti.\u00a0 Kuna tomatitaimede kasv on hoos &#8211; kasvavad ju varred, lehed, \u00f5ied ja viljad &#8211; vajavad taimed ka enam toitaineid. Sellep\u00e4rast on n\u00fc\u00fcd tarvis rohkem v\u00e4etamisega tegeleda. Pange aga t\u00e4hele, et kuivas mullas kasvavat taime v\u00e4etada ei tohi. See p\u00f5hjustab rohkem kahju kui kasu. Kuivas mullas kasvava taime juurtele tekib v\u00e4etamise j\u00e4rel v\u00e4etise p\u00f5letus. Samuti ei omasta taim kuivast mullast toitaineid&#8230;<\/p>\n","protected":false},"author":2,"featured_media":0,"parent":23,"menu_order":0,"comment_status":"closed","ping_status":"closed","template":"","meta":{"footnotes":""},"class_list":["post-901","page","type-page","status-publish","hentry"],"_links":{"self":[{"href":"https:\/\/aianduskool.ee\/tomatisobrad\/wp-json\/wp\/v2\/pages\/901","targetHints":{"allow":["GET"]}}],"collection":[{"href":"https:\/\/aianduskool.ee\/tomatisobrad\/wp-json\/wp\/v2\/pages"}],"about":[{"href":"https:\/\/aianduskool.ee\/tomatisobrad\/wp-json\/wp\/v2\/types\/page"}],"author":[{"embeddable":true,"href":"https:\/\/aianduskool.ee\/tomatisobrad\/wp-json\/wp\/v2\/users\/2"}],"replies":[{"embeddable":true,"href":"https:\/\/aianduskool.ee\/tomatisobrad\/wp-json\/wp\/v2\/comments?post=901"}],"version-history":[{"count":1,"href":"https:\/\/aianduskool.ee\/tomatisobrad\/wp-json\/wp\/v2\/pages\/901\/revisions"}],"predecessor-version":[{"id":902,"href":"https:\/\/aianduskool.ee\/tomatisobrad\/wp-json\/wp\/v2\/pages\/901\/revisions\/902"}],"up":[{"embeddable":true,"href":"https:\/\/aianduskool.ee\/tomatisobrad\/wp-json\/wp\/v2\/pages\/23"}],"wp:attachment":[{"href":"https:\/\/aianduskool.ee\/tomatisobrad\/wp-json\/wp\/v2\/media?parent=901"}],"curies":[{"name":"wp","href":"https:\/\/api.w.org\/{rel}","templated":true}]}}