{"id":909,"date":"2019-04-22T10:02:45","date_gmt":"2019-04-22T07:02:45","guid":{"rendered":"https:\/\/aianduskool.ee\/tomatisobrad\/?page_id=909"},"modified":"2019-05-06T09:44:56","modified_gmt":"2019-05-06T06:44:56","slug":"9-nadala-kokkuvote","status":"publish","type":"page","link":"https:\/\/aianduskool.ee\/tomatisobrad\/blogid\/9-nadala-kokkuvote\/","title":{"rendered":"9. n\u00e4dala kokkuv\u00f5te"},"content":{"rendered":"<p>Head s\u00f5brad!<\/p>\n<p>\n9. projektin\u00e4dalal tegelesime j\u00e4lle tavap\u00e4raste tegevustega &#8211; hooldasime ja uurisime taimi. Taas saabus mitmeid teateid v\u00e4rvunud viljadest, aga ka esimestest viljadest. Konkursile saadeti viimased jutud ja luuletused. <br \/>\n\u00a0<br \/>\nKuna tomatitaimede kasv on j\u00e4tkuvalt hoos &#8211; kasvavad ju varred, lehed, \u00f5ied ja viljad &#8211; vajavad nad enam enam toitaineid ja vett. J\u00e4lgige, et taimed toitainetepuudusesse ei j\u00e4\u00e4ks. Esimesed m\u00e4rgid toitainetepuudusest on pikad ja peenikesed varred ning helerohelised lehed.\u00a0<\/p>\n<p><strong>Mis juhtub j\u00e4rgmisel n\u00e4dalal?\u00a0<\/strong><\/p>\n<p>Kuna algas koolivaheaeg, siis tegeleme tavap\u00e4raste tegevustega.\u00a0Projekti k\u00fcmnendal n\u00e4dalal j\u00e4tkame tomatitaimede kasvatamise ja j\u00e4lgimisega.<br \/>\nJ\u00e4tkuvad konkursid:\u00a0<br \/>\n* fotokonkurss (kestab projekti l\u00f5puni),<br \/>\n* projektip\u00e4eviku konkurss (kestab projekti l\u00f5puni), <br \/>\n* joonistamise ja koomiksi tegemise v\u00f5sitlus (kestab 28. aprillini),<br \/>\n* meemi tegemise v\u00f5sitlus &#8220;\u00c4ge tomat&#8221; (kestab 5. maini).<\/p>\n<p>Uut viktoriini k\u00fcsimust sel n\u00e4dala ei ole. Vastata saab eelnevatele, kellel on see tegemata.\u00a0<br \/>\nProjekti ja katse l\u00f5puni on j\u00e4\u00e4nud 3 n\u00e4dalat.\u00a0<\/p>\n<p>&nbsp;<\/p>\n<p style=\"text-align: center;\"><strong>Taimeprojekti &#8220;Tomaits\u00f5brad&#8221; meeskond soovib m\u00f5nusat vaheaega ja p\u00e4ikeselist n\u00e4dalat!<\/strong><\/p>\n","protected":false},"excerpt":{"rendered":"<p>Head s\u00f5brad! 9. projektin\u00e4dalal tegelesime j\u00e4lle tavap\u00e4raste tegevustega &#8211; hooldasime ja uurisime taimi. Taas saabus mitmeid teateid v\u00e4rvunud viljadest, aga ka esimestest viljadest. Konkursile saadeti viimased jutud ja luuletused. \u00a0 Kuna tomatitaimede kasv on j\u00e4tkuvalt hoos &#8211; kasvavad ju varred, lehed, \u00f5ied ja viljad &#8211; vajavad nad enam enam toitaineid ja vett. J\u00e4lgige, et taimed toitainetepuudusesse ei j\u00e4\u00e4ks. Esimesed m\u00e4rgid toitainetepuudusest on pikad ja peenikesed varred ning helerohelised lehed.\u00a0 Mis juhtub j\u00e4rgmisel n\u00e4dalal?\u00a0 Kuna algas koolivaheaeg, siis tegeleme tavap\u00e4raste tegevustega.\u00a0Projekti k\u00fcmnendal n\u00e4dalal j\u00e4tkame tomatitaimede kasvatamise ja j\u00e4lgimisega. J\u00e4tkuvad konkursid:\u00a0 * fotokonkurss (kestab projekti l\u00f5puni), * projektip\u00e4eviku konkurss (kestab projekti l\u00f5puni),..<\/p>\n","protected":false},"author":2,"featured_media":0,"parent":23,"menu_order":0,"comment_status":"closed","ping_status":"closed","template":"","meta":{"footnotes":""},"class_list":["post-909","page","type-page","status-publish","hentry"],"_links":{"self":[{"href":"https:\/\/aianduskool.ee\/tomatisobrad\/wp-json\/wp\/v2\/pages\/909","targetHints":{"allow":["GET"]}}],"collection":[{"href":"https:\/\/aianduskool.ee\/tomatisobrad\/wp-json\/wp\/v2\/pages"}],"about":[{"href":"https:\/\/aianduskool.ee\/tomatisobrad\/wp-json\/wp\/v2\/types\/page"}],"author":[{"embeddable":true,"href":"https:\/\/aianduskool.ee\/tomatisobrad\/wp-json\/wp\/v2\/users\/2"}],"replies":[{"embeddable":true,"href":"https:\/\/aianduskool.ee\/tomatisobrad\/wp-json\/wp\/v2\/comments?post=909"}],"version-history":[{"count":3,"href":"https:\/\/aianduskool.ee\/tomatisobrad\/wp-json\/wp\/v2\/pages\/909\/revisions"}],"predecessor-version":[{"id":925,"href":"https:\/\/aianduskool.ee\/tomatisobrad\/wp-json\/wp\/v2\/pages\/909\/revisions\/925"}],"up":[{"embeddable":true,"href":"https:\/\/aianduskool.ee\/tomatisobrad\/wp-json\/wp\/v2\/pages\/23"}],"wp:attachment":[{"href":"https:\/\/aianduskool.ee\/tomatisobrad\/wp-json\/wp\/v2\/media?parent=909"}],"curies":[{"name":"wp","href":"https:\/\/api.w.org\/{rel}","templated":true}]}}