{"id":915,"date":"2019-04-29T09:20:33","date_gmt":"2019-04-29T06:20:33","guid":{"rendered":"https:\/\/aianduskool.ee\/tomatisobrad\/?page_id=915"},"modified":"2019-04-29T09:20:33","modified_gmt":"2019-04-29T06:20:33","slug":"10-nadala-kokkuvote","status":"publish","type":"page","link":"https:\/\/aianduskool.ee\/tomatisobrad\/blogid\/10-nadala-kokkuvote\/","title":{"rendered":"10. n\u00e4dala kokkuv\u00f5te"},"content":{"rendered":"<p>Head s\u00f5brad!<\/p>\n<p>\n10. projektin\u00e4dalal oli koolivaheaeg, mist\u00f5ttu said koolilapsed aja maha v\u00f5tta ning puhata ja kevadet nautida. Vaheajast hoolimata vajasid taimed siiski hooldamist. Samuti saabus meile palju teateid nii v\u00e4rvunud viljadest kui ka p\u00e4ris esimestest viljadest. V\u00e4rvusid ka esimesed &#8216;Vilma&#8217; viljad. Taimede kasvu ja arengu suured erinevused on p\u00f5hjustatud erinevatest kasvukohtatingimustest ja hooldusv\u00f5tetest. Iga ruum on erinev! Tomatitaime kasvu m\u00f5jutab nii valgus, temperatuur, niiskus kui ka substraadi omadused. Samuti olme juba teada saanud, et erinevad sordid kasvavad erinevalt.\u00a0<\/p>\n<p>Eelmisel n\u00e4dalal saadeti meile ka suur hulk joonistusi ja koomikseid. Uut viktoriini k\u00fcsimust me vaheaja t\u00f5ttu ei esitanud. K\u00fcll aga sai vastata eelnevatele, kui see veel tegemata oli.\u00a0<\/p>\n<p><strong>Mis juhtub j\u00e4rgmisel n\u00e4dalal?\u00a0<\/strong><\/p>\n<p>Tegeleme tavap\u00e4raste tegevustega &#8211; kastame ja v\u00e4etame taimi, kogume katseandmeid ja \u00fcha enam uurime, kas viljad juba v\u00e4rvuvad. Kui taimed \u00f5itsevad aga vilju eriti ei teki, siis tasuks \u00f5isi tolmeldada. Looduses teevad seda kimalased. Toas meil aga kimalasi ei ole. Nii tulebki pintslikese abil \u00f5isi tolmeldada. Aitab ka taimede kerge raputamine.\u00a0<br \/>\nJ\u00e4tkuvad konkursid:\u00a0<br \/>\n* fotokonkurss (kestab 12. maini),<br \/>\n* projektip\u00e4eviku konkurss (kestab 12. maini), <br \/>\n* meemi tegemise v\u00f5sitlus &#8220;\u00c4ge tomat&#8221; (kestab 5. maini).<\/p>\n<p>Sel n\u00e4dalal saab taas vastata uuele viktoriinik\u00fcsimusele. \u00a0<\/p>\n<p>Projekti ja katse l\u00f5puni on j\u00e4\u00e4nud ainult 2 n\u00e4dalat.\u00a0<\/p>\n<p>&nbsp;<\/p>\n<p style=\"text-align: center;\"><strong>Taimeprojekti &#8220;Tomaits\u00f5brad&#8221; meeskond soovib p\u00e4ikeselist n\u00e4dalat ja toredat kevadp\u00fcha!<\/strong><\/p>\n","protected":false},"excerpt":{"rendered":"<p>Head s\u00f5brad! 10. projektin\u00e4dalal oli koolivaheaeg, mist\u00f5ttu said koolilapsed aja maha v\u00f5tta ning puhata ja kevadet nautida. Vaheajast hoolimata vajasid taimed siiski hooldamist. Samuti saabus meile palju teateid nii v\u00e4rvunud viljadest kui ka p\u00e4ris esimestest viljadest. V\u00e4rvusid ka esimesed &#8216;Vilma&#8217; viljad. Taimede kasvu ja arengu suured erinevused on p\u00f5hjustatud erinevatest kasvukohtatingimustest ja hooldusv\u00f5tetest. Iga ruum on erinev! Tomatitaime kasvu m\u00f5jutab nii valgus, temperatuur, niiskus kui ka substraadi omadused. Samuti olme juba teada saanud, et erinevad sordid kasvavad erinevalt.\u00a0 Eelmisel n\u00e4dalal saadeti meile ka suur hulk joonistusi ja koomikseid. Uut viktoriini k\u00fcsimust me vaheaja t\u00f5ttu ei esitanud. K\u00fcll aga sai vastata..<\/p>\n","protected":false},"author":2,"featured_media":0,"parent":23,"menu_order":0,"comment_status":"closed","ping_status":"closed","template":"","meta":{"footnotes":""},"class_list":["post-915","page","type-page","status-publish","hentry"],"_links":{"self":[{"href":"https:\/\/aianduskool.ee\/tomatisobrad\/wp-json\/wp\/v2\/pages\/915","targetHints":{"allow":["GET"]}}],"collection":[{"href":"https:\/\/aianduskool.ee\/tomatisobrad\/wp-json\/wp\/v2\/pages"}],"about":[{"href":"https:\/\/aianduskool.ee\/tomatisobrad\/wp-json\/wp\/v2\/types\/page"}],"author":[{"embeddable":true,"href":"https:\/\/aianduskool.ee\/tomatisobrad\/wp-json\/wp\/v2\/users\/2"}],"replies":[{"embeddable":true,"href":"https:\/\/aianduskool.ee\/tomatisobrad\/wp-json\/wp\/v2\/comments?post=915"}],"version-history":[{"count":3,"href":"https:\/\/aianduskool.ee\/tomatisobrad\/wp-json\/wp\/v2\/pages\/915\/revisions"}],"predecessor-version":[{"id":918,"href":"https:\/\/aianduskool.ee\/tomatisobrad\/wp-json\/wp\/v2\/pages\/915\/revisions\/918"}],"up":[{"embeddable":true,"href":"https:\/\/aianduskool.ee\/tomatisobrad\/wp-json\/wp\/v2\/pages\/23"}],"wp:attachment":[{"href":"https:\/\/aianduskool.ee\/tomatisobrad\/wp-json\/wp\/v2\/media?parent=915"}],"curies":[{"name":"wp","href":"https:\/\/api.w.org\/{rel}","templated":true}]}}