{"id":926,"date":"2019-05-06T09:51:12","date_gmt":"2019-05-06T06:51:12","guid":{"rendered":"https:\/\/aianduskool.ee\/tomatisobrad\/?page_id=926"},"modified":"2019-05-06T09:55:26","modified_gmt":"2019-05-06T06:55:26","slug":"viimane-nadal-algab","status":"publish","type":"page","link":"https:\/\/aianduskool.ee\/tomatisobrad\/blogid\/viimane-nadal-algab\/","title":{"rendered":"Viimane n\u00e4dal algab!"},"content":{"rendered":"<p>Head s\u00f5brad!<\/p>\n<p><strong>Viimane aktiivne projektin\u00e4dal algab!<\/strong><\/p>\n<p>\nJ\u00e4tkame tavap\u00e4raste tegevustega &#8211; kastame ja v\u00e4etame taimi, kogume katse andmeid ja \u00fcha enam uurime, kas viljad juba v\u00e4rvuvad. Valmistume kokkuv\u00f5tete tegemiseks. <br \/>\n\u017d\u00fcrii on alustanud konkursit\u00f6\u00f6de hindamist. Kuna t\u00f6id esitati v\u00e4ga palju, siis hindamine v\u00f5tab oma jagu aega.\u00a0<br \/>\nSellel n\u00e4dalal l\u00f5pevad j\u00e4rgmised konkursid:\u00a0<br \/>\n* fotokonkurss (kestab 12. maini),<br \/>\n* projektip\u00e4eviku konkurss (kestab 12. maini).\u00a0<\/p>\n<p>Sel n\u00e4dalal saab vastata viimasele viktoriinik\u00fcsimusele. \u00a0<br \/>\nOleme emadep\u00e4eva ootuses.\u00a0<\/p>\n<p style=\"text-align: center;\"><strong>Taimeprojekti &#8220;Tomaits\u00f5brad&#8221; meeskond soovib p\u00e4ikeselist n\u00e4dalat ja s\u00fcdamlikku emadep\u00e4eva!<\/strong><\/p>\n","protected":false},"excerpt":{"rendered":"<p>Head s\u00f5brad! Viimane aktiivne projektin\u00e4dal algab! J\u00e4tkame tavap\u00e4raste tegevustega &#8211; kastame ja v\u00e4etame taimi, kogume katse andmeid ja \u00fcha enam uurime, kas viljad juba v\u00e4rvuvad. Valmistume kokkuv\u00f5tete tegemiseks. \u017d\u00fcrii on alustanud konkursit\u00f6\u00f6de hindamist. Kuna t\u00f6id esitati v\u00e4ga palju, siis hindamine v\u00f5tab oma jagu aega.\u00a0 Sellel n\u00e4dalal l\u00f5pevad j\u00e4rgmised konkursid:\u00a0 * fotokonkurss (kestab 12. maini), * projektip\u00e4eviku konkurss (kestab 12. maini).\u00a0 Sel n\u00e4dalal saab vastata viimasele viktoriinik\u00fcsimusele. \u00a0 Oleme emadep\u00e4eva ootuses.\u00a0 Taimeprojekti &#8220;Tomaits\u00f5brad&#8221; meeskond soovib p\u00e4ikeselist n\u00e4dalat ja s\u00fcdamlikku emadep\u00e4eva!<\/p>\n","protected":false},"author":2,"featured_media":0,"parent":23,"menu_order":0,"comment_status":"closed","ping_status":"closed","template":"","meta":{"footnotes":""},"class_list":["post-926","page","type-page","status-publish","hentry"],"_links":{"self":[{"href":"https:\/\/aianduskool.ee\/tomatisobrad\/wp-json\/wp\/v2\/pages\/926","targetHints":{"allow":["GET"]}}],"collection":[{"href":"https:\/\/aianduskool.ee\/tomatisobrad\/wp-json\/wp\/v2\/pages"}],"about":[{"href":"https:\/\/aianduskool.ee\/tomatisobrad\/wp-json\/wp\/v2\/types\/page"}],"author":[{"embeddable":true,"href":"https:\/\/aianduskool.ee\/tomatisobrad\/wp-json\/wp\/v2\/users\/2"}],"replies":[{"embeddable":true,"href":"https:\/\/aianduskool.ee\/tomatisobrad\/wp-json\/wp\/v2\/comments?post=926"}],"version-history":[{"count":2,"href":"https:\/\/aianduskool.ee\/tomatisobrad\/wp-json\/wp\/v2\/pages\/926\/revisions"}],"predecessor-version":[{"id":929,"href":"https:\/\/aianduskool.ee\/tomatisobrad\/wp-json\/wp\/v2\/pages\/926\/revisions\/929"}],"up":[{"embeddable":true,"href":"https:\/\/aianduskool.ee\/tomatisobrad\/wp-json\/wp\/v2\/pages\/23"}],"wp:attachment":[{"href":"https:\/\/aianduskool.ee\/tomatisobrad\/wp-json\/wp\/v2\/media?parent=926"}],"curies":[{"name":"wp","href":"https:\/\/api.w.org\/{rel}","templated":true}]}}