{"id":935,"date":"2019-05-09T15:38:18","date_gmt":"2019-05-09T12:38:18","guid":{"rendered":"https:\/\/aianduskool.ee\/tomatisobrad\/?page_id=935"},"modified":"2019-05-09T15:38:18","modified_gmt":"2019-05-09T12:38:18","slug":"meisterdamise-konkursi-tulemused","status":"publish","type":"page","link":"https:\/\/aianduskool.ee\/tomatisobrad\/konkursid\/meisterdamise-konkursi-tulemused\/","title":{"rendered":"Meisterdamise konkursi tulemused"},"content":{"rendered":"<p>Esimese loomingukonkursi t\u00f6\u00f6deks ootasime\u00a0endavalmistatud looduslikust, taaskasutatavast materjalist (nt paber, papp) anumaid, mille sisse\u00a0saaks taimi istutada v\u00f5i tomati vilju koguda ning s\u00f5pradele jagada.\u00a0<\/p>\n<p>Auv\u00e4\u00e4rt \u017e\u00fcrii on oma t\u00f6\u00f6 teinud ning tulemused on j\u00e4rgmised:<\/p>\n<p><strong>1. koht<\/strong> &#8211; \u00a0Kehtna Lasteaed Siller, <a href=\"http:\/\/meisterdajad.simplesite.com\" target=\"_blank\" rel=\"noopener noreferrer\">Saialille r\u00fchm\u00a0<\/a><br \/>\n<strong>2. koht<\/strong> &#8211; M\u00f5niste Kool, <a href=\"https:\/\/spark.adobe.com\/page\/oN3wqQt6ytqNy\/\" target=\"_blank\" rel=\"noopener noreferrer\">2. klass<\/a><br \/>\n<strong>3. koht<\/strong> &#8211; Lasnam\u00e4e P\u00f5hikool, <a href=\"https:\/\/lpktomatisobrad.blogspot.com\/p\/meisterdamine.html\" target=\"_blank\" rel=\"noopener noreferrer\">1. klass\u00a0<\/a><\/p>\n<p>\u00c4ram\u00e4rkimist leidsid veel j\u00e4rgmised t\u00f6\u00f6d:\u00a0<\/p>\n<p>* C.R. Jakobsoni nim Torma P\u00f5hikool, Linnutaja Lasteaed, <a href=\"https:\/\/docs.google.com\/presentation\/d\/143EwUEPNU-zCS_ibx62Coc-g9y6F0ATmd3NwchgNOsA\/edit#slide=id.p\" target=\"_blank\" rel=\"noopener noreferrer\">Nipitiride r\u00fchm<\/a> <br \/>\n* C.R. Jakobsoni nim Torma P\u00f5hikool, Linnutaja Lasteaed, <a href=\"https:\/\/midritomat.blogspot.com\/2019\/04\/tomatite-umberistutamine.html\" target=\"_blank\" rel=\"noopener noreferrer\">Midritomatis\u00f5brad<\/a><br \/>\n* Kaarli Kool, <a href=\"https:\/\/tomatisobrad.home.blog\/2019\/04\/05\/meisterdame-kausse-tomatite-jaoks\/\" target=\"_blank\" rel=\"noopener noreferrer\">1. klass<\/a> <br \/>\n* M\u00e4rjamaa Lasetaed Pillerpall, <a href=\"https:\/\/pillerpall.blogspot.com\/p\/blog-page_50.html\" target=\"_blank\" rel=\"noopener noreferrer\">\u00dclaste r\u00fchm<\/a><br \/>\n* Ruila P\u00f5hikooli Kirsiaia Lasteaed, <a href=\"https:\/\/kirsike6.wixsite.com\/tomatis6brad\/blogi\/meisterdamiskonkurss\" target=\"_blank\" rel=\"noopener noreferrer\">Kirsikeste r\u00fchm<\/a> <br \/>\n* Varbola Lasteaed-Algkool, <a href=\"https:\/\/varbolakool.ee\/tomatiblogi\/\" target=\"_blank\" rel=\"noopener noreferrer\">3.-4. klass<\/a> <br \/>\n* Vastsem\u00f5isa Lasteaed P\u00e4evalill, <a href=\"https:\/\/voililled.blogspot.com\/2019\/03\/voilillide-ruhma-peitsitud.html\" target=\"_blank\" rel=\"noopener noreferrer\">V\u00f5ilille r\u00fchm<\/a><\/p>\n<p style=\"text-align: center;\">\n<strong>Suur, suur ait\u00e4h k\u00f5igle osalejatele ja palju \u00f5nne v\u00f5itjatele! <br \/>\nOlete k\u00f5ik v\u00e4ga tublid! Meie oleme uhked! \ud83d\ude42\u00a0<\/strong><\/p>\n","protected":false},"excerpt":{"rendered":"<p>Esimese loomingukonkursi t\u00f6\u00f6deks ootasime\u00a0endavalmistatud looduslikust, taaskasutatavast materjalist (nt paber, papp) anumaid, mille sisse\u00a0saaks taimi istutada v\u00f5i tomati vilju koguda ning s\u00f5pradele jagada.\u00a0 Auv\u00e4\u00e4rt \u017e\u00fcrii on oma t\u00f6\u00f6 teinud ning tulemused on j\u00e4rgmised: 1. koht &#8211; \u00a0Kehtna Lasteaed Siller, Saialille r\u00fchm\u00a0 2. koht &#8211; M\u00f5niste Kool, 2. klass 3. koht &#8211; Lasnam\u00e4e P\u00f5hikool, 1. klass\u00a0 \u00c4ram\u00e4rkimist leidsid veel j\u00e4rgmised t\u00f6\u00f6d:\u00a0 * C.R. Jakobsoni nim Torma P\u00f5hikool, Linnutaja Lasteaed, Nipitiride r\u00fchm * C.R. Jakobsoni nim Torma P\u00f5hikool, Linnutaja Lasteaed, Midritomatis\u00f5brad * Kaarli Kool, 1. klass * M\u00e4rjamaa Lasetaed Pillerpall, \u00dclaste r\u00fchm * Ruila P\u00f5hikooli Kirsiaia Lasteaed, Kirsikeste r\u00fchm * Varbola Lasteaed-Algkool, 3.-4&#8230;<\/p>\n","protected":false},"author":2,"featured_media":0,"parent":19,"menu_order":0,"comment_status":"closed","ping_status":"closed","template":"","meta":{"footnotes":""},"class_list":["post-935","page","type-page","status-publish","hentry"],"_links":{"self":[{"href":"https:\/\/aianduskool.ee\/tomatisobrad\/wp-json\/wp\/v2\/pages\/935","targetHints":{"allow":["GET"]}}],"collection":[{"href":"https:\/\/aianduskool.ee\/tomatisobrad\/wp-json\/wp\/v2\/pages"}],"about":[{"href":"https:\/\/aianduskool.ee\/tomatisobrad\/wp-json\/wp\/v2\/types\/page"}],"author":[{"embeddable":true,"href":"https:\/\/aianduskool.ee\/tomatisobrad\/wp-json\/wp\/v2\/users\/2"}],"replies":[{"embeddable":true,"href":"https:\/\/aianduskool.ee\/tomatisobrad\/wp-json\/wp\/v2\/comments?post=935"}],"version-history":[{"count":1,"href":"https:\/\/aianduskool.ee\/tomatisobrad\/wp-json\/wp\/v2\/pages\/935\/revisions"}],"predecessor-version":[{"id":936,"href":"https:\/\/aianduskool.ee\/tomatisobrad\/wp-json\/wp\/v2\/pages\/935\/revisions\/936"}],"up":[{"embeddable":true,"href":"https:\/\/aianduskool.ee\/tomatisobrad\/wp-json\/wp\/v2\/pages\/19"}],"wp:attachment":[{"href":"https:\/\/aianduskool.ee\/tomatisobrad\/wp-json\/wp\/v2\/media?parent=935"}],"curies":[{"name":"wp","href":"https:\/\/api.w.org\/{rel}","templated":true}]}}