{"id":959,"date":"2019-06-04T11:44:17","date_gmt":"2019-06-04T08:44:17","guid":{"rendered":"https:\/\/aianduskool.ee\/tomatisobrad\/?page_id=959"},"modified":"2019-06-04T11:44:17","modified_gmt":"2019-06-04T08:44:17","slug":"meemide-konkursi-tulemused","status":"publish","type":"page","link":"https:\/\/aianduskool.ee\/tomatisobrad\/konkursid\/meemide-konkursi-tulemused\/","title":{"rendered":"Meemide konkursi tulemused"},"content":{"rendered":"<p>Meem (ingl. k. MEME) on pildist, mitmest pildist v\u00f5i l\u00fchikesest videost (gif) koosnev naljakas ja lihtne visuaalne materjal, mida jagatakse eelk\u00f5ige internetis, sotsiaalmeedias.\u00a0<\/p>\n<p>\u017d\u00fcrii on k\u00f5ik t\u00f6\u00f6d l\u00e4bi vaadanud ning konkursi tulemused on j\u00e4rgmised:<\/p>\n<p><strong>1. koht<\/strong> &#8211; \u00a0<strong>Samuel K\u00fcnnapuu<\/strong> Vastseliina G\u00fcmnaasiumi 1. b klassist (juhendaja Pirjo K\u00fcnnapuu)<br \/>\n<img loading=\"lazy\" decoding=\"async\" class=\"alignnone wp-image-960\" src=\"https:\/\/aianduskool.ee\/tomatisobrad\/wp-content\/uploads\/2019\/06\/Meme_1-225x300.png\" alt=\"\" width=\"337\" height=\"449\" srcset=\"https:\/\/aianduskool.ee\/tomatisobrad\/wp-content\/uploads\/2019\/06\/Meme_1-225x300.png 225w, https:\/\/aianduskool.ee\/tomatisobrad\/wp-content\/uploads\/2019\/06\/Meme_1.png 631w\" sizes=\"auto, (max-width: 337px) 100vw, 337px\" \/><\/p>\n<p><strong>2. &#8211; 3. koht<\/strong> &#8211; <strong>Derek Erm<\/strong> Varbola Kooli 4. klassist<\/p>\n<p><img loading=\"lazy\" decoding=\"async\" class=\"alignnone wp-image-961\" src=\"https:\/\/aianduskool.ee\/tomatisobrad\/wp-content\/uploads\/2019\/06\/MEEM4-232x300.png\" alt=\"\" width=\"338\" height=\"438\" srcset=\"https:\/\/aianduskool.ee\/tomatisobrad\/wp-content\/uploads\/2019\/06\/MEEM4-232x300.png 232w, https:\/\/aianduskool.ee\/tomatisobrad\/wp-content\/uploads\/2019\/06\/MEEM4.png 663w\" sizes=\"auto, (max-width: 338px) 100vw, 338px\" \/><\/p>\n<p><strong>2. &#8211; 3. koht <\/strong>&#8211;<strong> K\u00e4tlin Ivandi<\/strong> Melliste Algkooli 3. klassist<\/p>\n<p><img loading=\"lazy\" decoding=\"async\" class=\"alignnone wp-image-963 size-large\" src=\"https:\/\/aianduskool.ee\/tomatisobrad\/wp-content\/uploads\/2019\/06\/Meem_Melliste-1024x724.png\" alt=\"\" width=\"1024\" height=\"724\" srcset=\"https:\/\/aianduskool.ee\/tomatisobrad\/wp-content\/uploads\/2019\/06\/Meem_Melliste-1024x724.png 1024w, https:\/\/aianduskool.ee\/tomatisobrad\/wp-content\/uploads\/2019\/06\/Meem_Melliste-300x212.png 300w, https:\/\/aianduskool.ee\/tomatisobrad\/wp-content\/uploads\/2019\/06\/Meem_Melliste-768x543.png 768w, https:\/\/aianduskool.ee\/tomatisobrad\/wp-content\/uploads\/2019\/06\/Meem_Melliste.png 1851w\" sizes=\"auto, (max-width: 1024px) 100vw, 1024px\" \/><\/p>\n<p>\u00c4ram\u00e4rkimist leidsid veel Katre Saank\u00fclli (Varbola Kool, 4. klass), Kirke Sarapu ja Triin Nurme (P\u00e4rnu Maik Kool, 3. a klass), Sander Luige (Sillam\u00e4e eesti P\u00f5hikool, 7. klass), Sten Petti (\u00dclenurme G\u00fcmnaasium, 4. a. klass) ja Uku Maru Aleksejevi (Varbola \u00d6asteaed-Algkool, 3. klass) meemid.\u00a0<\/p>\n<p style=\"text-align: center;\">\n<strong>Suur, suur ait\u00e4h k\u00f5igle osalejatele ja palju \u00f5nne v\u00f5itjatele! <br \/>\nOlete k\u00f5ik v\u00e4ga tublid! Meie oleme ikka uhked! \ud83d\ude42\u00a0<\/strong><\/p>\n","protected":false},"excerpt":{"rendered":"<p>Meem (ingl. k. MEME) on pildist, mitmest pildist v\u00f5i l\u00fchikesest videost (gif) koosnev naljakas ja lihtne visuaalne materjal, mida jagatakse eelk\u00f5ige internetis, sotsiaalmeedias.\u00a0 \u017d\u00fcrii on k\u00f5ik t\u00f6\u00f6d l\u00e4bi vaadanud ning konkursi tulemused on j\u00e4rgmised: 1. koht &#8211; \u00a0Samuel K\u00fcnnapuu Vastseliina G\u00fcmnaasiumi 1. b klassist (juhendaja Pirjo K\u00fcnnapuu) 2. &#8211; 3. koht &#8211; Derek Erm Varbola Kooli 4. klassist 2. &#8211; 3. koht &#8211; K\u00e4tlin Ivandi Melliste Algkooli 3. klassist \u00c4ram\u00e4rkimist leidsid veel Katre Saank\u00fclli (Varbola Kool, 4. klass), Kirke Sarapu ja Triin Nurme (P\u00e4rnu Maik Kool, 3. a klass), Sander Luige (Sillam\u00e4e eesti P\u00f5hikool, 7. klass), Sten Petti (\u00dclenurme G\u00fcmnaasium,..<\/p>\n","protected":false},"author":2,"featured_media":0,"parent":19,"menu_order":0,"comment_status":"closed","ping_status":"closed","template":"","meta":{"footnotes":""},"class_list":["post-959","page","type-page","status-publish","hentry"],"_links":{"self":[{"href":"https:\/\/aianduskool.ee\/tomatisobrad\/wp-json\/wp\/v2\/pages\/959","targetHints":{"allow":["GET"]}}],"collection":[{"href":"https:\/\/aianduskool.ee\/tomatisobrad\/wp-json\/wp\/v2\/pages"}],"about":[{"href":"https:\/\/aianduskool.ee\/tomatisobrad\/wp-json\/wp\/v2\/types\/page"}],"author":[{"embeddable":true,"href":"https:\/\/aianduskool.ee\/tomatisobrad\/wp-json\/wp\/v2\/users\/2"}],"replies":[{"embeddable":true,"href":"https:\/\/aianduskool.ee\/tomatisobrad\/wp-json\/wp\/v2\/comments?post=959"}],"version-history":[{"count":5,"href":"https:\/\/aianduskool.ee\/tomatisobrad\/wp-json\/wp\/v2\/pages\/959\/revisions"}],"predecessor-version":[{"id":968,"href":"https:\/\/aianduskool.ee\/tomatisobrad\/wp-json\/wp\/v2\/pages\/959\/revisions\/968"}],"up":[{"embeddable":true,"href":"https:\/\/aianduskool.ee\/tomatisobrad\/wp-json\/wp\/v2\/pages\/19"}],"wp:attachment":[{"href":"https:\/\/aianduskool.ee\/tomatisobrad\/wp-json\/wp\/v2\/media?parent=959"}],"curies":[{"name":"wp","href":"https:\/\/api.w.org\/{rel}","templated":true}]}}