{"id":970,"date":"2019-06-04T13:18:08","date_gmt":"2019-06-04T10:18:08","guid":{"rendered":"https:\/\/aianduskool.ee\/tomatisobrad\/?page_id=970"},"modified":"2019-06-04T13:18:08","modified_gmt":"2019-06-04T10:18:08","slug":"fotokonkursi-tulemused","status":"publish","type":"page","link":"https:\/\/aianduskool.ee\/tomatisobrad\/konkursid\/fotokonkursi-tulemused\/","title":{"rendered":"Fotokonkursi tulemused"},"content":{"rendered":"<p>Tulemused on j\u00e4rgmised:\u00a0<\/p>\n<p><strong>1. koht<\/strong> &#8211; \u00a0M\u00e4rjamaa Lasteaed Pillerpall, <a href=\"https:\/\/pillerpall.blogspot.com\/p\/blog-page_50.html\" target=\"_blank\" rel=\"noopener noreferrer\">\u00dclase r\u00fchm<\/a> \u00a0<br \/>\n<strong>2. koht<\/strong> &#8211; Vastseliina G\u00fcmnaasium, <a href=\"https:\/\/materjalid.wixsite.com\/tomat\/post\/visuaalne-kokkuv%C3%B5te-meie-projektist\" target=\"_blank\" rel=\"noopener noreferrer\">1. b klass<\/a><br \/>\n<strong>3. &#8211; 4. koht<\/strong> &#8211; Kehtna Lasteaed Siller, <a href=\"http:\/\/sillerid.simplesite.com\/\" target=\"_blank\" rel=\"noopener noreferrer\">Saialille r\u00fchm<\/a><br \/>\n<strong>3. &#8211; 4. koht<\/strong> &#8211; Tallinna S\u00fcdalinna kool, <a href=\"https:\/\/sydalinna-taimeprojekt2019.weebly.com\/konkursitoumloumld.html\" target=\"_blank\" rel=\"noopener noreferrer\">3.c klass<\/a>\u00a0<\/p>\n<p>\u00c4ram\u00e4rkimist leidsid veel j\u00e4rgmised t\u00f6\u00f6d:\u00a0<\/p>\n<p>* \u00a0<a href=\"https:\/\/www.facebook.com\/kavastu\/photos\/pcb.2227731237340570\/2227730494007311\/?type=3&amp;theater\" target=\"_blank\" rel=\"noopener noreferrer\">Kavastu Algkool-Lasteaed<\/a><br \/>\n* \u00a0Lasanam\u00e4e P\u00f5hikool, <a href=\"https:\/\/lpktomatisobrad.blogspot.com\/p\/makropildid.html\" target=\"_blank\" rel=\"noopener noreferrer\">1. klass<\/a><br \/>\n* \u00a0Sillam\u00e4e Eesti P\u00f5hikool, <a href=\"https:\/\/sillamaetomatiblogi.blogspot.com\/2019\/05\/fotokollaaz-tomati-kasvamisest.html\" target=\"_blank\" rel=\"noopener noreferrer\">7. klass<\/a><br \/>\n* \u00a0V\u00e4\u00e4tsa Lasteaed, <a href=\"https:\/\/serving.photos.photobox.com\/12522936d8dbeddb09b3afbcf508f876e4661754d44a1909329d6e1ef1ae8d743765fb61.jpg\" target=\"_blank\" rel=\"noopener noreferrer\">P\u00e4evalille r\u00fchm<\/a><br \/>\n* \u00a0Valga P\u00f5hikool, <a href=\"http:\/\/tomatid.simplesite.com\/434024829\" target=\"_blank\" rel=\"noopener noreferrer\">1. d klass<\/a><\/p>\n<p style=\"text-align: center;\">\n<strong>Suur, suur ait\u00e4h k\u00f5igle osalejatele ja palju \u00f5nne v\u00f5itjatele! <br \/>\nOlete k\u00f5ik v\u00e4ga tublid! \ud83d\ude42\u00a0<\/strong><\/p>\n","protected":false},"excerpt":{"rendered":"<p>Tulemused on j\u00e4rgmised:\u00a0 1. koht &#8211; \u00a0M\u00e4rjamaa Lasteaed Pillerpall, \u00dclase r\u00fchm \u00a0 2. koht &#8211; Vastseliina G\u00fcmnaasium, 1. b klass 3. &#8211; 4. koht &#8211; Kehtna Lasteaed Siller, Saialille r\u00fchm 3. &#8211; 4. koht &#8211; Tallinna S\u00fcdalinna kool, 3.c klass\u00a0 \u00c4ram\u00e4rkimist leidsid veel j\u00e4rgmised t\u00f6\u00f6d:\u00a0 * \u00a0Kavastu Algkool-Lasteaed * \u00a0Lasanam\u00e4e P\u00f5hikool, 1. klass * \u00a0Sillam\u00e4e Eesti P\u00f5hikool, 7. klass * \u00a0V\u00e4\u00e4tsa Lasteaed, P\u00e4evalille r\u00fchm * \u00a0Valga P\u00f5hikool, 1. d klass Suur, suur ait\u00e4h k\u00f5igle osalejatele ja palju \u00f5nne v\u00f5itjatele! Olete k\u00f5ik v\u00e4ga tublid! \ud83d\ude42\u00a0<\/p>\n","protected":false},"author":2,"featured_media":0,"parent":19,"menu_order":0,"comment_status":"closed","ping_status":"closed","template":"","meta":{"footnotes":""},"class_list":["post-970","page","type-page","status-publish","hentry"],"_links":{"self":[{"href":"https:\/\/aianduskool.ee\/tomatisobrad\/wp-json\/wp\/v2\/pages\/970","targetHints":{"allow":["GET"]}}],"collection":[{"href":"https:\/\/aianduskool.ee\/tomatisobrad\/wp-json\/wp\/v2\/pages"}],"about":[{"href":"https:\/\/aianduskool.ee\/tomatisobrad\/wp-json\/wp\/v2\/types\/page"}],"author":[{"embeddable":true,"href":"https:\/\/aianduskool.ee\/tomatisobrad\/wp-json\/wp\/v2\/users\/2"}],"replies":[{"embeddable":true,"href":"https:\/\/aianduskool.ee\/tomatisobrad\/wp-json\/wp\/v2\/comments?post=970"}],"version-history":[{"count":2,"href":"https:\/\/aianduskool.ee\/tomatisobrad\/wp-json\/wp\/v2\/pages\/970\/revisions"}],"predecessor-version":[{"id":972,"href":"https:\/\/aianduskool.ee\/tomatisobrad\/wp-json\/wp\/v2\/pages\/970\/revisions\/972"}],"up":[{"embeddable":true,"href":"https:\/\/aianduskool.ee\/tomatisobrad\/wp-json\/wp\/v2\/pages\/19"}],"wp:attachment":[{"href":"https:\/\/aianduskool.ee\/tomatisobrad\/wp-json\/wp\/v2\/media?parent=970"}],"curies":[{"name":"wp","href":"https:\/\/api.w.org\/{rel}","templated":true}]}}