{"id":974,"date":"2019-06-05T15:23:23","date_gmt":"2019-06-05T12:23:23","guid":{"rendered":"https:\/\/aianduskool.ee\/tomatisobrad\/?page_id=974"},"modified":"2019-06-05T15:41:40","modified_gmt":"2019-06-05T12:41:40","slug":"jutu-ja-luuletuse-kirjutamise-konkursi-tulemused","status":"publish","type":"page","link":"https:\/\/aianduskool.ee\/tomatisobrad\/konkursid\/jutu-ja-luuletuse-kirjutamise-konkursi-tulemused\/","title":{"rendered":"Jutu ja luuletuse kirjutamise konkursi tulemused"},"content":{"rendered":"<p>Konkursi tulemused on j\u00e4rgmised:<\/p>\n<p><strong>Jutt (kool)<\/strong><\/p>\n<p><strong>1. koht<\/strong> &#8211; <a href=\"https:\/\/aianduskool-my.sharepoint.com\/:b:\/g\/personal\/katrin_uurman_aianduskool_ee\/EVkoIr8F-f9Cqox9xkKARuQBC8UtZs-fZNqdBckoiDMs1g?e=ewu9Lx\" target=\"_blank\" rel=\"noopener noreferrer\">&#8220;Imeline v\u00e4rvus&#8221;<\/a>, Ke Nette Nerva, Saverna P\u00f5hikool, 9. klass<br \/>\n<strong>2. &#8211; 3. koht<\/strong> &#8211; <a href=\"https:\/\/aianduskool-my.sharepoint.com\/:w:\/g\/personal\/katrin_uurman_aianduskool_ee\/EQfMmk_Mq-tEhND9rEAXZSkBapD2IhPFgVhSEkVRfhC3TQ?e=4qeDlH\" target=\"_blank\" rel=\"noopener noreferrer\">&#8220;T\u00fcli t\u00fchjast asjast&#8221;<\/a>, Hildegard Martin, Suurem\u00f5isa Lasteaed-P\u00f5hikool, 4. klass<br \/>\n<strong>2. &#8211; 3. koht<\/strong> &#8211; <a href=\"https:\/\/aianduskool-my.sharepoint.com\/:w:\/g\/personal\/katrin_uurman_aianduskool_ee\/EahdquklE4lGtTu4H9hxdCYBnFjYbCrMwCjE6kCsKztTOA?e=2um3zj\" target=\"_blank\" rel=\"noopener noreferrer\">&#8220;Lillepotiralli&#8221;<\/a>, Marta Marleen Peterson, Rocca al Mare Kool<br \/>\n<strong>eripreemia<\/strong> &#8211; <a href=\"https:\/\/aianduskool-my.sharepoint.com\/:b:\/g\/personal\/katrin_uurman_aianduskool_ee\/EYZm5cg6U6JBoLL_B8Zc6NYBk1Y03kP_6DA3qzlrRibmcQ?e=AGcYv6\" target=\"_blank\" rel=\"noopener noreferrer\">Tallinna Rahum\u00e4e P\u00f5hikool,<\/a> 3. klass<br \/>\n<strong>eripreemia<\/strong> &#8211; <a href=\"https:\/\/aianduskool-my.sharepoint.com\/:w:\/g\/personal\/katrin_uurman_aianduskool_ee\/EbPv95p9jYtNlGrMhQQ8DdYBVBYdbHwH8lmU1a1Md_86Zw?e=g967Wz\" target=\"_blank\" rel=\"noopener noreferrer\">&#8220;Tomat ja pilv&#8221;,<\/a> Joonas Ross, Kaarli Kool, 1. klass<\/p>\n<p><strong><br \/>\nLuuletus (kool)<\/strong><\/p>\n<p><strong>1. koht<\/strong> &#8211; <a href=\"https:\/\/aianduskool-my.sharepoint.com\/:w:\/g\/personal\/katrin_uurman_aianduskool_ee\/EWILlsvnpMxJrOutzeFNqVsBClXYmj91ZUKyyIXmYVylNg?e=OCgGDk\" target=\"_blank\" rel=\"noopener noreferrer\">&#8220;Tomati CV&#8221;<\/a> Getter Vetem\u00e4e, Melliste Algkool-Lasteaed, 5. klass<br \/>\n<strong>2. koht<\/strong> &#8211; <a href=\"https:\/\/aianduskool-my.sharepoint.com\/:w:\/g\/personal\/katrin_uurman_aianduskool_ee\/EXERXTqS7c1HvTtiGGjDx7sB7G5kOOLBxzzE3rYTXdiqOw?e=HxN55g\" target=\"_blank\" rel=\"noopener noreferrer\">&#8220;H\u00e4rra ja proua tomat&#8221;<\/a>, Anna Ratmanova, \u00dclenurme G\u00fcmnaasium, 4. klass<br \/>\n<strong>3. koht<\/strong> &#8211; <a href=\"https:\/\/aianduskool-my.sharepoint.com\/:w:\/g\/personal\/katrin_uurman_aianduskool_ee\/EdDRKndOBn1FhqxwfpciyukB2U6r1aE8hvDuyDx15XX6WA?e=Xv0fmT\" target=\"_blank\" rel=\"noopener noreferrer\">&#8220;Tomat&#8221;<\/a>, Iris Getter Tuulem\u00e4e, Tapa G\u00fcmnaasium, 3. b klass<\/p>\n<p>&nbsp;<\/p>\n<p><strong>Jutt (lasteaed)\u00a0<\/strong><\/p>\n<p><strong>1. koht<\/strong> &#8211; <a href=\"https:\/\/aianduskool-my.sharepoint.com\/:w:\/g\/personal\/katrin_uurman_aianduskool_ee\/ERHqYJ8rvbZOiDaEMPVNxYUBR-eKMXlTJVXn-SEuxMu4Mg?e=eHgRO9\" target=\"_blank\" rel=\"noopener noreferrer\">&#8220;Kurva vihmaussi lugu&#8221;<\/a>, K\u00e4okukude r\u00fchm, Tartu Lasteaed Poku<br \/>\n<strong>2. koht<\/strong> &#8211; <a href=\"https:\/\/aianduskool-my.sharepoint.com\/:w:\/g\/personal\/katrin_uurman_aianduskool_ee\/EUR7GdhUlrlInTUR6XWA1FUBXlw43I1DEY_fsV8L6RGd_g?e=GMeeXr\" target=\"_blank\" rel=\"noopener noreferrer\">&#8220;Rebane ja tomatid&#8221;<\/a>, Kertu Elisarov, Imavere M\u00f5mmi Lasteaed, M\u00fcram\u00f5mmi r\u00fchm<br \/>\n<strong>3. koht<\/strong> &#8211; <a href=\"https:\/\/aianduskool-my.sharepoint.com\/:w:\/g\/personal\/katrin_uurman_aianduskool_ee\/EQYKn216nPBEuCUjDevwXQUBA3ZQvHvOrfQT-zDtN_KLZQ?e=RR4JQ4\" target=\"_blank\" rel=\"noopener noreferrer\">&#8220;Vihmauss ja tomat&#8221;<\/a>, Mirte Toomla, Paide Sookure Lasteaed, Naerupiallide r\u00fchm<\/p>\n<p><strong>Luuletus (lasteaed)\u00a0<\/strong><\/p>\n<p><strong>1. koht<\/strong> &#8211; <a href=\"https:\/\/aianduskool-my.sharepoint.com\/:w:\/g\/personal\/katrin_uurman_aianduskool_ee\/EUHSUHdWsAhMljkRkrxYxfcBt5xBxguZ6IWe3lXY7t3z9g?e=T62ZfW\" target=\"_blank\" rel=\"noopener noreferrer\">&#8220;Kasvab tomat&#8221;<\/a>, Medelein R\u00f5ivas, Tallinna Lasteaed Vesiroos, Naksitrallide r\u00fchm<br \/>\n<strong>2. koht<\/strong> &#8211; <a href=\"https:\/\/aianduskool-my.sharepoint.com\/:i:\/g\/personal\/katrin_uurman_aianduskool_ee\/EatVkc-iG0tCt3SdxeCxRz8BDg7Wo7UniJxvT4e5aXtbZQ?e=vBWi7J\" target=\"_blank\" rel=\"noopener noreferrer\">&#8220;Tomatike&#8221;<\/a>, Kirke Remmelgas, Tartu Lasteaed R\u00f5\u00f5mupesa<br \/>\n<strong>3. koht<\/strong> &#8211; <a href=\"https:\/\/aianduskool-my.sharepoint.com\/:w:\/g\/personal\/katrin_uurman_aianduskool_ee\/ESfLE8caccpFsPUsN_xnzVEBRKRDe5UlmLsawDPCiJpsww?e=5wcFZU\" target=\"_blank\" rel=\"noopener noreferrer\">&#8220;Venus ja Vilma&#8221;<\/a>, Kuuseriisika r\u00fchm, Kernu P\u00f5hikool-Lasteaed<\/p>\n<p>&nbsp;<\/p>\n<p style=\"text-align: center;\"><strong>Suur, suur ait\u00e4h osalejatele ja palju \u00f5nne v\u00f5itjatele! <br \/>\nOlete k\u00f5ik v\u00e4ga tublid ja n\u00e4gite nii, nii palju vaeva!<\/strong><\/p>\n","protected":false},"excerpt":{"rendered":"<p>Konkursi tulemused on j\u00e4rgmised: Jutt (kool) 1. koht &#8211; &#8220;Imeline v\u00e4rvus&#8221;, Ke Nette Nerva, Saverna P\u00f5hikool, 9. klass 2. &#8211; 3. koht &#8211; &#8220;T\u00fcli t\u00fchjast asjast&#8221;, Hildegard Martin, Suurem\u00f5isa Lasteaed-P\u00f5hikool, 4. klass 2. &#8211; 3. koht &#8211; &#8220;Lillepotiralli&#8221;, Marta Marleen Peterson, Rocca al Mare Kool eripreemia &#8211; Tallinna Rahum\u00e4e P\u00f5hikool, 3. klass eripreemia &#8211; &#8220;Tomat ja pilv&#8221;, Joonas Ross, Kaarli Kool, 1. klass Luuletus (kool) 1. koht &#8211; &#8220;Tomati CV&#8221; Getter Vetem\u00e4e, Melliste Algkool-Lasteaed, 5. klass 2. koht &#8211; &#8220;H\u00e4rra ja proua tomat&#8221;, Anna Ratmanova, \u00dclenurme G\u00fcmnaasium, 4. klass 3. koht &#8211; &#8220;Tomat&#8221;, Iris Getter Tuulem\u00e4e, Tapa G\u00fcmnaasium, 3. b..<\/p>\n","protected":false},"author":2,"featured_media":0,"parent":19,"menu_order":0,"comment_status":"closed","ping_status":"closed","template":"","meta":{"footnotes":""},"class_list":["post-974","page","type-page","status-publish","hentry"],"_links":{"self":[{"href":"https:\/\/aianduskool.ee\/tomatisobrad\/wp-json\/wp\/v2\/pages\/974","targetHints":{"allow":["GET"]}}],"collection":[{"href":"https:\/\/aianduskool.ee\/tomatisobrad\/wp-json\/wp\/v2\/pages"}],"about":[{"href":"https:\/\/aianduskool.ee\/tomatisobrad\/wp-json\/wp\/v2\/types\/page"}],"author":[{"embeddable":true,"href":"https:\/\/aianduskool.ee\/tomatisobrad\/wp-json\/wp\/v2\/users\/2"}],"replies":[{"embeddable":true,"href":"https:\/\/aianduskool.ee\/tomatisobrad\/wp-json\/wp\/v2\/comments?post=974"}],"version-history":[{"count":5,"href":"https:\/\/aianduskool.ee\/tomatisobrad\/wp-json\/wp\/v2\/pages\/974\/revisions"}],"predecessor-version":[{"id":979,"href":"https:\/\/aianduskool.ee\/tomatisobrad\/wp-json\/wp\/v2\/pages\/974\/revisions\/979"}],"up":[{"embeddable":true,"href":"https:\/\/aianduskool.ee\/tomatisobrad\/wp-json\/wp\/v2\/pages\/19"}],"wp:attachment":[{"href":"https:\/\/aianduskool.ee\/tomatisobrad\/wp-json\/wp\/v2\/media?parent=974"}],"curies":[{"name":"wp","href":"https:\/\/api.w.org\/{rel}","templated":true}]}}