{"id":981,"date":"2019-06-06T10:21:05","date_gmt":"2019-06-06T07:21:05","guid":{"rendered":"https:\/\/aianduskool.ee\/tomatisobrad\/?page_id=981"},"modified":"2019-06-06T10:21:05","modified_gmt":"2019-06-06T07:21:05","slug":"projektipaeviku-konkursi-tulemused","status":"publish","type":"page","link":"https:\/\/aianduskool.ee\/tomatisobrad\/konkursid\/projektipaeviku-konkursi-tulemused\/","title":{"rendered":"Projektip\u00e4eviku konkursi tulemused"},"content":{"rendered":"<p>Sel korral annab R\u00e4pina Aianduskool v\u00e4lja projektip\u00e4eviku konkursil kolm v\u00f5itja auhinda.\u00a0<\/p>\n<p>Projektip\u00e4eviku konkursi v\u00f5itjateks on:\u00a0<\/p>\n<p><strong>* <a href=\"http:\/\/melliste3.simplesite.com\" target=\"_blank\" rel=\"noopener noreferrer\">Melliste Algkool-Lasteaed, 3. klass<\/a><\/strong><strong><br \/>\n* <a href=\"https:\/\/spark.adobe.com\/page\/oN3wqQt6ytqNy\/\" target=\"_blank\" rel=\"noopener noreferrer\">M\u00f5niste Kool, 2. klass<\/a><br \/>\n* <a href=\"http:\/\/kodulinnaprojekt.weebly.com\" target=\"_blank\" rel=\"noopener noreferrer\">Viljandi Lasteaed Midrimaa, P\u00e4\u00e4sukese r\u00fchm<\/a><\/strong><\/p>\n<p>\u00c4ram\u00e4rkimist leidsid veel j\u00e4rgmised p\u00e4evikud:\u00a0<\/p>\n<p>* <a href=\"https:\/\/elvakarukesed.wixsite.com\/elvakarukesed\" target=\"_blank\" rel=\"noopener noreferrer\">Elva Lasteaed Murumuna, Karukeste r\u00fchm<\/a><br \/>\n* <a href=\"https:\/\/tomatisobrad.home.blog\" target=\"_blank\" rel=\"noopener noreferrer\">Kaarli Kool, 1. klass<\/a><br \/>\n* <a href=\"https:\/\/padlet.com\/ryhm_paikeseratas\/tomatis6brad\" target=\"_blank\" rel=\"noopener noreferrer\">Lasteaed P\u00e4ikene, P\u00e4ikeseratta r\u00fchm<\/a><br \/>\n* <a href=\"https:\/\/pillerpall.blogspot.com\/p\/blog-page_50.html\" target=\"_blank\" rel=\"noopener noreferrer\">M\u00e4rjamaa Lasteaed Pillerpall, \u00dclase r\u00fchm<\/a><br \/>\n* <a href=\"https:\/\/kirsike6.wixsite.com\/tomatis6brad\" target=\"_blank\" rel=\"noopener noreferrer\">Ruila P\u00f5hikooli Kirisaia Lasteaed, Kirsikeste r\u00fchm<\/a><br \/>\n* <a href=\"https:\/\/sillaotsamarakratid.blogspot.com\/2019\/02\/\" target=\"_blank\" rel=\"noopener noreferrer\">Sillaotsa Kool, Marakrattide r\u00fchm<\/a><br \/>\n* <a href=\"https:\/\/tahkurannatomat.blogspot.com\" target=\"_blank\" rel=\"noopener noreferrer\">Tahkuranna Lasteaed-Algkool, Merekarpide r\u00fchm<\/a><br \/>\n*<a href=\"https:\/\/sydalinna-taimeprojekt2019.weebly.com\" target=\"_blank\" rel=\"noopener noreferrer\"> Tallinna S\u00fcdalinna Kool, 3. c klass<\/a><br \/>\n* <a href=\"https:\/\/ylenurmetaimetargad.blogspot.com\/2019\/02\/hakkabki-pihta.html\" target=\"_blank\" rel=\"noopener noreferrer\">\u00dclenurme G\u00fcmnaasium, v\u00e4ikeklass<\/a><\/p>\n<p>&nbsp;<\/p>\n<p style=\"text-align: center;\"><strong>Projekti meeskond t\u00e4nab k\u00f5iki konkursil osalejaid. Projektip\u00e4evikud olid v\u00e4ga huvitavad, materjalirohked, mitmekesised, innovaatilised ja t\u00e4is teie m\u00f5tteid, ideid ning emotsioone.<\/strong><br \/>\n<strong>Suur \u00e4it\u00e4h!<\/strong> \ud83d\ude42<\/p>\n","protected":false},"excerpt":{"rendered":"<p>Sel korral annab R\u00e4pina Aianduskool v\u00e4lja projektip\u00e4eviku konkursil kolm v\u00f5itja auhinda.\u00a0 Projektip\u00e4eviku konkursi v\u00f5itjateks on:\u00a0 * Melliste Algkool-Lasteaed, 3. klass * M\u00f5niste Kool, 2. klass * Viljandi Lasteaed Midrimaa, P\u00e4\u00e4sukese r\u00fchm \u00c4ram\u00e4rkimist leidsid veel j\u00e4rgmised p\u00e4evikud:\u00a0 * Elva Lasteaed Murumuna, Karukeste r\u00fchm * Kaarli Kool, 1. klass * Lasteaed P\u00e4ikene, P\u00e4ikeseratta r\u00fchm * M\u00e4rjamaa Lasteaed Pillerpall, \u00dclase r\u00fchm * Ruila P\u00f5hikooli Kirisaia Lasteaed, Kirsikeste r\u00fchm * Sillaotsa Kool, Marakrattide r\u00fchm * Tahkuranna Lasteaed-Algkool, Merekarpide r\u00fchm * Tallinna S\u00fcdalinna Kool, 3. c klass * \u00dclenurme G\u00fcmnaasium, v\u00e4ikeklass &nbsp; Projekti meeskond t\u00e4nab k\u00f5iki konkursil osalejaid. Projektip\u00e4evikud olid v\u00e4ga huvitavad, materjalirohked, mitmekesised, innovaatilised..<\/p>\n","protected":false},"author":2,"featured_media":0,"parent":19,"menu_order":0,"comment_status":"closed","ping_status":"closed","template":"","meta":{"footnotes":""},"class_list":["post-981","page","type-page","status-publish","hentry"],"_links":{"self":[{"href":"https:\/\/aianduskool.ee\/tomatisobrad\/wp-json\/wp\/v2\/pages\/981","targetHints":{"allow":["GET"]}}],"collection":[{"href":"https:\/\/aianduskool.ee\/tomatisobrad\/wp-json\/wp\/v2\/pages"}],"about":[{"href":"https:\/\/aianduskool.ee\/tomatisobrad\/wp-json\/wp\/v2\/types\/page"}],"author":[{"embeddable":true,"href":"https:\/\/aianduskool.ee\/tomatisobrad\/wp-json\/wp\/v2\/users\/2"}],"replies":[{"embeddable":true,"href":"https:\/\/aianduskool.ee\/tomatisobrad\/wp-json\/wp\/v2\/comments?post=981"}],"version-history":[{"count":3,"href":"https:\/\/aianduskool.ee\/tomatisobrad\/wp-json\/wp\/v2\/pages\/981\/revisions"}],"predecessor-version":[{"id":984,"href":"https:\/\/aianduskool.ee\/tomatisobrad\/wp-json\/wp\/v2\/pages\/981\/revisions\/984"}],"up":[{"embeddable":true,"href":"https:\/\/aianduskool.ee\/tomatisobrad\/wp-json\/wp\/v2\/pages\/19"}],"wp:attachment":[{"href":"https:\/\/aianduskool.ee\/tomatisobrad\/wp-json\/wp\/v2\/media?parent=981"}],"curies":[{"name":"wp","href":"https:\/\/api.w.org\/{rel}","templated":true}]}}