{"id":989,"date":"2019-06-12T14:29:33","date_gmt":"2019-06-12T11:29:33","guid":{"rendered":"https:\/\/aianduskool.ee\/tomatisobrad\/?page_id=989"},"modified":"2019-06-17T19:28:27","modified_gmt":"2019-06-17T16:28:27","slug":"viktoriini-tulemused","status":"publish","type":"page","link":"https:\/\/aianduskool.ee\/tomatisobrad\/viktoriin\/viktoriini-tulemused\/","title":{"rendered":"Viktoriini tulemused"},"content":{"rendered":"<p>Taimekasvatusprojekti \u201cTomatis\u00f5brad\u201d projekti raames oli k\u00f5igil huvilistel v\u00f5imalik osaleda viktoriinis ning iga n\u00e4dal vastata \u00fchele k\u00fcsimusele. Kokku oli v\u00f5imalik vastata k\u00fcmnele valikvastustega k\u00fcsimusele. Iga \u00f5ige vastus andis \u00fche punkti. Seega oli v\u00f5imalik kokku koguda maksimaalselt 10 punkti.<\/p>\n<p>Viktoriinis osales kokku 337 gruppi\/ r\u00fchma. K\u00f5ige keerulisemaks osutus k\u00fcsimus nr 8 ja k\u00f5ige enam vastati \u00f5igesti esimesele k\u00fcsimusele.<\/p>\n<p style=\"text-align: right;\">Tabel 1. Viktoriinile vastanute arv ja \u00f5igete vastuste osakaal l\u00e4htuvalt k\u00fcsimusest.<\/p>\n<p><img loading=\"lazy\" decoding=\"async\" class=\"alignnone wp-image-991 size-large\" src=\"https:\/\/aianduskool.ee\/tomatisobrad\/wp-content\/uploads\/2019\/06\/Screenshot-2019-06-12-at-11.44.09-1024x449.png\" alt=\"\" width=\"1024\" height=\"449\" srcset=\"https:\/\/aianduskool.ee\/tomatisobrad\/wp-content\/uploads\/2019\/06\/Screenshot-2019-06-12-at-11.44.09-1024x449.png 1024w, https:\/\/aianduskool.ee\/tomatisobrad\/wp-content\/uploads\/2019\/06\/Screenshot-2019-06-12-at-11.44.09-300x132.png 300w, https:\/\/aianduskool.ee\/tomatisobrad\/wp-content\/uploads\/2019\/06\/Screenshot-2019-06-12-at-11.44.09-768x337.png 768w, https:\/\/aianduskool.ee\/tomatisobrad\/wp-content\/uploads\/2019\/06\/Screenshot-2019-06-12-at-11.44.09.png 1155w\" sizes=\"auto, (max-width: 1024px) 100vw, 1024px\" \/><\/p>\n<p>&nbsp;<\/p>\n<p>Kuna vastamise j\u00e4rel said k\u00f5ik kohe teada, kas vastus oli \u00f5ige v\u00f5i mitte, siis see l\u00f5i v\u00f5imaluse igal grupil oma kogutud puntid ise kokku arvestada. Siin aga kokkuv\u00f5te kogutud punktidest, mille leiate <a href=\"https:\/\/aianduskool-my.sharepoint.com\/:x:\/g\/personal\/katrin_uurman_aianduskool_ee\/Ecv7W7OLlV9PhUyUXRUVQXQB3lWOfzYgz9QciPRPLhcCCA?e=oOsKyR\" target=\"_blank\" rel=\"noopener noreferrer\">SELLE lingi<\/a> alt. 36 gruppi\/ r\u00fchma vastas k\u00f5ikidele k\u00fcsimustele \u00f5igesti! \ud83d\ude42\u00a0V\u00c4GA TUBLI!\u00a0<\/p>\n<p>Viktoriinis me eraldi v\u00f5itjaid v\u00e4lja ei kuuluta. V\u00f5itjad on k\u00f5ik, kes osalesid, sest viktoriinis osalemisega uuriti palju erinevaid materjale ning koguti suurel hulgal uusi teadmisi.<\/p>\n","protected":false},"excerpt":{"rendered":"<p>Taimekasvatusprojekti \u201cTomatis\u00f5brad\u201d projekti raames oli k\u00f5igil huvilistel v\u00f5imalik osaleda viktoriinis ning iga n\u00e4dal vastata \u00fchele k\u00fcsimusele. Kokku oli v\u00f5imalik vastata k\u00fcmnele valikvastustega k\u00fcsimusele. Iga \u00f5ige vastus andis \u00fche punkti. Seega oli v\u00f5imalik kokku koguda maksimaalselt 10 punkti. Viktoriinis osales kokku 337 gruppi\/ r\u00fchma. K\u00f5ige keerulisemaks osutus k\u00fcsimus nr 8 ja k\u00f5ige enam vastati \u00f5igesti esimesele k\u00fcsimusele. Tabel 1. Viktoriinile vastanute arv ja \u00f5igete vastuste osakaal l\u00e4htuvalt k\u00fcsimusest. &nbsp; Kuna vastamise j\u00e4rel said k\u00f5ik kohe teada, kas vastus oli \u00f5ige v\u00f5i mitte, siis see l\u00f5i v\u00f5imaluse igal grupil oma kogutud puntid ise kokku arvestada. Siin aga kokkuv\u00f5te kogutud punktidest, mille leiate..<\/p>\n","protected":false},"author":2,"featured_media":0,"parent":21,"menu_order":0,"comment_status":"closed","ping_status":"closed","template":"","meta":{"footnotes":""},"class_list":["post-989","page","type-page","status-publish","hentry"],"_links":{"self":[{"href":"https:\/\/aianduskool.ee\/tomatisobrad\/wp-json\/wp\/v2\/pages\/989","targetHints":{"allow":["GET"]}}],"collection":[{"href":"https:\/\/aianduskool.ee\/tomatisobrad\/wp-json\/wp\/v2\/pages"}],"about":[{"href":"https:\/\/aianduskool.ee\/tomatisobrad\/wp-json\/wp\/v2\/types\/page"}],"author":[{"embeddable":true,"href":"https:\/\/aianduskool.ee\/tomatisobrad\/wp-json\/wp\/v2\/users\/2"}],"replies":[{"embeddable":true,"href":"https:\/\/aianduskool.ee\/tomatisobrad\/wp-json\/wp\/v2\/comments?post=989"}],"version-history":[{"count":4,"href":"https:\/\/aianduskool.ee\/tomatisobrad\/wp-json\/wp\/v2\/pages\/989\/revisions"}],"predecessor-version":[{"id":994,"href":"https:\/\/aianduskool.ee\/tomatisobrad\/wp-json\/wp\/v2\/pages\/989\/revisions\/994"}],"up":[{"embeddable":true,"href":"https:\/\/aianduskool.ee\/tomatisobrad\/wp-json\/wp\/v2\/pages\/21"}],"wp:attachment":[{"href":"https:\/\/aianduskool.ee\/tomatisobrad\/wp-json\/wp\/v2\/media?parent=989"}],"curies":[{"name":"wp","href":"https:\/\/api.w.org\/{rel}","templated":true}]}}