{"id":997,"date":"2019-06-14T10:12:47","date_gmt":"2019-06-14T07:12:47","guid":{"rendered":"https:\/\/aianduskool.ee\/tomatisobrad\/?page_id=997"},"modified":"2019-06-14T10:12:47","modified_gmt":"2019-06-14T07:12:47","slug":"katse-tulemused","status":"publish","type":"page","link":"https:\/\/aianduskool.ee\/tomatisobrad\/katse\/katse-tulemused\/","title":{"rendered":"Katse tulemused"},"content":{"rendered":"<p>Taimekasvatusprojektis \u201cTomatis\u00f5brad\u201d katsetasime hariliku tomatisortide &#8216;Venus&#8217; ja &#8216;Vilma&#8217; kasvatamist siseruumis, aknalaual ning nende v\u00e4etamist kahe erineva loodusliku v\u00e4etisega (GreenTOP ja Biolan). Aianduskool saatis k\u00f5igile gruppidele t\u00f6\u00f6komplekti, milles oli lisaks vajalikele v\u00e4etistele ka 2 hariliku tomati &#8216;Venus&#8217; ja 2 &#8216;Vilma&#8217; v\u00e4ikest taime. Kogu projektiperioodi jooksul tuli taimi hooldada, v\u00e4etada ning m\u00f5\u00f5ta. K\u00f5ik andmed tuli kokku koguda katseandmete tabelisse. Projektiperioodi j\u00e4rel tuli igal r\u00fchmal t\u00e4ita ankeet, mille andmete p\u00f5hjal on v\u00f5imalik teha kokkuv\u00f5tteid, kuidas meil koos tomatitaimede kasvatamine l\u00e4ks. Meile laekus katseandmeid kokku 198-lt grupilt.\u00a0<\/p>\n<p style=\"text-align: right;\">Tabel 1. Taimekasvatusprojekti \u201cTomatis\u00f5brad\u201d keskmiste katseandmete kokkuv\u00f5te.<\/p>\n<p><img loading=\"lazy\" decoding=\"async\" class=\"alignnone wp-image-998 size-full\" src=\"https:\/\/aianduskool.ee\/tomatisobrad\/wp-content\/uploads\/2019\/06\/Screenshot-2019-06-14-at-09.41.12.png\" alt=\"\" width=\"876\" height=\"333\" srcset=\"https:\/\/aianduskool.ee\/tomatisobrad\/wp-content\/uploads\/2019\/06\/Screenshot-2019-06-14-at-09.41.12.png 876w, https:\/\/aianduskool.ee\/tomatisobrad\/wp-content\/uploads\/2019\/06\/Screenshot-2019-06-14-at-09.41.12-300x114.png 300w, https:\/\/aianduskool.ee\/tomatisobrad\/wp-content\/uploads\/2019\/06\/Screenshot-2019-06-14-at-09.41.12-768x292.png 768w\" sizes=\"auto, (max-width: 876px) 100vw, 876px\" \/><\/p>\n<p style=\"text-align: left;\">Olgu siinkohal \u00f6eldud, et kogutud ja t\u00f6\u00f6deldud katseandmed ei pretendeeri \u00fchelegi teadust\u00f6\u00f6le. K\u00fcll aga v\u00f5ime \u00fchise katsetuse p\u00f5hjal teha m\u00f5ningaid \u00fcldisi j\u00e4reldusi teha:<br \/>\n1. tomatisort &#8216;Venus&#8217; on keskmiselt v\u00e4iksemakasvulisem kui tomatisort &#8216;Vilma&#8217;<br \/>\n2. viljade v\u00e4rvumiseni kulub tomatisordi &#8216;Venus&#8217; kasvatamisel veidi kauem aega kui tomatisordil &#8216;Vilma&#8217;<br \/>\n3. katseperioodil kasvatas tomatisort &#8216;Venus&#8217; keskmiselt rohkem vilju kui tomatisort &#8216;Vilma&#8217;<br \/>\n4. erinevate looduslike v\u00e4etiste m\u00f5ju tomatitaimede kasvule ei olenu keskmiselt erinev<\/p>\n<p>Kogutud katseandmete p\u00f5hjal saab \u00f6elda, et tomatis\u00f5brad said maitsta 1569 &#8216;Venus&#8217; ja 479 &#8216;Vilma&#8217; valminud vilja. 10. mai seisuga j\u00e4id v\u00e4rvumist ootama veel 3216 &#8216;Venus&#8217;e ja 2424 &#8216;Vilma&#8217; vilja.\u00a0<\/p>\n<p>Paljud projektis osalejad andsid meile ka teada, et nad kindlasti j\u00e4tkavad katsega ning kasvatavad taimi edasi nii kaua kui v\u00e4hegi v\u00f5imalik v\u00f5i kuni kooliaasta l\u00f5puni. Kindlasti tehke seda! Kui taimed on eluj\u00f5ulised, siis v\u00f5ib nad k\u00f5ik suveks koju viia, kasvuhoonesse v\u00f5i r\u00f5dule potti istutada.<\/p>\n<p>Tomatitaimede kasvatamise ja viljade saamise eba\u00f5nnestumise peamisteks p\u00f5hjusteks olid:\u00a0<br \/>\n* taimede liiga varajane \u00fcmberistutamine,\u00a0<br \/>\n* taimede liiga hiline \u00fcmberistutamine;\u00a0<br \/>\n* \u00fcmberistutamine liigselt v\u00e4iksesse potti v\u00f5i hoopiski liigselt suurde potti,\u00a0<br \/>\n* valgusepuudus,\u00a0<br \/>\n* toitainetepuudus,\u00a0<br \/>\n* kahjustajad,\u00a0<br \/>\n* muteerunud taim,\u00a0<br \/>\n* \u00f5ite mitteviljastumine,<br \/>\n* liigselt k\u00f5rge temperatuur ja p\u00e4iksep\u00f5letus.\u00a0<\/p>\n<p>Ait\u00e4h k\u00f5igile katsetajatele ja projektis kaasal\u00f6\u00f6jatele! Kindlasti \u00f5ppisime palju uut ning saime teada, et k\u00f5ik pealtn\u00e4ha \u00fchesugused taimed ei pruugigi kasvada \u00fchte moodi. Kindlad saame olla selles, et \u00fche taime kasvatamine pakub palju p\u00f5nevust ning avastamisr\u00f5\u00f5mu ja enda kasvatatud saak maitseb v\u00e4ga h\u00e4sti. \ud83d\ude42<\/p>\n","protected":false},"excerpt":{"rendered":"<p>Taimekasvatusprojektis \u201cTomatis\u00f5brad\u201d katsetasime hariliku tomatisortide &#8216;Venus&#8217; ja &#8216;Vilma&#8217; kasvatamist siseruumis, aknalaual ning nende v\u00e4etamist kahe erineva loodusliku v\u00e4etisega (GreenTOP ja Biolan). Aianduskool saatis k\u00f5igile gruppidele t\u00f6\u00f6komplekti, milles oli lisaks vajalikele v\u00e4etistele ka 2 hariliku tomati &#8216;Venus&#8217; ja 2 &#8216;Vilma&#8217; v\u00e4ikest taime. Kogu projektiperioodi jooksul tuli taimi hooldada, v\u00e4etada ning m\u00f5\u00f5ta. K\u00f5ik andmed tuli kokku koguda katseandmete tabelisse. Projektiperioodi j\u00e4rel tuli igal r\u00fchmal t\u00e4ita ankeet, mille andmete p\u00f5hjal on v\u00f5imalik teha kokkuv\u00f5tteid, kuidas meil koos tomatitaimede kasvatamine l\u00e4ks. Meile laekus katseandmeid kokku 198-lt grupilt.\u00a0 Tabel 1. Taimekasvatusprojekti \u201cTomatis\u00f5brad\u201d keskmiste katseandmete kokkuv\u00f5te. Olgu siinkohal \u00f6eldud, et kogutud ja t\u00f6\u00f6deldud katseandmed ei pretendeeri..<\/p>\n","protected":false},"author":2,"featured_media":0,"parent":17,"menu_order":0,"comment_status":"closed","ping_status":"closed","template":"","meta":{"footnotes":""},"class_list":["post-997","page","type-page","status-publish","hentry"],"_links":{"self":[{"href":"https:\/\/aianduskool.ee\/tomatisobrad\/wp-json\/wp\/v2\/pages\/997","targetHints":{"allow":["GET"]}}],"collection":[{"href":"https:\/\/aianduskool.ee\/tomatisobrad\/wp-json\/wp\/v2\/pages"}],"about":[{"href":"https:\/\/aianduskool.ee\/tomatisobrad\/wp-json\/wp\/v2\/types\/page"}],"author":[{"embeddable":true,"href":"https:\/\/aianduskool.ee\/tomatisobrad\/wp-json\/wp\/v2\/users\/2"}],"replies":[{"embeddable":true,"href":"https:\/\/aianduskool.ee\/tomatisobrad\/wp-json\/wp\/v2\/comments?post=997"}],"version-history":[{"count":1,"href":"https:\/\/aianduskool.ee\/tomatisobrad\/wp-json\/wp\/v2\/pages\/997\/revisions"}],"predecessor-version":[{"id":999,"href":"https:\/\/aianduskool.ee\/tomatisobrad\/wp-json\/wp\/v2\/pages\/997\/revisions\/999"}],"up":[{"embeddable":true,"href":"https:\/\/aianduskool.ee\/tomatisobrad\/wp-json\/wp\/v2\/pages\/17"}],"wp:attachment":[{"href":"https:\/\/aianduskool.ee\/tomatisobrad\/wp-json\/wp\/v2\/media?parent=997"}],"curies":[{"name":"wp","href":"https:\/\/api.w.org\/{rel}","templated":true}]}}