{"id":111,"date":"2017-11-12T15:24:30","date_gmt":"2017-11-12T13:24:30","guid":{"rendered":"http:\/\/aianduskool.ee\/vrakendus\/?page_id=111"},"modified":"2022-12-12T10:03:32","modified_gmt":"2022-12-12T08:03:32","slug":"qr-kood","status":"publish","type":"page","link":"https:\/\/aianduskool.ee\/vrakendus\/oppematerjalid\/qr-kood\/","title":{"rendered":"QR-kood"},"content":{"rendered":"<div id=\"attachment_114\" style=\"width: 160px\" class=\"wp-caption alignright\"><img loading=\"lazy\" decoding=\"async\" aria-describedby=\"caption-attachment-114\" class=\"wp-image-114 size-thumbnail\" src=\"http:\/\/aianduskool.ee\/vrakendus\/wp-content\/uploads\/2017\/11\/qrcode-14-150x150.png\" alt=\"QR-kood\" width=\"150\" height=\"150\" srcset=\"https:\/\/aianduskool.ee\/vrakendus\/wp-content\/uploads\/2017\/11\/qrcode-14-150x150.png 150w, https:\/\/aianduskool.ee\/vrakendus\/wp-content\/uploads\/2017\/11\/qrcode-14-300x300.png 300w, https:\/\/aianduskool.ee\/vrakendus\/wp-content\/uploads\/2017\/11\/qrcode-14.png 400w\" sizes=\"auto, (max-width: 150px) 100vw, 150px\" \/><p id=\"caption-attachment-114\" class=\"wp-caption-text\">QR-kood<\/p><\/div>\n<p>QR-kood on ruudukujuline kood, mille alla peidetakse mitmesugust informatsiooni, mist\u00f5ttu nimetatakse seda koodi ka ruutkoodiks. QR-koodi nimetus tuleb inglisekeelsest nimetusest <em>Quick Response Code<\/em> ehk otset\u00f5lgituna kiire reageerimise kood. \u00a0QR-kood on loodud Jaapanis ning v\u00f5imaldab infot skaneerida kaameraga varustatud nutiseadme (nutitelefon, tehvelarvuti) abil.<\/p>\n<p>QR-koodi alla saab peaita mitmesugust informatsiooni:<\/p>\n<ul>\n<li>tekst,<\/li>\n<li>veebilehe aadress (URL),<\/li>\n<li>visiitkaart,<\/li>\n<li>telefoni number vms<\/li>\n<\/ul>\n<p>Tihti leiame QR-koode mingisuguste toodete pakenditelt, mille alla on peidetud infot kas toote v\u00f5i siis tootja kohta. Samuti kasutatakse QR-koode \u00fchistranspordi piletitelt info skaneerimiseks.<\/p>\n<p>Hariduses saab QR-koode samuti kasutada info peitmiseks. V\u00e4ga populaarsed on QR-koodid maastiku-, sh mitmesugustes orienteerumism\u00e4ngudes. V\u00e4ga lihtne on veebilehtede aadresse ruutkoodi abil jagada. Nii j\u00e4\u00e4b brauserisse aadressi toksimine \u00e4ra.<\/p>\n<p>QR-koodilt info lugemiseks peab kasutaja nutiseadmesse olema QR-koodi lugeja installeeritud. Neid pakutakse \u00e4ppide poodides laias valikus ja k\u00f5ikidele operatsioonis\u00fcsteemidele (Android, IOS, Windows).<\/p>\n<p>Nii nagu on \u00e4ppe QR-koodi lugemiseks palju, on ka lugematul hulgal QR-koodi generaatoreid. Lihtsaimad on veebip\u00f5hised ning sellised, kuhu kasutajakonto tegemine pole vajalik.<\/p>\n<p>\u00dcks selline lihtsalt kasutatava QR-koodi generaatori v\u00f5ib leida lingi <a href=\"http:\/\/goqr.me\" target=\"_blank\" rel=\"noopener\">http:\/\/goqr.me<\/a> alt.<\/p>\n\n\n<figure class=\"wp-block-image size-large\"><img loading=\"lazy\" decoding=\"async\" width=\"1024\" height=\"493\" src=\"https:\/\/aianduskool.ee\/vrakendus\/wp-content\/uploads\/2022\/12\/nipid-1024x493.png\" alt=\"\" class=\"wp-image-644\" srcset=\"https:\/\/aianduskool.ee\/vrakendus\/wp-content\/uploads\/2022\/12\/nipid-1024x493.png 1024w, https:\/\/aianduskool.ee\/vrakendus\/wp-content\/uploads\/2022\/12\/nipid-300x144.png 300w, https:\/\/aianduskool.ee\/vrakendus\/wp-content\/uploads\/2022\/12\/nipid-768x370.png 768w, https:\/\/aianduskool.ee\/vrakendus\/wp-content\/uploads\/2022\/12\/nipid-720x346.png 720w, https:\/\/aianduskool.ee\/vrakendus\/wp-content\/uploads\/2022\/12\/nipid.png 1035w\" sizes=\"auto, (max-width: 1024px) 100vw, 1024px\" \/><\/figure>\n","protected":false},"excerpt":{"rendered":"<p>QR-kood on ruudukujuline kood, mille alla peidetakse mitmesugust informatsiooni, mist\u00f5ttu nimetatakse seda koodi ka ruutkoodiks. QR-koodi nimetus tuleb inglisekeelsest nimetusest Quick Response Code ehk otset\u00f5lgituna kiire reageerimise kood. \u00a0QR-kood on loodud Jaapanis ning v\u00f5imaldab infot skaneerida kaameraga varustatud nutiseadme (nutitelefon, tehvelarvuti) abil. QR-koodi alla saab peaita mitmesugust informatsiooni: tekst, veebilehe aadress (URL), visiitkaart, telefoni number [&hellip;]<\/p>\n","protected":false},"author":2,"featured_media":0,"parent":11,"menu_order":0,"comment_status":"closed","ping_status":"closed","template":"","meta":{"footnotes":""},"class_list":["post-111","page","type-page","status-publish","hentry"],"_links":{"self":[{"href":"https:\/\/aianduskool.ee\/vrakendus\/wp-json\/wp\/v2\/pages\/111","targetHints":{"allow":["GET"]}}],"collection":[{"href":"https:\/\/aianduskool.ee\/vrakendus\/wp-json\/wp\/v2\/pages"}],"about":[{"href":"https:\/\/aianduskool.ee\/vrakendus\/wp-json\/wp\/v2\/types\/page"}],"author":[{"embeddable":true,"href":"https:\/\/aianduskool.ee\/vrakendus\/wp-json\/wp\/v2\/users\/2"}],"replies":[{"embeddable":true,"href":"https:\/\/aianduskool.ee\/vrakendus\/wp-json\/wp\/v2\/comments?post=111"}],"version-history":[{"count":3,"href":"https:\/\/aianduskool.ee\/vrakendus\/wp-json\/wp\/v2\/pages\/111\/revisions"}],"predecessor-version":[{"id":645,"href":"https:\/\/aianduskool.ee\/vrakendus\/wp-json\/wp\/v2\/pages\/111\/revisions\/645"}],"up":[{"embeddable":true,"href":"https:\/\/aianduskool.ee\/vrakendus\/wp-json\/wp\/v2\/pages\/11"}],"wp:attachment":[{"href":"https:\/\/aianduskool.ee\/vrakendus\/wp-json\/wp\/v2\/media?parent=111"}],"curies":[{"name":"wp","href":"https:\/\/api.w.org\/{rel}","templated":true}]}}