{"id":13,"date":"2017-09-09T21:21:38","date_gmt":"2017-09-09T18:21:38","guid":{"rendered":"http:\/\/aianduskool.ee\/vrakendus\/?page_id=13"},"modified":"2020-08-25T09:49:46","modified_gmt":"2020-08-25T06:49:46","slug":"ulesanded","status":"publish","type":"page","link":"https:\/\/aianduskool.ee\/vrakendus\/ulesanded\/","title":{"rendered":"\u00dclesanded"},"content":{"rendered":"<p>\u00dclesandeid ja t\u00e4htaegu vaata <a href=\"https:\/\/tahvel.edu.ee\/#\/\" target=\"_blank\" rel=\"noopener noreferrer\">TAHVLIst<\/a> v\u00f5i veebiklassist<\/p>\n<ul>\n<li>KK18-52-M, KK19-52-K ja KK19-52-M &#8211; <a href=\"https:\/\/www.onenote.com\/signin?wdorigin=ondc\" target=\"_blank\" rel=\"noopener noreferrer\">Office 365 OneNote Notebook (klassim\u00e4rkmik)<\/a><\/li>\n<li>KK20-52-K ja KK20-52-M &#8211; <a href=\"https:\/\/www.microsoft.com\/en-ww\/microsoft-365\/microsoft-teams\/group-chat-software\" target=\"_blank\" rel=\"noopener noreferrer\">Office 365 Teams\u00a0<\/a><\/li>\n<\/ul>\n\n\n<p><\/p>\n","protected":false},"excerpt":{"rendered":"<p>\u00dclesandeid ja t\u00e4htaegu vaata TAHVLIst v\u00f5i veebiklassist KK18-52-M, KK19-52-K ja KK19-52-M &#8211; Office 365 OneNote Notebook (klassim\u00e4rkmik) KK20-52-K ja KK20-52-M &#8211; Office 365 Teams\u00a0<\/p>\n","protected":false},"author":2,"featured_media":0,"parent":0,"menu_order":0,"comment_status":"closed","ping_status":"closed","template":"","meta":{"footnotes":""},"class_list":["post-13","page","type-page","status-publish","hentry"],"_links":{"self":[{"href":"https:\/\/aianduskool.ee\/vrakendus\/wp-json\/wp\/v2\/pages\/13","targetHints":{"allow":["GET"]}}],"collection":[{"href":"https:\/\/aianduskool.ee\/vrakendus\/wp-json\/wp\/v2\/pages"}],"about":[{"href":"https:\/\/aianduskool.ee\/vrakendus\/wp-json\/wp\/v2\/types\/page"}],"author":[{"embeddable":true,"href":"https:\/\/aianduskool.ee\/vrakendus\/wp-json\/wp\/v2\/users\/2"}],"replies":[{"embeddable":true,"href":"https:\/\/aianduskool.ee\/vrakendus\/wp-json\/wp\/v2\/comments?post=13"}],"version-history":[{"count":5,"href":"https:\/\/aianduskool.ee\/vrakendus\/wp-json\/wp\/v2\/pages\/13\/revisions"}],"predecessor-version":[{"id":636,"href":"https:\/\/aianduskool.ee\/vrakendus\/wp-json\/wp\/v2\/pages\/13\/revisions\/636"}],"wp:attachment":[{"href":"https:\/\/aianduskool.ee\/vrakendus\/wp-json\/wp\/v2\/media?parent=13"}],"curies":[{"name":"wp","href":"https:\/\/api.w.org\/{rel}","templated":true}]}}