{"id":136,"date":"2017-11-26T11:31:10","date_gmt":"2017-11-26T09:31:10","guid":{"rendered":"http:\/\/aianduskool.ee\/vrakendus\/?page_id=136"},"modified":"2020-06-07T08:46:20","modified_gmt":"2020-06-07T05:46:20","slug":"moistekaart-ja-ideekaart","status":"publish","type":"page","link":"https:\/\/aianduskool.ee\/vrakendus\/oppematerjalid\/moistekaart-ja-ideekaart\/","title":{"rendered":"M\u00f5istekaart ja ideekaart"},"content":{"rendered":"<p><span style=\"color: #3366ff;\"><strong>Mis on ideekaart ja mis on m\u00f5istekaart?\u00a0<\/strong><\/span><\/p>\n<p style=\"text-align: right;\"><span style=\"color: #000000;\">Tabel 1. Idee- ja m\u00f5istekaardi kokkuv\u00f5tlik olemuse v\u00f5rdlus.\u00a0<\/span><\/p>\n<table>\n<tbody>\n<tr>\n<td><\/td>\n<td><strong>Ideekaart (m\u00f5ttekaart)<\/strong><\/td>\n<td><strong>M\u00f5istekaart<\/strong><\/td>\n<\/tr>\n<tr>\n<td><strong>Struktuur<\/strong><\/td>\n<td>vaba, hierarhiat ei moodustu<\/td>\n<td>tekib hirarhiline v\u00f5rgustik<\/td>\n<\/tr>\n<tr>\n<td><strong>Visuaal<\/strong><\/td>\n<td>kasutatakse erinevaid v\u00e4rve, s\u00fcmboleid, t\u00e4hiseid<\/td>\n<td>m\u00f5isted on omavahel \u00fchendatud kirjeldava tekstiga<\/td>\n<\/tr>\n<tr>\n<td><strong>Kasutamise eesm\u00e4rk<\/strong><\/td>\n<td>ajur\u00fcnnak, ideede esitamine<\/td>\n<td>m\u00f5istete omavaheliste seoste v\u00e4ljatoomine<\/td>\n<\/tr>\n<tr>\n<td><strong>Suund<\/strong><\/td>\n<td>keskelt v\u00e4ljapoole<\/td>\n<td>\u00fclalt alla<\/td>\n<\/tr>\n<\/tbody>\n<\/table>\n<p>M\u00f5iste- ja ideekaartide abil saab koostada esitlusi ning selgitada mingit valitud teemat. <a href=\"http:\/\/ak.rapina.ee\/katrinu\/sibullilled\/\" target=\"_blank\" rel=\"noopener noreferrer\">N\u00e4ide esitlusest<\/a>, mis p\u00f5hineb m\u00f5istekaardil.<\/p>\n<p>M\u00f5iste- ja ideekaartide koostamiseks on loodud v\u00e4ga palju erinevaid programme ja veebip\u00f5hiseid t\u00f6\u00f6riistu. Valikuga saab tutvuda j\u00e4rgnevalt veebitahvlilt.<\/p>\n<div class=\"padlet-embed\" style=\"border: 1px solid rgba(0,0,0,0.1); border-radius: 2px; box-sizing: border-box; overflow: hidden; position: relative; width: 100%; background: #F4F4F4;\">\n<p style=\"padding: 0; margin: 0;\"><iframe loading=\"lazy\" style=\"width: 100%; height: 608px; display: block; padding: 0; margin: 0;\" src=\"https:\/\/padlet.com\/embed\/f1rtka7ztwdl\" width=\"300\" height=\"150\" frameborder=\"0\"><\/iframe><\/p>\n<div style=\"padding: 8px; text-align: right; margin: 0;\"><a style=\"padding: 0; margin: 0; border: none; display: block; line-height: 1; height: 16px;\" href=\"https:\/\/padlet.com?ref=embed\" target=\"_blank\" rel=\"noopener noreferrer\"><img loading=\"lazy\" decoding=\"async\" style=\"padding: 0; margin: 0; background: none; border: none; display: inline; box-shadow: none;\" src=\"https:\/\/resources.padletcdn.com\/assets\/made_with_padlet.png\" alt=\"Made with Padlet\" width=\"86\" height=\"16\" \/><\/a><\/div>\n<\/div>\n<p><strong>Lugemissoovitused<\/strong> m\u00f5iste- ja ideekaardi teooria kohta<br \/>\nLaanpere, M. (2012). <a href=\"https:\/\/moistekaart.wordpress.com\/lugemismaterjal\/1-nadal\/\" target=\"_blank\" rel=\"noopener noreferrer\">M\u00f5istekaartide teooria. M\u00f5istekaartide koostamine ja kasutamine<\/a>. E-kursus &#8220;M\u00f5istekaart \u00f5ppet\u00f6\u00f6s&#8221;.<br \/>\nLaanpere, M. (2012). <a href=\"https:\/\/moistekaart.wordpress.com\/lugemismaterjal\/1-nadal\/ideekaar\/\" target=\"_blank\" rel=\"noopener noreferrer\">Mis on ideekaart?\u00a0<\/a>E-kursus &#8220;M\u00f5istekaart \u00f5ppet\u00f6\u00f6s&#8221;.<br \/>\nOrav, K. (2020). &#8220;<a href=\"https:\/\/creativitycatcher.com\/mind-mapping\/?fbclid=IwAR3H_rPmVnywKh-NrFepjlYi67Vu9bD77wkrbLDvTBO8m_FrQVAy5Sejz4s\" target=\"_blank\" rel=\"noopener noreferrer\">Mind Mapping.<\/a>&#8221; Creativity Catcher O\u00dc koduleht.<\/p>\n","protected":false},"excerpt":{"rendered":"<p>Mis on ideekaart ja mis on m\u00f5istekaart?\u00a0 Tabel 1. Idee- ja m\u00f5istekaardi kokkuv\u00f5tlik olemuse v\u00f5rdlus.\u00a0 Ideekaart (m\u00f5ttekaart) M\u00f5istekaart Struktuur vaba, hierarhiat ei moodustu tekib hirarhiline v\u00f5rgustik Visuaal kasutatakse erinevaid v\u00e4rve, s\u00fcmboleid, t\u00e4hiseid m\u00f5isted on omavahel \u00fchendatud kirjeldava tekstiga Kasutamise eesm\u00e4rk ajur\u00fcnnak, ideede esitamine m\u00f5istete omavaheliste seoste v\u00e4ljatoomine Suund keskelt v\u00e4ljapoole \u00fclalt alla M\u00f5iste- ja ideekaartide [&hellip;]<\/p>\n","protected":false},"author":2,"featured_media":0,"parent":11,"menu_order":0,"comment_status":"closed","ping_status":"closed","template":"","meta":{"footnotes":""},"class_list":["post-136","page","type-page","status-publish","hentry"],"_links":{"self":[{"href":"https:\/\/aianduskool.ee\/vrakendus\/wp-json\/wp\/v2\/pages\/136","targetHints":{"allow":["GET"]}}],"collection":[{"href":"https:\/\/aianduskool.ee\/vrakendus\/wp-json\/wp\/v2\/pages"}],"about":[{"href":"https:\/\/aianduskool.ee\/vrakendus\/wp-json\/wp\/v2\/types\/page"}],"author":[{"embeddable":true,"href":"https:\/\/aianduskool.ee\/vrakendus\/wp-json\/wp\/v2\/users\/2"}],"replies":[{"embeddable":true,"href":"https:\/\/aianduskool.ee\/vrakendus\/wp-json\/wp\/v2\/comments?post=136"}],"version-history":[{"count":5,"href":"https:\/\/aianduskool.ee\/vrakendus\/wp-json\/wp\/v2\/pages\/136\/revisions"}],"predecessor-version":[{"id":632,"href":"https:\/\/aianduskool.ee\/vrakendus\/wp-json\/wp\/v2\/pages\/136\/revisions\/632"}],"up":[{"embeddable":true,"href":"https:\/\/aianduskool.ee\/vrakendus\/wp-json\/wp\/v2\/pages\/11"}],"wp:attachment":[{"href":"https:\/\/aianduskool.ee\/vrakendus\/wp-json\/wp\/v2\/media?parent=136"}],"curies":[{"name":"wp","href":"https:\/\/api.w.org\/{rel}","templated":true}]}}