{"id":164,"date":"2017-12-10T15:46:50","date_gmt":"2017-12-10T13:46:50","guid":{"rendered":"http:\/\/aianduskool.ee\/vrakendus\/?page_id=164"},"modified":"2017-12-10T15:46:50","modified_gmt":"2017-12-10T13:46:50","slug":"kusimustiku-loomise-vahendid","status":"publish","type":"page","link":"https:\/\/aianduskool.ee\/vrakendus\/oppematerjalid\/kusimustiku-loomise-vahendid\/","title":{"rendered":"K\u00fcsimustiku loomise vahendid"},"content":{"rendered":"<p>K\u00fcsimustiku abil saab k\u00fcsida tagasisidet toimunu, \u00f5pitu vm kohta. L\u00fchikesed testid, k\u00fcsimustikud vms v\u00f5imaldavad aktiveerida auditooriumit esitluse v\u00f5i loengu ajal. K\u00fcsimustikud v\u00f5imaldavad koguda infot ja arvamusi, korraldada h\u00e4\u00e4letust v\u00f5i ka teadmiste kontrolli. H\u00e4\u00e4letusvahendeid nimetatakse veebis tihti pollideks.\u00a0K\u00fcsitlused v\u00f5ivad olla m\u00e4ngulised (koos v\u00f5istlusmomendiga) v\u00f5i suhetliselt lakoonilised (m\u00e4ngulisus, nn tuled ja viled puuduvad).<\/p>\n<p>J\u00e4rgneval veebitahvlil on hulk vahendeid (koos kasutusjuhenditega), mille abil saab luua k\u00fcsimustikke ja teste ning k\u00fcsida tagasisidet.<\/p>\n<div class=\"padlet-embed\" style=\"border: 1px solid rgba(0,0,0,0.1); border-radius: 2px; box-sizing: border-box; overflow: hidden; position: relative; width: 100%; background: #F4F4F4;\">\n<p style=\"padding: 0; margin: 0;\"><iframe loading=\"lazy\" style=\"width: 100%; height: 608px; display: block; padding: 0; margin: 0;\" src=\"https:\/\/padlet.com\/embed\/ij28qx7iq4cb\" width=\"300\" height=\"150\" frameborder=\"0\"><\/iframe><\/p>\n<div style=\"padding: 8px; text-align: right; margin: 0;\"><a style=\"padding: 0; margin: 0; border: none; display: block; line-height: 1; height: 16px;\" href=\"https:\/\/padlet.com?ref=embed\" target=\"_blank\" rel=\"noopener\"><img loading=\"lazy\" decoding=\"async\" style=\"padding: 0; margin: 0; background: none; border: none; display: inline; box-shadow: none;\" src=\"https:\/\/resources.padletcdn.com\/assets\/made_with_padlet.png\" alt=\"Made with Padlet\" width=\"86\" height=\"16\" \/><\/a><\/div>\n<\/div>\n","protected":false},"excerpt":{"rendered":"<p>K\u00fcsimustiku abil saab k\u00fcsida tagasisidet toimunu, \u00f5pitu vm kohta. L\u00fchikesed testid, k\u00fcsimustikud vms v\u00f5imaldavad aktiveerida auditooriumit esitluse v\u00f5i loengu ajal. K\u00fcsimustikud v\u00f5imaldavad koguda infot ja arvamusi, korraldada h\u00e4\u00e4letust v\u00f5i ka teadmiste kontrolli. H\u00e4\u00e4letusvahendeid nimetatakse veebis tihti pollideks.\u00a0K\u00fcsitlused v\u00f5ivad olla m\u00e4ngulised (koos v\u00f5istlusmomendiga) v\u00f5i suhetliselt lakoonilised (m\u00e4ngulisus, nn tuled ja viled puuduvad). J\u00e4rgneval veebitahvlil on hulk [&hellip;]<\/p>\n","protected":false},"author":2,"featured_media":0,"parent":11,"menu_order":0,"comment_status":"closed","ping_status":"closed","template":"","meta":{"footnotes":""},"class_list":["post-164","page","type-page","status-publish","hentry"],"_links":{"self":[{"href":"https:\/\/aianduskool.ee\/vrakendus\/wp-json\/wp\/v2\/pages\/164","targetHints":{"allow":["GET"]}}],"collection":[{"href":"https:\/\/aianduskool.ee\/vrakendus\/wp-json\/wp\/v2\/pages"}],"about":[{"href":"https:\/\/aianduskool.ee\/vrakendus\/wp-json\/wp\/v2\/types\/page"}],"author":[{"embeddable":true,"href":"https:\/\/aianduskool.ee\/vrakendus\/wp-json\/wp\/v2\/users\/2"}],"replies":[{"embeddable":true,"href":"https:\/\/aianduskool.ee\/vrakendus\/wp-json\/wp\/v2\/comments?post=164"}],"version-history":[{"count":3,"href":"https:\/\/aianduskool.ee\/vrakendus\/wp-json\/wp\/v2\/pages\/164\/revisions"}],"predecessor-version":[{"id":168,"href":"https:\/\/aianduskool.ee\/vrakendus\/wp-json\/wp\/v2\/pages\/164\/revisions\/168"}],"up":[{"embeddable":true,"href":"https:\/\/aianduskool.ee\/vrakendus\/wp-json\/wp\/v2\/pages\/11"}],"wp:attachment":[{"href":"https:\/\/aianduskool.ee\/vrakendus\/wp-json\/wp\/v2\/media?parent=164"}],"curies":[{"name":"wp","href":"https:\/\/api.w.org\/{rel}","templated":true}]}}