{"id":2,"date":"2017-09-04T11:08:34","date_gmt":"2017-09-04T08:08:34","guid":{"rendered":"http:\/\/aianduskool.ee\/vrakendus\/?page_id=2"},"modified":"2017-09-09T21:26:00","modified_gmt":"2017-09-09T18:26:00","slug":"demoleht","status":"publish","type":"page","link":"https:\/\/aianduskool.ee\/vrakendus\/","title":{"rendered":""},"content":{"rendered":"<p>Sellel veebilehel asuvad R\u00e4pina Aianduskooli kursuse &#8220;Veebirakendused ja programmid loodushariduses. Kursusel \u00f5pivad keskkonnakaitse eriala \u00f5pilased.<\/p>\n<p>&nbsp;<\/p>\n","protected":false},"excerpt":{"rendered":"<p>Sellel veebilehel asuvad R\u00e4pina Aianduskooli kursuse &#8220;Veebirakendused ja programmid loodushariduses. Kursusel \u00f5pivad keskkonnakaitse eriala \u00f5pilased. &nbsp;<\/p>\n","protected":false},"author":1,"featured_media":0,"parent":0,"menu_order":0,"comment_status":"closed","ping_status":"open","template":"","meta":{"footnotes":""},"class_list":["post-2","page","type-page","status-publish","hentry"],"_links":{"self":[{"href":"https:\/\/aianduskool.ee\/vrakendus\/wp-json\/wp\/v2\/pages\/2","targetHints":{"allow":["GET"]}}],"collection":[{"href":"https:\/\/aianduskool.ee\/vrakendus\/wp-json\/wp\/v2\/pages"}],"about":[{"href":"https:\/\/aianduskool.ee\/vrakendus\/wp-json\/wp\/v2\/types\/page"}],"author":[{"embeddable":true,"href":"https:\/\/aianduskool.ee\/vrakendus\/wp-json\/wp\/v2\/users\/1"}],"replies":[{"embeddable":true,"href":"https:\/\/aianduskool.ee\/vrakendus\/wp-json\/wp\/v2\/comments?post=2"}],"version-history":[{"count":2,"href":"https:\/\/aianduskool.ee\/vrakendus\/wp-json\/wp\/v2\/pages\/2\/revisions"}],"predecessor-version":[{"id":21,"href":"https:\/\/aianduskool.ee\/vrakendus\/wp-json\/wp\/v2\/pages\/2\/revisions\/21"}],"wp:attachment":[{"href":"https:\/\/aianduskool.ee\/vrakendus\/wp-json\/wp\/v2\/media?parent=2"}],"curies":[{"name":"wp","href":"https:\/\/api.w.org\/{rel}","templated":true}]}}