{"id":254,"date":"2018-03-04T10:20:18","date_gmt":"2018-03-04T08:20:18","guid":{"rendered":"http:\/\/aianduskool.ee\/vrakendus\/?page_id=254"},"modified":"2019-04-19T12:02:51","modified_gmt":"2019-04-19T09:02:51","slug":"meeskondade-moodustamise-vahendid","status":"publish","type":"page","link":"https:\/\/aianduskool.ee\/vrakendus\/oppematerjalid\/meeskondade-moodustamise-vahendid\/","title":{"rendered":"Meeskondade moodustamise vahendid"},"content":{"rendered":"<p>T\u00e4nap\u00e4eval kasutatakse\u00a0aktiiv\u00f5ppes palju paarist\u00f6\u00f6d, grupit\u00f6\u00f6d, r\u00fchmat\u00f6\u00f6d. Paaride, r\u00fchmade, gruppide moodustamiseks on mitmeid v\u00f5imalusi:<\/p>\n<ul>\n<li>\u00f5pilased moodustavad grupid ise, vabatahtlikuse alusel,<\/li>\n<li>loosimine (nt sama numbri, pildi, s\u00fcmboli, v\u00e4rvi t\u00f5mmanud \u00f5pilased on samas r\u00fchmas),<\/li>\n<li>paariks loe, kolmeks loe jne (sama numbri saanud \u00f5pilased on samas r\u00fchmas),<\/li>\n<li>veebivahendid, programmid ja rakendused (r\u00fchmade moodustamine v\u00f5i r\u00fchmaliikmete valik toimub automaatselt, s\u00fcsteemi sisestatud andmete p\u00f5hjal).<\/li>\n<\/ul>\n<p>Lihtsaim viis r\u00fchmi moodustada IKT- vahendite abil on kasutada veebip\u00f5hiseid keskkondi. Sellisel juhul ei ole tarvis spetsiaalset programmi v\u00f5i rakendust\u00a0oma seadmesse (arvutisse, nutiseadmesse) installeerida. Veebist v\u00f5ib leida suurel hulgal gruppide generaatoreid.<\/p>\n<p>\u00dcks v\u00e4ike valik veebip\u00f5hised keskkondi:<\/p>\n<ul>\n<li><a href=\"https:\/\/www.randomlists.com\/team-generator\" target=\"_blank\" rel=\"noopener noreferrer\">RandomLists Random Team Generator (gruppide mooduatsmine)<\/a><\/li>\n<li><a href=\"https:\/\/flipquiz.me\/grouper\" target=\"_blank\" rel=\"noopener noreferrer\">FlipQuiz Random Group Maker (gruppide moodustamine)<\/a><\/li>\n<li><a href=\"http:\/\/www.aschool.us\/random\/random-group.php\" target=\"_blank\" rel=\"noopener noreferrer\">ASchool.us Random Group Creator (gruppide moodustamine, nimede valimine)<\/a><\/li>\n<li><a href=\"https:\/\/www.classtools.net\/random-name-picker\/index.php\" target=\"_blank\" rel=\"noopener noreferrer\">ClassTools Random Name Picker (loosiratas)<\/a><\/li>\n<\/ul>\n<p><strong><a href=\"https:\/\/www.randomlists.com\/team-generator\" target=\"_blank\" rel=\"noopener noreferrer\">RandomLists Random Team Generator<\/a><\/strong><\/p>\n<p><img loading=\"lazy\" decoding=\"async\" class=\"alignnone wp-image-255 size-full\" src=\"http:\/\/aianduskool.ee\/vrakendus\/wp-content\/uploads\/2018\/03\/Random_lists.png\" alt=\"\" width=\"947\" height=\"716\" srcset=\"https:\/\/aianduskool.ee\/vrakendus\/wp-content\/uploads\/2018\/03\/Random_lists.png 947w, https:\/\/aianduskool.ee\/vrakendus\/wp-content\/uploads\/2018\/03\/Random_lists-300x227.png 300w, https:\/\/aianduskool.ee\/vrakendus\/wp-content\/uploads\/2018\/03\/Random_lists-768x581.png 768w, https:\/\/aianduskool.ee\/vrakendus\/wp-content\/uploads\/2018\/03\/Random_lists-529x400.png 529w\" sizes=\"auto, (max-width: 947px) 100vw, 947px\" \/><\/p>\n<p><a href=\"https:\/\/flipquiz.me\/grouper\" target=\"_blank\" rel=\"noopener noreferrer\"><strong>FlipQuiz Random Group Maker<\/strong><\/a><br \/>\n<strong>Konto loomine pole vajalik!<\/strong><\/p>\n<p><img loading=\"lazy\" decoding=\"async\" class=\"alignnone wp-image-256 size-large\" src=\"http:\/\/aianduskool.ee\/vrakendus\/wp-content\/uploads\/2018\/03\/Flipquiz-1024x574.png\" alt=\"\" width=\"870\" height=\"488\" srcset=\"https:\/\/aianduskool.ee\/vrakendus\/wp-content\/uploads\/2018\/03\/Flipquiz-1024x574.png 1024w, https:\/\/aianduskool.ee\/vrakendus\/wp-content\/uploads\/2018\/03\/Flipquiz-300x168.png 300w, https:\/\/aianduskool.ee\/vrakendus\/wp-content\/uploads\/2018\/03\/Flipquiz-768x431.png 768w, https:\/\/aianduskool.ee\/vrakendus\/wp-content\/uploads\/2018\/03\/Flipquiz-714x400.png 714w, https:\/\/aianduskool.ee\/vrakendus\/wp-content\/uploads\/2018\/03\/Flipquiz.png 1279w\" sizes=\"auto, (max-width: 870px) 100vw, 870px\" \/><\/p>\n<p><strong><a href=\"http:\/\/www.aschool.us\/random\/random-group.php\" target=\"_blank\" rel=\"noopener noreferrer\">ASchool.us Random Group Creator\u00a0<\/a><\/strong><\/p>\n<p><img loading=\"lazy\" decoding=\"async\" class=\"alignnone wp-image-261 size-large\" src=\"http:\/\/aianduskool.ee\/vrakendus\/wp-content\/uploads\/2018\/03\/ASchool-1024x480.png\" alt=\"\" width=\"870\" height=\"408\" srcset=\"https:\/\/aianduskool.ee\/vrakendus\/wp-content\/uploads\/2018\/03\/ASchool-1024x480.png 1024w, https:\/\/aianduskool.ee\/vrakendus\/wp-content\/uploads\/2018\/03\/ASchool-300x141.png 300w, https:\/\/aianduskool.ee\/vrakendus\/wp-content\/uploads\/2018\/03\/ASchool-768x360.png 768w, https:\/\/aianduskool.ee\/vrakendus\/wp-content\/uploads\/2018\/03\/ASchool-720x338.png 720w, https:\/\/aianduskool.ee\/vrakendus\/wp-content\/uploads\/2018\/03\/ASchool.png 1173w\" sizes=\"auto, (max-width: 870px) 100vw, 870px\" \/><\/p>\n<p><strong><a href=\"https:\/\/www.classtools.net\/random-name-picker\/index.php\" target=\"_blank\" rel=\"noopener noreferrer\">ClassTools Random Name Picker<\/a>\u00a0<\/strong><\/p>\n<p><img loading=\"lazy\" decoding=\"async\" class=\"alignnone wp-image-260 size-large\" src=\"http:\/\/aianduskool.ee\/vrakendus\/wp-content\/uploads\/2018\/03\/ratas_1-1024x595.png\" alt=\"\" width=\"870\" height=\"506\" srcset=\"https:\/\/aianduskool.ee\/vrakendus\/wp-content\/uploads\/2018\/03\/ratas_1-1024x595.png 1024w, https:\/\/aianduskool.ee\/vrakendus\/wp-content\/uploads\/2018\/03\/ratas_1-300x174.png 300w, https:\/\/aianduskool.ee\/vrakendus\/wp-content\/uploads\/2018\/03\/ratas_1-768x446.png 768w, https:\/\/aianduskool.ee\/vrakendus\/wp-content\/uploads\/2018\/03\/ratas_1-688x400.png 688w, https:\/\/aianduskool.ee\/vrakendus\/wp-content\/uploads\/2018\/03\/ratas_1.png 1072w\" sizes=\"auto, (max-width: 870px) 100vw, 870px\" \/><\/p>\n<p><img loading=\"lazy\" decoding=\"async\" class=\"alignnone wp-image-259 size-full\" src=\"http:\/\/aianduskool.ee\/vrakendus\/wp-content\/uploads\/2018\/03\/Ratas_2.png\" alt=\"\" width=\"493\" height=\"591\" srcset=\"https:\/\/aianduskool.ee\/vrakendus\/wp-content\/uploads\/2018\/03\/Ratas_2.png 493w, https:\/\/aianduskool.ee\/vrakendus\/wp-content\/uploads\/2018\/03\/Ratas_2-250x300.png 250w, https:\/\/aianduskool.ee\/vrakendus\/wp-content\/uploads\/2018\/03\/Ratas_2-334x400.png 334w\" sizes=\"auto, (max-width: 493px) 100vw, 493px\" \/><\/p>\n<p><img loading=\"lazy\" decoding=\"async\" class=\"alignnone wp-image-258 size-large\" src=\"http:\/\/aianduskool.ee\/vrakendus\/wp-content\/uploads\/2018\/03\/ratas_3-1024x576.png\" alt=\"\" width=\"870\" height=\"489\" srcset=\"https:\/\/aianduskool.ee\/vrakendus\/wp-content\/uploads\/2018\/03\/ratas_3-1024x576.png 1024w, https:\/\/aianduskool.ee\/vrakendus\/wp-content\/uploads\/2018\/03\/ratas_3-300x169.png 300w, https:\/\/aianduskool.ee\/vrakendus\/wp-content\/uploads\/2018\/03\/ratas_3-768x432.png 768w, https:\/\/aianduskool.ee\/vrakendus\/wp-content\/uploads\/2018\/03\/ratas_3-711x400.png 711w, https:\/\/aianduskool.ee\/vrakendus\/wp-content\/uploads\/2018\/03\/ratas_3.png 1053w\" sizes=\"auto, (max-width: 870px) 100vw, 870px\" \/><\/p>\n","protected":false},"excerpt":{"rendered":"<p>T\u00e4nap\u00e4eval kasutatakse\u00a0aktiiv\u00f5ppes palju paarist\u00f6\u00f6d, grupit\u00f6\u00f6d, r\u00fchmat\u00f6\u00f6d. Paaride, r\u00fchmade, gruppide moodustamiseks on mitmeid v\u00f5imalusi: \u00f5pilased moodustavad grupid ise, vabatahtlikuse alusel, loosimine (nt sama numbri, pildi, s\u00fcmboli, v\u00e4rvi t\u00f5mmanud \u00f5pilased on samas r\u00fchmas), paariks loe, kolmeks loe jne (sama numbri saanud \u00f5pilased on samas r\u00fchmas), veebivahendid, programmid ja rakendused (r\u00fchmade moodustamine v\u00f5i r\u00fchmaliikmete valik toimub automaatselt, s\u00fcsteemi [&hellip;]<\/p>\n","protected":false},"author":2,"featured_media":0,"parent":11,"menu_order":0,"comment_status":"closed","ping_status":"closed","template":"","meta":{"footnotes":""},"class_list":["post-254","page","type-page","status-publish","hentry"],"_links":{"self":[{"href":"https:\/\/aianduskool.ee\/vrakendus\/wp-json\/wp\/v2\/pages\/254","targetHints":{"allow":["GET"]}}],"collection":[{"href":"https:\/\/aianduskool.ee\/vrakendus\/wp-json\/wp\/v2\/pages"}],"about":[{"href":"https:\/\/aianduskool.ee\/vrakendus\/wp-json\/wp\/v2\/types\/page"}],"author":[{"embeddable":true,"href":"https:\/\/aianduskool.ee\/vrakendus\/wp-json\/wp\/v2\/users\/2"}],"replies":[{"embeddable":true,"href":"https:\/\/aianduskool.ee\/vrakendus\/wp-json\/wp\/v2\/comments?post=254"}],"version-history":[{"count":5,"href":"https:\/\/aianduskool.ee\/vrakendus\/wp-json\/wp\/v2\/pages\/254\/revisions"}],"predecessor-version":[{"id":612,"href":"https:\/\/aianduskool.ee\/vrakendus\/wp-json\/wp\/v2\/pages\/254\/revisions\/612"}],"up":[{"embeddable":true,"href":"https:\/\/aianduskool.ee\/vrakendus\/wp-json\/wp\/v2\/pages\/11"}],"wp:attachment":[{"href":"https:\/\/aianduskool.ee\/vrakendus\/wp-json\/wp\/v2\/media?parent=254"}],"curies":[{"name":"wp","href":"https:\/\/api.w.org\/{rel}","templated":true}]}}