{"id":431,"date":"2018-09-26T19:00:38","date_gmt":"2018-09-26T16:00:38","guid":{"rendered":"http:\/\/aianduskool.ee\/vrakendus\/?page_id=431"},"modified":"2018-09-26T19:00:38","modified_gmt":"2018-09-26T16:00:38","slug":"slaidiesitluse-loomise-vahendid","status":"publish","type":"page","link":"https:\/\/aianduskool.ee\/vrakendus\/oppematerjalid\/slaidiesitluse-loomise-vahendid\/","title":{"rendered":"Slaidiesitluse loomise vahendid"},"content":{"rendered":"<p>Slaidiesitlusi kasutatakse peamiselt ettekande tegemisel. Need ei sisalda pikki tekste vaid pigem illustreerivad ettekandja juttu, sisaldades lisaks jooniseid, pilte, graafikuid jms. Tekst esitatakse slaidiesitlustes l\u00fchikeste m\u00f5tteavaldustega.<\/p>\n<p>Slaidiesitluse loomisel teame\u00a0kindlasti MS PowerPoint&#8217;i ja selle alternatiive, mida sisaldavad erinevad kontoritarkvarade paketid (nt OpenOffice, LibreOffice, iWork). T\u00e4na ei pea esitluse loomiseks oma arvutisse instaleerima m\u00f5nda konkreetset tarkvarapaketti. Nii Google Drive kui ka MS Office 365 pilves\u00fcsteemid sisaldavad esiltluse loomise vahendit. MS Office365 pilve verisoonis saame esitluse loomiseks kasutada meile juba tuttavat PowerPoint&#8217;i, Google Drive&#8217;is saame aga kasutada rakendust Google Slides. M\u00f5lemad pilves\u00fcsteemide esitluse loomise vahendid t\u00f6\u00f6tavad sarnaselt arvutisse installeeritud tarkvara. Erinevus seisneb vaid selles, et pilvep\u00f5histel s\u00fcsteemidel t\u00f6\u00f6tades peab olema interneti\u00fchendus. Samas ei pea faili kas s\u00fclearvutiga, m\u00e4lupulgaga, v\u00e4lise k\u00f5vakettaga vms kaasas kandma. Pilves\u00fcsteemis paikneva faili saab avada mistahes seadmest, vaid interneti\u00fchendus peab olema.<\/p>\n<p>Lisaks tuttavatele kontoritarkvara esitlusprogrammidele ja pilvep\u00f5histele rakendustele pakutakse veebis tervet hulka muust kontoritarkvarast eraldiseisvaid esitluse loomise keskkondi.<\/p>\n<p>J\u00e4rgmiselt veebitahvlilt leiad terve hulga erinevaid veebip\u00f5hiseid esitluse loomise vahendeid, kuhu saab olemasoleva Google kontoga sisse logida.<\/p>\n<div class=\"padlet-embed\" style=\"border: 1px solid rgba(0,0,0,0.1); border-radius: 2px; box-sizing: border-box; overflow: hidden; position: relative; width: 100%; background: #F4F4F4;\">\n<p style=\"padding: 0; margin: 0;\"><iframe style=\"width: 100%; height: 608px; display: block; padding: 0; margin: 0;\" src=\"https:\/\/padlet.com\/embed\/xe5fkhv5ps89\" frameborder=\"0\"><\/iframe><\/p>\n<div style=\"padding: 8px; text-align: right; margin: 0;\"><a style=\"padding: 0; margin: 0; border: none; display: block; line-height: 1; height: 16px;\" href=\"https:\/\/padlet.com?ref=embed\" target=\"_blank\" rel=\"noopener\"><img loading=\"lazy\" decoding=\"async\" style=\"padding: 0; margin: 0; background: none; border: none; display: inline; box-shadow: none;\" src=\"https:\/\/resources.padletcdn.com\/assets\/made_with_padlet.png\" alt=\"Made with Padlet\" width=\"86\" height=\"16\" \/><\/a><\/div>\n<\/div>\n<p>&nbsp;<\/p>\n<p>Suurimaks slaidiesitluste jagamise keskkonnaks on\u00a0<a href=\"http:\/\/www.slideshare.net\/\" target=\"_blank\" rel=\"noopener\">SlideShare<\/a>, kuhu saab eelnevalt arvutis koostatud slaidiesitluse \u00fcles laadida. K\u00fcll aga saab esitlusi jagada ka pilvep\u00f5histes keskkondades (Office 365 One Drvie, Google Drive, Dropbox jt).<\/p>\n<p><strong>Veebip\u00f5histe rakenduste ja pilvep\u00f5histe keskkondade plussid:<\/strong><\/p>\n<ul>\n<li>esitlust ei pea enda vahendiga (s\u00fclearvuti, m\u00e4lupulk vm) kaasa v\u00f5tma, esitlust jagatakse veebilingina;<\/li>\n<li>arvuti k\u00f5vaketta vms probleemide korral failid ei h\u00e4vine;<\/li>\n<li>esitlus salvestatakse automaatselt (\u00fcldjuhul);<\/li>\n<li>\u2026<\/li>\n<\/ul>\n<p>&nbsp;<\/p>\n<p><strong>Veebip\u00f5histe rakenduste ja pilvep\u00f5histe keskkondade miinused:<\/strong><\/p>\n<ul>\n<li>reeglina tuleb luua vastavasse keskkonda kasutajakonto;<\/li>\n<li>veebis esitlust koostades s\u00f5ltub koostamise kiirus interneti kiirusest, mist\u00f5ttu esitluse koostamine v\u00f5ib v\u00f5tta kauem aega;<\/li>\n<li>tasuta kontod on tihti v\u00e4iksemate v\u00f5imalustega;<\/li>\n<li>esitlemisel on interneti\u00fchendus h\u00e4davajalik;<\/li>\n<li>\u2026<\/li>\n<\/ul>\n<p>&nbsp;<\/p>\n<p><strong>Veel \u00fcks valik juhendeid:<\/strong><\/p>\n<ul>\n<li><a href=\"https:\/\/www.youtube.com\/watch?v=d58hKTnMn-A\" target=\"_blank\" rel=\"noopener\">esitluse koostamine PowerPointis<\/a>\u00a0(sh n\u00f5uded esitlusele, kirjat\u00fc\u00fcp, suurus jms, mis kehtivad igasuguste slaidiesitluste loomisel);<\/li>\n<li><a href=\"https:\/\/www.youtube.com\/watch?v=nVFP3bgy4tA\" target=\"_blank\" rel=\"noopener\">10 soovitust PowerPoint slaidide koostamiseks<\/a>;<\/li>\n<li>esitluse koostamine Prezis (<a href=\"https:\/\/www.youtube.com\/watch?v=ks16zKcRRnY\" target=\"_blank\" rel=\"noopener\">videojuhend<\/a>,\u00a0<a href=\"https:\/\/www.youtube.com\/watch?v=-hVaJuTYKss\" target=\"_blank\" rel=\"noopener\">pikem ingliskeelne videojuhend<\/a>);<\/li>\n<li><a href=\"https:\/\/www.youtube.com\/watch?v=xuxekx_vJ5I\" target=\"_blank\" rel=\"noopener\">esitluse koostamine veebikeskkonnas emaze<\/a>;<\/li>\n<li><a href=\"https:\/\/sites.google.com\/site\/office365juhend\/home\/onedrive-dokumendihaldus\" target=\"_blank\" rel=\"noopener\">MS Office 365 One Drive dokumendihaldus<\/a>\u00a0(vt men\u00fc\u00fcst t\u00e4psemalt).<\/li>\n<\/ul>\n<p>&nbsp;<\/p>\n<p><strong>N\u00f5uanded slaidiesitluse loomiseks ehk mida j\u00e4lgida slaidiesitluse loomisel<\/strong><\/p>\n<ol>\n<li>Esitlus t\u00e4iendab r\u00e4\u00e4gitavat juttu, mitte vastupidi.<\/li>\n<li>\u00dchel slaidil olgu maksimaalselt 6 rida tekti.<\/li>\n<li>Tekst olgu pigem edasi antud m\u00e4rks\u00f5nadega, mitte pikkade lausetega.<\/li>\n<li>T\u00e4pploetelust v\u00f5ib loobuda.<\/li>\n<li>Slaididel olev illustreeriv materjal peab toetama teksti.<\/li>\n<li>\u00dches esitluses olgu kasutatud maksimaalselt 2 erinevat kirjasuurust ja mitte \u00fcle kolme kirjav\u00e4rvi.<\/li>\n<li>Kirja suurus olgu 28-32 pt, kindasti mitte v\u00e4iksem kui 26pt, pealkirjadel 40 v\u00f5i 44 pt.<\/li>\n<li>Kirja \u0161rift olgu\u00a0<em>Sans-serif.<\/em><\/li>\n<li>V\u00e4ldi kirja varjutamist ja suurt\u00e4hti.<\/li>\n<li>Efektidega ei tasu liiale minna, pigem v\u00e4ldi.<\/li>\n<li>Tumedal taustal olgu hele tekst, heledal taustal tume tekst. Parim taust on rahulik ja \u00fchev\u00e4rviline.<\/li>\n<li>Tiitelslaidi v\u00f5ib kujundada \u00fclej\u00e4\u00e4nutest erinevalt.<\/li>\n<li>Kontrolli \u00f5igekirja!<\/li>\n<li>Algallikatele on tarvis viidata.<\/li>\n<li>L\u00f5puslaid sisaldagu teksti &#8220;T\u00e4nan t\u00e4helepanu eest!&#8221; v\u00f5i muud sarnast.<\/li>\n<\/ol>\n","protected":false},"excerpt":{"rendered":"<p>Slaidiesitlusi kasutatakse peamiselt ettekande tegemisel. Need ei sisalda pikki tekste vaid pigem illustreerivad ettekandja juttu, sisaldades lisaks jooniseid, pilte, graafikuid jms. Tekst esitatakse slaidiesitlustes l\u00fchikeste m\u00f5tteavaldustega. Slaidiesitluse loomisel teame\u00a0kindlasti MS PowerPoint&#8217;i ja selle alternatiive, mida sisaldavad erinevad kontoritarkvarade paketid (nt OpenOffice, LibreOffice, iWork). T\u00e4na ei pea esitluse loomiseks oma arvutisse instaleerima m\u00f5nda konkreetset tarkvarapaketti. Nii [&hellip;]<\/p>\n","protected":false},"author":2,"featured_media":0,"parent":11,"menu_order":0,"comment_status":"closed","ping_status":"closed","template":"","meta":{"footnotes":""},"class_list":["post-431","page","type-page","status-publish","hentry"],"_links":{"self":[{"href":"https:\/\/aianduskool.ee\/vrakendus\/wp-json\/wp\/v2\/pages\/431","targetHints":{"allow":["GET"]}}],"collection":[{"href":"https:\/\/aianduskool.ee\/vrakendus\/wp-json\/wp\/v2\/pages"}],"about":[{"href":"https:\/\/aianduskool.ee\/vrakendus\/wp-json\/wp\/v2\/types\/page"}],"author":[{"embeddable":true,"href":"https:\/\/aianduskool.ee\/vrakendus\/wp-json\/wp\/v2\/users\/2"}],"replies":[{"embeddable":true,"href":"https:\/\/aianduskool.ee\/vrakendus\/wp-json\/wp\/v2\/comments?post=431"}],"version-history":[{"count":4,"href":"https:\/\/aianduskool.ee\/vrakendus\/wp-json\/wp\/v2\/pages\/431\/revisions"}],"predecessor-version":[{"id":435,"href":"https:\/\/aianduskool.ee\/vrakendus\/wp-json\/wp\/v2\/pages\/431\/revisions\/435"}],"up":[{"embeddable":true,"href":"https:\/\/aianduskool.ee\/vrakendus\/wp-json\/wp\/v2\/pages\/11"}],"wp:attachment":[{"href":"https:\/\/aianduskool.ee\/vrakendus\/wp-json\/wp\/v2\/media?parent=431"}],"curies":[{"name":"wp","href":"https:\/\/api.w.org\/{rel}","templated":true}]}}