{"id":583,"date":"2019-03-16T10:34:44","date_gmt":"2019-03-16T08:34:44","guid":{"rendered":"http:\/\/aianduskool.ee\/vrakendus\/?page_id=583"},"modified":"2019-03-16T10:46:44","modified_gmt":"2019-03-16T08:46:44","slug":"ajatelg","status":"publish","type":"page","link":"https:\/\/aianduskool.ee\/vrakendus\/oppematerjalid\/ajatelg\/","title":{"rendered":"Ajatelg"},"content":{"rendered":"\n<p>Ajatelg, teisiti \u00f6elduna ajajoon on vahend, mille abil saab selgitada ajaloolisi s\u00fcndmusi, kellegi elulugu. Ajatelge v\u00f5ib kasutada ka n\u00e4iteks s\u00fcndmuste ajalise j\u00e4rgnevuse n\u00e4itlikustamiseks, \u00f5piraja planeerimiseks, portfoolio osana, koost\u00f6\u00f6, projektide, \u00fcrituste planeerimisel jne. <br>Ajatelje loomiseks v\u00f5ib kasutada tavap\u00e4rast kontoritarkvara v\u00f5i spetsiaalseid veebirakendusi. J\u00e4rgneval veebitahvlil on esitatud \u00fcks valik ajatelje loomise vahenditest. <\/p>\n\n\n\n<div class=\"padlet-embed\" style=\"border:1px solid rgba(0,0,0,0.1);border-radius:2px;box-sizing:border-box;overflow:hidden;position:relative;width:100%;background:#F4F4F4\"><figure><iframe src=\"https:\/\/padlet.com\/embed\/ivq7tbzu0y1s\" frameborder=\"0\" allow=\"camera;microphone;geolocation\" style=\"width:100%;height:608px;display:block;padding:0;margin:0\"><\/iframe><\/figure><p style=\"padding:0;margin:0\"><\/p><div style=\"padding:8px;text-align:right;margin:0;\"><figure><a href=\"https:\/\/padlet.com?ref=embed\" style=\"padding:0;margin:0;border:none;display:block;line-height:1;height:16px\" target=\"_blank\" rel=\"noopener noreferrer\"><img loading=\"lazy\" decoding=\"async\" src=\"https:\/\/resources.padletcdn.com\/assets\/made_with_padlet.png\" width=\"86\" height=\"16\" style=\"padding:0;margin:0;background:none;border:none;display:inline;box-shadow:none\" alt=\"Made with Padlet\"><\/a><\/figure><\/div><\/div>\n\n\n\n<p><\/p>\n","protected":false},"excerpt":{"rendered":"<p>Ajatelg, teisiti \u00f6elduna ajajoon on vahend, mille abil saab selgitada ajaloolisi s\u00fcndmusi, kellegi elulugu. Ajatelge v\u00f5ib kasutada ka n\u00e4iteks s\u00fcndmuste ajalise j\u00e4rgnevuse n\u00e4itlikustamiseks, \u00f5piraja planeerimiseks, portfoolio osana, koost\u00f6\u00f6, projektide, \u00fcrituste planeerimisel jne. Ajatelje loomiseks v\u00f5ib kasutada tavap\u00e4rast kontoritarkvara v\u00f5i spetsiaalseid veebirakendusi. J\u00e4rgneval veebitahvlil on esitatud \u00fcks valik ajatelje loomise vahenditest.<\/p>\n","protected":false},"author":2,"featured_media":0,"parent":11,"menu_order":0,"comment_status":"closed","ping_status":"closed","template":"","meta":{"footnotes":""},"class_list":["post-583","page","type-page","status-publish","hentry"],"_links":{"self":[{"href":"https:\/\/aianduskool.ee\/vrakendus\/wp-json\/wp\/v2\/pages\/583","targetHints":{"allow":["GET"]}}],"collection":[{"href":"https:\/\/aianduskool.ee\/vrakendus\/wp-json\/wp\/v2\/pages"}],"about":[{"href":"https:\/\/aianduskool.ee\/vrakendus\/wp-json\/wp\/v2\/types\/page"}],"author":[{"embeddable":true,"href":"https:\/\/aianduskool.ee\/vrakendus\/wp-json\/wp\/v2\/users\/2"}],"replies":[{"embeddable":true,"href":"https:\/\/aianduskool.ee\/vrakendus\/wp-json\/wp\/v2\/comments?post=583"}],"version-history":[{"count":3,"href":"https:\/\/aianduskool.ee\/vrakendus\/wp-json\/wp\/v2\/pages\/583\/revisions"}],"predecessor-version":[{"id":586,"href":"https:\/\/aianduskool.ee\/vrakendus\/wp-json\/wp\/v2\/pages\/583\/revisions\/586"}],"up":[{"embeddable":true,"href":"https:\/\/aianduskool.ee\/vrakendus\/wp-json\/wp\/v2\/pages\/11"}],"wp:attachment":[{"href":"https:\/\/aianduskool.ee\/vrakendus\/wp-json\/wp\/v2\/media?parent=583"}],"curies":[{"name":"wp","href":"https:\/\/api.w.org\/{rel}","templated":true}]}}