{"id":9,"date":"2017-09-09T21:21:03","date_gmt":"2017-09-09T18:21:03","guid":{"rendered":"http:\/\/aianduskool.ee\/vrakendus\/?page_id=9"},"modified":"2019-09-12T10:15:27","modified_gmt":"2019-09-12T07:15:27","slug":"uldinfo","status":"publish","type":"page","link":"https:\/\/aianduskool.ee\/vrakendus\/uldinfo\/","title":{"rendered":"Kursuse info"},"content":{"rendered":"<h3>R\u00e4pina Aianduskooli kursus Veebirakendused ja programmid loodushariduses<\/h3>\n<p><strong>\u00d5ppekava:<\/strong> <a href=\"http:\/\/www.aianduskool.ee\/wp-content\/uploads\/2011\/12\/KESKKONNAKAITSE-5.-tase.pdf\" target=\"_blank\" rel=\"noopener noreferrer\">Keskkonnakaitse<\/a><br \/>\n<strong>Moodul:<\/strong> Loodusharidus, 13 EKAP<\/p>\n<h4><strong>Mooduli eesm\u00e4rk<\/strong><\/h4>\n<p>\u00d5petusega taotletakse, et \u00f5pilane tuleb toime loodushariduslike \u00f5ppeprogrammide ettevalmistamise ja korraldamisega, l\u00e4htudes haridusmetoodikast, teenindab kliente l\u00e4htuvalt teeninduse heast tavast.<\/p>\n<h4><strong>Mooduli \u00f5piv\u00e4ljundid<\/strong><\/h4>\n<p>\u00d5pilane<\/p>\n<p>1.<strong> kasutab iseseisvalt erinevaid meetodeid loodushariduslike \u00f5ppeprogrammide l\u00e4biviimiseks<\/strong><br \/>\n2. valib tegevuskoha, \u00f5pib tundma valitud koha taime- ja loomaliike ning pinnavorme<br \/>\n3. ennetab loodusharidusliku programmiga seotud riske ning tuleb iseseisvalt toime ohuolukordades<br \/>\n4.<strong> planeerib<\/strong> ja <strong>viib l\u00e4bi<\/strong> <strong>loodusharidusliku \u00f5ppeprogrammi<\/strong>, kasutades oma kogemusi ja teadmisi loodusest<br \/>\n5. viib l\u00e4bi loodusharidusliku \u00f5ppeprogrammi kliendikesksest teenindusest l\u00e4htudes<br \/>\n6.<strong> korraldab tagasisidek\u00fcsitluse<\/strong> ja anal\u00fc\u00fcsib loodusharidusliku \u00f5ppeprogrammi tulemuslikkust<\/p>\n<h4><strong>Kursuse maht p\u00e4eva\u00f5ppele (KK17-52-K)<\/strong><\/h4>\n<table style=\"width: 621px;\">\n<tbody>\n<tr>\n<td style=\"width: 158px;\"><\/td>\n<td style=\"width: 150px;\"><strong>2. kursus s\u00fcgis<\/strong><\/td>\n<td style=\"width: 147px;\"><strong>2. kursus kevad<\/strong><\/td>\n<td style=\"width: 166px;\"><strong>3. kursus<\/strong><\/td>\n<\/tr>\n<tr>\n<td style=\"width: 158px;\">maht (EKAP\/ tund)<\/td>\n<td style=\"width: 150px;\">1 EKAP\/ 26 tundi<\/td>\n<td style=\"width: 147px;\">1,5 EKAP\/39 tundi<\/td>\n<td style=\"width: 166px;\">0,5 EKAP\/ 13 tundi<\/td>\n<\/tr>\n<tr>\n<td style=\"width: 158px;\">auditoorne t\u00f6\u00f6<\/td>\n<td style=\"width: 150px;\">8 tundi<\/td>\n<td style=\"width: 147px;\">10 tundi<\/td>\n<td style=\"width: 166px;\">6 tundi<\/td>\n<\/tr>\n<tr>\n<td style=\"width: 158px;\">e-\u00f5pe<\/td>\n<td style=\"width: 150px;\">14 tundi<\/td>\n<td style=\"width: 147px;\">23 tundi<\/td>\n<td style=\"width: 166px;\">5 tundi<\/td>\n<\/tr>\n<tr>\n<td style=\"width: 158px;\">iseseisev t\u00f6\u00f6<\/td>\n<td style=\"width: 150px;\">4 tundi<\/td>\n<td style=\"width: 147px;\">6 tundi<\/td>\n<td style=\"width: 166px;\">2 tundi<\/td>\n<\/tr>\n<\/tbody>\n<\/table>\n<h4><strong>Kursuse maht p\u00e4eva\u00f5ppele (KK19-52-K)<\/strong><\/h4>\n<table style=\"width: 773px; height: 236px;\">\n<tbody>\n<tr style=\"height: 57px;\">\n<td style=\"width: 152px; height: 15px;\"><strong>\u00f5ppeaasta<\/strong><\/td>\n<td style=\"width: 263.2px; height: 15px;\" colspan=\"2\">\n<p style=\"text-align: center;\"><strong>1.kursus<\/strong><\/p>\n<\/td>\n<td style=\"width: 349.6px; text-align: center; height: 15px;\" colspan=\"2\"><strong>2. kursus<\/strong><strong><br \/>\n<\/strong><\/td>\n<\/tr>\n<tr style=\"height: 64px;\">\n<td style=\"width: 152px; height: 64px;\"><strong>semester<\/strong><\/td>\n<td style=\"width: 136px; height: 64px; text-align: center;\"><strong>s\u00fcgis<\/strong><\/td>\n<td style=\"width: 125.6px; height: 64px; text-align: center;\"><strong>kevad<\/strong><\/td>\n<td style=\"width: 144px; height: 64px; text-align: center;\"><strong>s\u00fcgis<\/strong><\/td>\n<td style=\"width: 204px; height: 64px; text-align: center;\"><strong>kevad\u00a0<\/strong><\/td>\n<\/tr>\n<tr style=\"height: 61px;\">\n<td style=\"width: 152px; height: 61px;\">maht (EKAP\/ tund)<\/td>\n<td style=\"width: 136px; height: 61px;\">0,5 EKAP\/ 13 tundi<\/td>\n<td style=\"width: 125.6px; height: 61px;\">0,5 EKAP\/13 tundi<\/td>\n<td style=\"width: 144px; height: 61px;\">0,5 EKAP\/ 13 tundi<\/td>\n<td style=\"width: 204px; height: 61px;\">0,5 EKAP\/13 tundi<\/td>\n<\/tr>\n<tr style=\"height: 32px;\">\n<td style=\"width: 152px; height: 32px;\">auditoorne t\u00f6\u00f6<\/td>\n<td style=\"width: 136px; height: 32px;\">4 tundi<\/td>\n<td style=\"width: 125.6px; height: 32px;\">6 tundi<\/td>\n<td style=\"width: 144px; height: 32px;\">6 tundi<\/td>\n<td style=\"width: 204px; height: 32px;\">2 tundi<\/td>\n<\/tr>\n<tr style=\"height: 32px;\">\n<td style=\"width: 152px; height: 32px;\">e-\u00f5pe<\/td>\n<td style=\"width: 136px; height: 32px;\">7 tundi<\/td>\n<td style=\"width: 125.6px; height: 32px;\">5 tundi<\/td>\n<td style=\"width: 144px; height: 32px;\">5 tundi<\/td>\n<td style=\"width: 204px; height: 32px;\">9 tundi<\/td>\n<\/tr>\n<tr style=\"height: 32px;\">\n<td style=\"width: 152px; height: 32px;\">iseseisev t\u00f6\u00f6<\/td>\n<td style=\"width: 136px; height: 32px;\">2 tundi<\/td>\n<td style=\"width: 125.6px; height: 32px;\">2 tundi<\/td>\n<td style=\"width: 144px; height: 32px;\">2 tundi<\/td>\n<td style=\"width: 204px; height: 32px;\">2 tundi<\/td>\n<\/tr>\n<\/tbody>\n<\/table>\n<h4><\/h4>\n<h4><strong>Kursuse maht sessioon\u00f5ppele (KK17-52-M)<\/strong><\/h4>\n<table style=\"width: 376px;\">\n<tbody>\n<tr>\n<td style=\"width: 160px;\"><\/td>\n<td style=\"width: 145px;\"><strong>2. kursus<\/strong><\/td>\n<td style=\"width: 133px;\"><strong>3. kursus<\/strong><\/td>\n<\/tr>\n<tr>\n<td style=\"width: 160px;\">maht (EKAP\/ tund)<\/td>\n<td style=\"width: 145px;\">2 EKAP\/ 54 tundi<\/td>\n<td style=\"width: 133px;\">1 EKAP\/ 26 tundi<\/td>\n<\/tr>\n<tr>\n<td style=\"width: 160px;\">auditoorne t\u00f6\u00f6<\/td>\n<td style=\"width: 145px;\">3 tundi<\/td>\n<td style=\"width: 133px;\">2 +7 tundi<\/td>\n<\/tr>\n<tr>\n<td style=\"width: 160px;\">e-\u00f5pe<\/td>\n<td style=\"width: 145px;\">20 tundi<\/td>\n<td style=\"width: 133px;\">10 tundi<\/td>\n<\/tr>\n<tr>\n<td style=\"width: 160px;\">iseseisev t\u00f6\u00f6<\/td>\n<td style=\"width: 145px;\">31 tundi<\/td>\n<td style=\"width: 133px;\">7 tundi<\/td>\n<\/tr>\n<\/tbody>\n<\/table>\n<h4><strong>Kursuse maht sessioon\u00f5ppele (KK18-52-M)<\/strong><\/h4>\n<table style=\"width: 376px;\">\n<tbody>\n<tr>\n<td style=\"width: 160px;\"><\/td>\n<td style=\"width: 145px;\"><strong>2. kursus<\/strong><\/td>\n<td style=\"width: 133px;\"><strong>3. kursus<\/strong><\/td>\n<\/tr>\n<tr>\n<td style=\"width: 160px;\">maht (EKAP\/ tund)<\/td>\n<td style=\"width: 145px;\">2 EKAP\/ 54 tundi<\/td>\n<td style=\"width: 133px;\">1 EKAP\/ 26 tundi<\/td>\n<\/tr>\n<tr>\n<td style=\"width: 160px;\">auditoorne t\u00f6\u00f6<\/td>\n<td style=\"width: 145px;\">4 tundi<\/td>\n<td style=\"width: 133px;\">2 +6 tundi<\/td>\n<\/tr>\n<tr>\n<td style=\"width: 160px;\">e-\u00f5pe<\/td>\n<td style=\"width: 145px;\">20 tundi<\/td>\n<td style=\"width: 133px;\">10 tundi<\/td>\n<\/tr>\n<tr>\n<td style=\"width: 160px;\">iseseisev t\u00f6\u00f6<\/td>\n<td style=\"width: 145px;\">30 tundi<\/td>\n<td style=\"width: 133px;\">8 tundi<\/td>\n<\/tr>\n<\/tbody>\n<\/table>\n<h4><strong>Kursuse maht sessioon\u00f5ppele (KK19-52-M)<\/strong><\/h4>\n<table style=\"width: 376px;\">\n<tbody>\n<tr>\n<td style=\"width: 160px;\"><\/td>\n<td style=\"width: 145px;\"><strong>1. kursus<\/strong><\/td>\n<td style=\"width: 133px;\"><strong>2. kursus<\/strong><\/td>\n<\/tr>\n<tr>\n<td style=\"width: 160px;\">maht (EKAP\/ tund)<\/td>\n<td style=\"width: 145px;\">1 EKAP\/ 26 tundi<\/td>\n<td style=\"width: 133px;\">1 EKAP\/ 26 tundi<\/td>\n<\/tr>\n<tr>\n<td style=\"width: 160px;\">auditoorne t\u00f6\u00f6<\/td>\n<td style=\"width: 145px;\">4 tundi<\/td>\n<td style=\"width: 133px;\">2 +6 tundi<\/td>\n<\/tr>\n<tr>\n<td style=\"width: 160px;\">e-\u00f5pe<\/td>\n<td style=\"width: 145px;\">11 tundi<\/td>\n<td style=\"width: 133px;\">11 tundi<\/td>\n<\/tr>\n<tr>\n<td style=\"width: 160px;\">iseseisev t\u00f6\u00f6<\/td>\n<td style=\"width: 145px;\">11 tundi<\/td>\n<td style=\"width: 133px;\">5 tundi<\/td>\n<\/tr>\n<\/tbody>\n<\/table>\n<h4><strong>N\u00f5uded kursuse alustamiseks<\/strong><\/h4>\n<p>L\u00e4bitud moodul Eesti loodus<\/p>\n<h4><strong>L\u00e4bitavad teemad<\/strong><\/h4>\n<p>1. Loodushariduslikud veebikeskkonnad ja nutirakendused<br \/>\n2. Autorikaitse ja CC litsentsid<br \/>\n3. Aktiiv\u00f5pet ja koost\u00f6\u00f6d soodustavad vahendid<br \/>\n* QR-kood<br \/>\n* ideekaart, m\u00f5istekaart<br \/>\n*\u00a0t\u00f6\u00f6leht<br \/>\n* pusle<br \/>\n* veebitahvel<br \/>\n* test, k\u00fcsimustik<br \/>\n* m\u00e4ng<br \/>\n4. Esitlusvahendid<br \/>\n* esitlus<br \/>\n* poster, plakat, flaier<br \/>\n* fotokollaa\u017e<br \/>\n* veebileht, koduleht<br \/>\n5. Tagasisidek\u00fcsitluse loomise vahendid<\/p>\n<h4><strong>Iseseisev t\u00f6\u00f6 (Moodul Loodusharidus)<\/strong><\/h4>\n<p>Loodusharidusliku \u00f5ppeprogrammi planeerimine, koostamine ja veebis tervikliku kodulehena avaldamine.<\/p>\n<h4><strong>Hindamine<\/strong><\/h4>\n<p>Mitteeristav (a\/ma). T\u00e4psemad n\u00f5uded\u00a0leiad \u00fclesannete juurest.<br \/>\nKokkuv\u00f5ttev hinne kujuneb kui \u00f5pilane on sooritanud k\u00f5ik n\u00f5utud \u00fclesanded, sh iseseisev t\u00f6\u00f6 v\u00e4hemalt l\u00e4vendi tasemel.<\/p>\n<p><a href=\"https:\/\/aianduskool-my.sharepoint.com\/:p:\/g\/personal\/katrin_uurman_aianduskool_ee\/EaGLu2mw_gpIo5YgI2hbMRUBrG10hY3D21Y1Tr-mQwTrmA?e=e6bliV\" target=\"_blank\" rel=\"noopener noreferrer\">Esitlus<\/a><\/p>\n","protected":false},"excerpt":{"rendered":"<p>R\u00e4pina Aianduskooli kursus Veebirakendused ja programmid loodushariduses \u00d5ppekava: Keskkonnakaitse Moodul: Loodusharidus, 13 EKAP Mooduli eesm\u00e4rk \u00d5petusega taotletakse, et \u00f5pilane tuleb toime loodushariduslike \u00f5ppeprogrammide ettevalmistamise ja korraldamisega, l\u00e4htudes haridusmetoodikast, teenindab kliente l\u00e4htuvalt teeninduse heast tavast. Mooduli \u00f5piv\u00e4ljundid \u00d5pilane 1. kasutab iseseisvalt erinevaid meetodeid loodushariduslike \u00f5ppeprogrammide l\u00e4biviimiseks 2. valib tegevuskoha, \u00f5pib tundma valitud koha taime- ja loomaliike [&hellip;]<\/p>\n","protected":false},"author":2,"featured_media":0,"parent":0,"menu_order":0,"comment_status":"closed","ping_status":"closed","template":"","meta":{"footnotes":""},"class_list":["post-9","page","type-page","status-publish","hentry"],"_links":{"self":[{"href":"https:\/\/aianduskool.ee\/vrakendus\/wp-json\/wp\/v2\/pages\/9","targetHints":{"allow":["GET"]}}],"collection":[{"href":"https:\/\/aianduskool.ee\/vrakendus\/wp-json\/wp\/v2\/pages"}],"about":[{"href":"https:\/\/aianduskool.ee\/vrakendus\/wp-json\/wp\/v2\/types\/page"}],"author":[{"embeddable":true,"href":"https:\/\/aianduskool.ee\/vrakendus\/wp-json\/wp\/v2\/users\/2"}],"replies":[{"embeddable":true,"href":"https:\/\/aianduskool.ee\/vrakendus\/wp-json\/wp\/v2\/comments?post=9"}],"version-history":[{"count":5,"href":"https:\/\/aianduskool.ee\/vrakendus\/wp-json\/wp\/v2\/pages\/9\/revisions"}],"predecessor-version":[{"id":627,"href":"https:\/\/aianduskool.ee\/vrakendus\/wp-json\/wp\/v2\/pages\/9\/revisions\/627"}],"wp:attachment":[{"href":"https:\/\/aianduskool.ee\/vrakendus\/wp-json\/wp\/v2\/media?parent=9"}],"curies":[{"name":"wp","href":"https:\/\/api.w.org\/{rel}","templated":true}]}}